{"id":1163,"date":"2020-02-12T16:26:09","date_gmt":"2020-02-12T15:26:09","guid":{"rendered":"http:\/\/ecologieprovence.org\/?page_id=1163"},"modified":"2020-02-18T17:36:15","modified_gmt":"2020-02-18T16:36:15","slug":"formations","status":"publish","type":"page","link":"https:\/\/www.ecologieprovence.org\/index.php\/formations\/","title":{"rendered":"Formation"},"content":{"rendered":"<p><span style=\"color: #808080;\">Depuis le d\u00e9but du projet L\u2019Air et Moi Adulte <a href=\"https:\/\/www.atmosud.org\/\">AtmoSud, <\/a>la <a href=\"https:\/\/www.lairetmoi.org\/accueil.html\">F\u00e9d\u00e9ration L&rsquo;Air et Moi<\/a> ainsi que la <a href=\"http:\/\/ecologieprovence.org\/\">Maison de l&rsquo;Ecologie Provence<\/a> coop\u00e8rent pour le d\u00e9veloppement d&rsquo;un outil de <span style=\"color: #008080;\">sensibilisation<\/span> et de <span style=\"color: #008080;\">formation tous publics.<\/span><\/span><\/p>\n<p>Nous proposons ainsi<span style=\"color: #808080;\"> \u00e0 l\u2019occasion de diverses manifestations des stands et des sessions de sensibilisation afin de vous faire d\u00e9couvrir:<\/span><\/p>\n<ul>\n<li><span style=\"color: #808080;\">L&rsquo;importance de l&rsquo;air<\/span><\/li>\n<li><span style=\"color: #808080;\">Les causes de la pollution de l&rsquo;air<\/span><\/li>\n<li><span style=\"color: #808080;\">La sant\u00e9\u00a0: les cons\u00e9quences de la pollution de l&rsquo;air<\/span><\/li>\n<li><span style=\"color: #808080;\">L\u2019environnement : les cons\u00e9quences de la pollution de l&rsquo;air<\/span><\/li>\n<li><span style=\"color: #808080;\">La surveillance de la qualit\u00e9 de l&rsquo;air<\/span><\/li>\n<li><span style=\"color: #808080;\">Les solutions contre la pollution de l&rsquo;air<\/span><\/li>\n<li><span style=\"color: #808080;\">La qualit\u00e9 de l&rsquo;air int\u00e9rieur<\/span><\/li>\n<li><span style=\"color: #808080;\">R\u00e9flexion collective (in\u00e9galit\u00e9s, surconsommation, transition \u00e9nerg\u00e9tique)<\/span><\/li>\n<\/ul>\n<p>&nbsp;<\/p>\n<h4><span style=\"color: #008080;\">Publics concern\u00e9s :<\/span><\/h4>\n<ul>\n<li>Collectivit\u00e9s<\/li>\n<li>Associations<\/li>\n<li>Professionnels<\/li>\n<li>Particuliers<\/li>\n<\/ul>\n<p>&nbsp;<\/p>\n<h4><span style=\"color: #008080;\">Tarifs indicatifs :\u00a0<\/span><\/h4>\n<ul>\n<li>Sur devis: 300\u20ac\/jour<\/li>\n<li>Frais de d\u00e9placements: 0.51\u20ac\/km au-del\u00e0 de 20km<\/li>\n<\/ul>\n","protected":false},"excerpt":{"rendered":"<p>Depuis le d\u00e9but du projet L\u2019Air et Moi Adulte AtmoSud, la F\u00e9d\u00e9ration L&rsquo;Air et Moi ainsi que la Maison de l&rsquo;Ecologie Provence coop\u00e8rent pour le d\u00e9veloppement d&rsquo;un outil de sensibilisation et de formation tous publics. Nous proposons ainsi \u00e0 l\u2019occasion de diverses manifestations des stands et des sessions de sensibilisation afin de vous faire d\u00e9couvrir:&hellip; <br \/> <a class=\"button small blue\" href=\"https:\/\/www.ecologieprovence.org\/index.php\/formations\/\">Lire la suite<\/a><\/p>\n","protected":false},"author":1,"featured_media":0,"parent":0,"menu_order":0,"comment_status":"closed","ping_status":"closed","template":"","meta":[],"yoast_head":"<!-- This site is optimized with the Yoast SEO plugin v19.7.1 - https:\/\/yoast.com\/wordpress\/plugins\/seo\/ -->\n<title>Formation &bull; Maison Ecologie Provence<\/title>\n<meta name=\"robots\" content=\"index, follow, max-snippet:-1, max-image-preview:large, max-video-preview:-1\" \/>\n<link rel=\"canonical\" href=\"https:\/\/www.ecologieprovence.org\/index.php\/formations\/\" \/>\n<meta property=\"og:locale\" content=\"fr_FR\" \/>\n<meta property=\"og:type\" content=\"article\" \/>\n<meta property=\"og:title\" content=\"Formation &bull; Maison Ecologie Provence\" \/>\n<meta property=\"og:description\" content=\"Depuis le d\u00e9but du projet L\u2019Air et Moi Adulte AtmoSud, la F\u00e9d\u00e9ration L&rsquo;Air et Moi ainsi que la Maison de l&rsquo;Ecologie Provence coop\u00e8rent pour le d\u00e9veloppement d&rsquo;un outil de sensibilisation et de formation tous publics. Nous proposons ainsi \u00e0 l\u2019occasion de diverses manifestations des stands et des sessions de sensibilisation afin de vous faire d\u00e9couvrir:&hellip; Lire la suite\" \/>\n<meta property=\"og:url\" content=\"https:\/\/www.ecologieprovence.org\/index.php\/formations\/\" \/>\n<meta property=\"og:site_name\" content=\"Maison Ecologie Provence\" \/>\n<meta property=\"article:publisher\" content=\"https:\/\/www.facebook.com\/maisonecologieprovence\/\" \/>\n<meta property=\"article:modified_time\" content=\"2020-02-18T16:36:15+00:00\" \/>\n<meta name=\"twitter:card\" content=\"summary_large_image\" \/>\n<meta name=\"twitter:label1\" content=\"Dur\u00e9e de lecture estim\u00e9e\" \/>\n\t<meta name=\"twitter:data1\" content=\"1 minute\" \/>\n<script type=\"application\/ld+json\" class=\"yoast-schema-graph\">{\"@context\":\"https:\/\/schema.org\",\"@graph\":[{\"@type\":\"WebPage\",\"@id\":\"https:\/\/www.ecologieprovence.org\/index.php\/formations\/\",\"url\":\"https:\/\/www.ecologieprovence.org\/index.php\/formations\/\",\"name\":\"Formation &bull; Maison Ecologie Provence\",\"isPartOf\":{\"@id\":\"https:\/\/www.ecologieprovence.org\/#website\"},\"datePublished\":\"2020-02-12T15:26:09+00:00\",\"dateModified\":\"2020-02-18T16:36:15+00:00\",\"breadcrumb\":{\"@id\":\"https:\/\/www.ecologieprovence.org\/index.php\/formations\/#breadcrumb\"},\"inLanguage\":\"fr-FR\",\"potentialAction\":[{\"@type\":\"ReadAction\",\"target\":[\"https:\/\/www.ecologieprovence.org\/index.php\/formations\/\"]}]},{\"@type\":\"BreadcrumbList\",\"@id\":\"https:\/\/www.ecologieprovence.org\/index.php\/formations\/#breadcrumb\",\"itemListElement\":[{\"@type\":\"ListItem\",\"position\":1,\"name\":\"Accueil\",\"item\":\"https:\/\/www.ecologieprovence.org\/\"},{\"@type\":\"ListItem\",\"position\":2,\"name\":\"Formation\"}]},{\"@type\":\"WebSite\",\"@id\":\"https:\/\/www.ecologieprovence.org\/#website\",\"url\":\"https:\/\/www.ecologieprovence.org\/\",\"name\":\"Maison Ecologie Provence\",\"description\":\"\",\"publisher\":{\"@id\":\"https:\/\/www.ecologieprovence.org\/#organization\"},\"potentialAction\":[{\"@type\":\"SearchAction\",\"target\":{\"@type\":\"EntryPoint\",\"urlTemplate\":\"https:\/\/www.ecologieprovence.org\/?s={search_term_string}\"},\"query-input\":\"required name=search_term_string\"}],\"inLanguage\":\"fr-FR\"},{\"@type\":\"Organization\",\"@id\":\"https:\/\/www.ecologieprovence.org\/#organization\",\"name\":\"Maison de L'Ecologie de Provence\",\"url\":\"https:\/\/www.ecologieprovence.org\/\",\"sameAs\":[\"https:\/\/www.linkedin.com\/company\/maison-de-l-ecologie-de-provence\",\"https:\/\/www.youtube.com\/channel\/UCLaOSLMkLPs5ge-JOo8-QeA\",\"https:\/\/www.facebook.com\/maisonecologieprovence\/\"],\"logo\":{\"@type\":\"ImageObject\",\"inLanguage\":\"fr-FR\",\"@id\":\"https:\/\/www.ecologieprovence.org\/#\/schema\/logo\/image\/\",\"url\":\"http:\/\/ecologieprovence.org\/wp-content\/uploads\/2019\/05\/v23-72-PPI.png\",\"contentUrl\":\"http:\/\/ecologieprovence.org\/wp-content\/uploads\/2019\/05\/v23-72-PPI.png\",\"width\":1004,\"height\":403,\"caption\":\"Maison de L'Ecologie de Provence\"},\"image\":{\"@id\":\"https:\/\/www.ecologieprovence.org\/#\/schema\/logo\/image\/\"}}]}<\/script>\n<!-- \/ Yoast SEO plugin. -->","yoast_head_json":{"title":"Formation &bull; Maison Ecologie Provence","robots":{"index":"index","follow":"follow","max-snippet":"max-snippet:-1","max-image-preview":"max-image-preview:large","max-video-preview":"max-video-preview:-1"},"canonical":"https:\/\/www.ecologieprovence.org\/index.php\/formations\/","og_locale":"fr_FR","og_type":"article","og_title":"Formation &bull; Maison Ecologie Provence","og_description":"Depuis le d\u00e9but du projet L\u2019Air et Moi Adulte AtmoSud, la F\u00e9d\u00e9ration L&rsquo;Air et Moi ainsi que la Maison de l&rsquo;Ecologie Provence coop\u00e8rent pour le d\u00e9veloppement d&rsquo;un outil de sensibilisation et de formation tous publics. Nous proposons ainsi \u00e0 l\u2019occasion de diverses manifestations des stands et des sessions de sensibilisation afin de vous faire d\u00e9couvrir:&hellip; Lire la suite","og_url":"https:\/\/www.ecologieprovence.org\/index.php\/formations\/","og_site_name":"Maison Ecologie Provence","article_publisher":"https:\/\/www.facebook.com\/maisonecologieprovence\/","article_modified_time":"2020-02-18T16:36:15+00:00","twitter_card":"summary_large_image","twitter_misc":{"Dur\u00e9e de lecture estim\u00e9e":"1 minute"},"schema":{"@context":"https:\/\/schema.org","@graph":[{"@type":"WebPage","@id":"https:\/\/www.ecologieprovence.org\/index.php\/formations\/","url":"https:\/\/www.ecologieprovence.org\/index.php\/formations\/","name":"Formation &bull; Maison Ecologie Provence","isPartOf":{"@id":"https:\/\/www.ecologieprovence.org\/#website"},"datePublished":"2020-02-12T15:26:09+00:00","dateModified":"2020-02-18T16:36:15+00:00","breadcrumb":{"@id":"https:\/\/www.ecologieprovence.org\/index.php\/formations\/#breadcrumb"},"inLanguage":"fr-FR","potentialAction":[{"@type":"ReadAction","target":["https:\/\/www.ecologieprovence.org\/index.php\/formations\/"]}]},{"@type":"BreadcrumbList","@id":"https:\/\/www.ecologieprovence.org\/index.php\/formations\/#breadcrumb","itemListElement":[{"@type":"ListItem","position":1,"name":"Accueil","item":"https:\/\/www.ecologieprovence.org\/"},{"@type":"ListItem","position":2,"name":"Formation"}]},{"@type":"WebSite","@id":"https:\/\/www.ecologieprovence.org\/#website","url":"https:\/\/www.ecologieprovence.org\/","name":"Maison Ecologie Provence","description":"","publisher":{"@id":"https:\/\/www.ecologieprovence.org\/#organization"},"potentialAction":[{"@type":"SearchAction","target":{"@type":"EntryPoint","urlTemplate":"https:\/\/www.ecologieprovence.org\/?s={search_term_string}"},"query-input":"required name=search_term_string"}],"inLanguage":"fr-FR"},{"@type":"Organization","@id":"https:\/\/www.ecologieprovence.org\/#organization","name":"Maison de L'Ecologie de Provence","url":"https:\/\/www.ecologieprovence.org\/","sameAs":["https:\/\/www.linkedin.com\/company\/maison-de-l-ecologie-de-provence","https:\/\/www.youtube.com\/channel\/UCLaOSLMkLPs5ge-JOo8-QeA","https:\/\/www.facebook.com\/maisonecologieprovence\/"],"logo":{"@type":"ImageObject","inLanguage":"fr-FR","@id":"https:\/\/www.ecologieprovence.org\/#\/schema\/logo\/image\/","url":"http:\/\/ecologieprovence.org\/wp-content\/uploads\/2019\/05\/v23-72-PPI.png","contentUrl":"http:\/\/ecologieprovence.org\/wp-content\/uploads\/2019\/05\/v23-72-PPI.png","width":1004,"height":403,"caption":"Maison de L'Ecologie de Provence"},"image":{"@id":"https:\/\/www.ecologieprovence.org\/#\/schema\/logo\/image\/"}}]}},"_links":{"self":[{"href":"https:\/\/www.ecologieprovence.org\/index.php\/wp-json\/wp\/v2\/pages\/1163"}],"collection":[{"href":"https:\/\/www.ecologieprovence.org\/index.php\/wp-json\/wp\/v2\/pages"}],"about":[{"href":"https:\/\/www.ecologieprovence.org\/index.php\/wp-json\/wp\/v2\/types\/page"}],"author":[{"embeddable":true,"href":"https:\/\/www.ecologieprovence.org\/index.php\/wp-json\/wp\/v2\/users\/1"}],"replies":[{"embeddable":true,"href":"https:\/\/www.ecologieprovence.org\/index.php\/wp-json\/wp\/v2\/comments?post=1163"}],"version-history":[{"count":4,"href":"https:\/\/www.ecologieprovence.org\/index.php\/wp-json\/wp\/v2\/pages\/1163\/revisions"}],"predecessor-version":[{"id":1233,"href":"https:\/\/www.ecologieprovence.org\/index.php\/wp-json\/wp\/v2\/pages\/1163\/revisions\/1233"}],"wp:attachment":[{"href":"https:\/\/www.ecologieprovence.org\/index.php\/wp-json\/wp\/v2\/media?parent=1163"}],"curies":[{"name":"wp","href":"https:\/\/api.w.org\/{rel}","templated":true}]}}