{"id":132,"date":"2019-04-04T13:48:08","date_gmt":"2019-04-04T11:48:08","guid":{"rendered":"http:\/\/ecologieprovence.org\/?page_id=132"},"modified":"2020-11-10T10:22:22","modified_gmt":"2020-11-10T09:22:22","slug":"stages","status":"publish","type":"page","link":"https:\/\/www.ecologieprovence.org\/index.php\/stages\/","title":{"rendered":"Volontariats en service civique"},"content":{"rendered":"<p>La <a href=\"http:\/\/ecologieprovence.org\/\">Maison de L&rsquo;\u00c9cologie Provence<\/a> recherche r\u00e9guli\u00e8rement des <span style=\"color: #008080;\">volontaires en service civique<\/span> en tant qu&rsquo;<span style=\"color: #008080;\">Ambassadeur-rice de l&rsquo;environnement.<\/span> \ud83e\uddd0<\/p>\n<p>Les missions de nos volontaires :<\/p>\n<ul>\n<li style=\"list-style-type: none;\">\n<ul>\n<li>Aide \u00e0 la co-construction de supports p\u00e9dagogiques d&rsquo;\u00e9ducation \u00e0 l&rsquo;environnement<\/li>\n<li>Recherches diverses sur des th\u00e9matiques environnementales li\u00e9es \u00e0 la pr\u00e9servation de la qualit\u00e9 de l\u2019air, des calanques et des ressources en eau<\/li>\n<li>Observation et soutien dans le cadre du d\u00e9ploiement d&rsquo;actions de sensibilisation<\/li>\n<li>Soutien de l\u2019\u00e9quipe dans la planification et l\u2019organisation de certains \u00e9v\u00e9nements<\/li>\n<li>Accompagnement de l\u2019\u00e9quipe lors de certaines interventions de sensibilisation (en \u00e9tablissements scolaires, \u00e0 des stands d&rsquo;animation etc.)<\/li>\n<\/ul>\n<\/li>\n<\/ul>\n<p>&nbsp;<\/p>\n<p>Pour <span style=\"color: #008080;\">candidater<\/span> \u00e0 l&rsquo;une de nos offres de volontariat en service civique, il est obligatoire de passer par <a href=\"https:\/\/www.service-civique.gouv.fr\/\" target=\"_blank\" rel=\"noopener noreferrer\">le site internet du service civique<\/a>. Vous trouverez sur ce site tous les renseignements n\u00e9cessaires sur le service civique.<\/p>\n<h4>\u00a0<\/h4>\n<p style=\"text-align: left;\"><span style=\"color: #008080;\"><strong>\u00c0 vos candidatures !<\/strong>, <\/span><\/p>\n<p style=\"text-align: left;\"><span style=\"color: #008080;\">La <a href=\"http:\/\/ecologieprovence.org\/\">Maison de l&rsquo;Ecologie Provence<\/a> recherche chaque ann\u00e9e des ambassadeurs\/rices !<\/span><\/p>\n<p style=\"text-align: center;\"><span style=\"color: #33cccc;\">Attention : N&rsquo;oubliez pas d&rsquo;y ins\u00e9rer votre CV et de remplir la case destin\u00e9e \u00e0 votre lettre de motivation<\/span> <strong>\ud83d\ude09<\/strong><\/p>\n<p>&nbsp;<\/p>\n","protected":false},"excerpt":{"rendered":"<p>La Maison de L&rsquo;\u00c9cologie Provence recherche r\u00e9guli\u00e8rement des volontaires en service civique en tant qu&rsquo;Ambassadeur-rice de l&rsquo;environnement. \ud83e\uddd0 Les missions de nos volontaires : Aide \u00e0 la co-construction de supports p\u00e9dagogiques d&rsquo;\u00e9ducation \u00e0 l&rsquo;environnement Recherches diverses sur des th\u00e9matiques environnementales li\u00e9es \u00e0 la pr\u00e9servation de la qualit\u00e9 de l\u2019air, des calanques et des ressources en&hellip; <br \/> <a class=\"button small blue\" href=\"https:\/\/www.ecologieprovence.org\/index.php\/stages\/\">Lire la suite<\/a><\/p>\n","protected":false},"author":1,"featured_media":0,"parent":0,"menu_order":0,"comment_status":"closed","ping_status":"closed","template":"","meta":[],"yoast_head":"<!-- This site is optimized with the Yoast SEO plugin v19.7.1 - https:\/\/yoast.com\/wordpress\/plugins\/seo\/ -->\n<title>Volontariats en service civique &bull; Maison Ecologie Provence<\/title>\n<meta name=\"robots\" content=\"index, follow, max-snippet:-1, max-image-preview:large, max-video-preview:-1\" \/>\n<link rel=\"canonical\" href=\"https:\/\/www.ecologieprovence.org\/index.php\/stages\/\" \/>\n<meta property=\"og:locale\" content=\"fr_FR\" \/>\n<meta property=\"og:type\" content=\"article\" \/>\n<meta property=\"og:title\" content=\"Volontariats en service civique &bull; Maison Ecologie Provence\" \/>\n<meta property=\"og:description\" content=\"La Maison de L&rsquo;\u00c9cologie Provence recherche r\u00e9guli\u00e8rement des volontaires en service civique en tant qu&rsquo;Ambassadeur-rice de l&rsquo;environnement. \ud83e\uddd0 Les missions de nos volontaires : Aide \u00e0 la co-construction de supports p\u00e9dagogiques d&rsquo;\u00e9ducation \u00e0 l&rsquo;environnement Recherches diverses sur des th\u00e9matiques environnementales li\u00e9es \u00e0 la pr\u00e9servation de la qualit\u00e9 de l\u2019air, des calanques et des ressources en&hellip; Lire la suite\" \/>\n<meta property=\"og:url\" content=\"https:\/\/www.ecologieprovence.org\/index.php\/stages\/\" \/>\n<meta property=\"og:site_name\" content=\"Maison Ecologie Provence\" \/>\n<meta property=\"article:publisher\" content=\"https:\/\/www.facebook.com\/maisonecologieprovence\/\" \/>\n<meta property=\"article:modified_time\" content=\"2020-11-10T09:22:22+00:00\" \/>\n<meta name=\"twitter:card\" content=\"summary_large_image\" \/>\n<meta name=\"twitter:label1\" content=\"Dur\u00e9e de lecture estim\u00e9e\" \/>\n\t<meta name=\"twitter:data1\" content=\"1 minute\" \/>\n<script type=\"application\/ld+json\" class=\"yoast-schema-graph\">{\"@context\":\"https:\/\/schema.org\",\"@graph\":[{\"@type\":\"WebPage\",\"@id\":\"https:\/\/www.ecologieprovence.org\/index.php\/stages\/\",\"url\":\"https:\/\/www.ecologieprovence.org\/index.php\/stages\/\",\"name\":\"Volontariats en service civique &bull; Maison Ecologie Provence\",\"isPartOf\":{\"@id\":\"https:\/\/www.ecologieprovence.org\/#website\"},\"datePublished\":\"2019-04-04T11:48:08+00:00\",\"dateModified\":\"2020-11-10T09:22:22+00:00\",\"breadcrumb\":{\"@id\":\"https:\/\/www.ecologieprovence.org\/index.php\/stages\/#breadcrumb\"},\"inLanguage\":\"fr-FR\",\"potentialAction\":[{\"@type\":\"ReadAction\",\"target\":[\"https:\/\/www.ecologieprovence.org\/index.php\/stages\/\"]}]},{\"@type\":\"BreadcrumbList\",\"@id\":\"https:\/\/www.ecologieprovence.org\/index.php\/stages\/#breadcrumb\",\"itemListElement\":[{\"@type\":\"ListItem\",\"position\":1,\"name\":\"Accueil\",\"item\":\"https:\/\/www.ecologieprovence.org\/\"},{\"@type\":\"ListItem\",\"position\":2,\"name\":\"Volontariats en service civique\"}]},{\"@type\":\"WebSite\",\"@id\":\"https:\/\/www.ecologieprovence.org\/#website\",\"url\":\"https:\/\/www.ecologieprovence.org\/\",\"name\":\"Maison Ecologie Provence\",\"description\":\"\",\"publisher\":{\"@id\":\"https:\/\/www.ecologieprovence.org\/#organization\"},\"potentialAction\":[{\"@type\":\"SearchAction\",\"target\":{\"@type\":\"EntryPoint\",\"urlTemplate\":\"https:\/\/www.ecologieprovence.org\/?s={search_term_string}\"},\"query-input\":\"required name=search_term_string\"}],\"inLanguage\":\"fr-FR\"},{\"@type\":\"Organization\",\"@id\":\"https:\/\/www.ecologieprovence.org\/#organization\",\"name\":\"Maison de L'Ecologie de Provence\",\"url\":\"https:\/\/www.ecologieprovence.org\/\",\"sameAs\":[\"https:\/\/www.linkedin.com\/company\/maison-de-l-ecologie-de-provence\",\"https:\/\/www.youtube.com\/channel\/UCLaOSLMkLPs5ge-JOo8-QeA\",\"https:\/\/www.facebook.com\/maisonecologieprovence\/\"],\"logo\":{\"@type\":\"ImageObject\",\"inLanguage\":\"fr-FR\",\"@id\":\"https:\/\/www.ecologieprovence.org\/#\/schema\/logo\/image\/\",\"url\":\"http:\/\/ecologieprovence.org\/wp-content\/uploads\/2019\/05\/v23-72-PPI.png\",\"contentUrl\":\"http:\/\/ecologieprovence.org\/wp-content\/uploads\/2019\/05\/v23-72-PPI.png\",\"width\":1004,\"height\":403,\"caption\":\"Maison de L'Ecologie de Provence\"},\"image\":{\"@id\":\"https:\/\/www.ecologieprovence.org\/#\/schema\/logo\/image\/\"}}]}<\/script>\n<!-- \/ Yoast SEO plugin. -->","yoast_head_json":{"title":"Volontariats en service civique &bull; Maison Ecologie Provence","robots":{"index":"index","follow":"follow","max-snippet":"max-snippet:-1","max-image-preview":"max-image-preview:large","max-video-preview":"max-video-preview:-1"},"canonical":"https:\/\/www.ecologieprovence.org\/index.php\/stages\/","og_locale":"fr_FR","og_type":"article","og_title":"Volontariats en service civique &bull; Maison Ecologie Provence","og_description":"La Maison de L&rsquo;\u00c9cologie Provence recherche r\u00e9guli\u00e8rement des volontaires en service civique en tant qu&rsquo;Ambassadeur-rice de l&rsquo;environnement. \ud83e\uddd0 Les missions de nos volontaires : Aide \u00e0 la co-construction de supports p\u00e9dagogiques d&rsquo;\u00e9ducation \u00e0 l&rsquo;environnement Recherches diverses sur des th\u00e9matiques environnementales li\u00e9es \u00e0 la pr\u00e9servation de la qualit\u00e9 de l\u2019air, des calanques et des ressources en&hellip; Lire la suite","og_url":"https:\/\/www.ecologieprovence.org\/index.php\/stages\/","og_site_name":"Maison Ecologie Provence","article_publisher":"https:\/\/www.facebook.com\/maisonecologieprovence\/","article_modified_time":"2020-11-10T09:22:22+00:00","twitter_card":"summary_large_image","twitter_misc":{"Dur\u00e9e de lecture estim\u00e9e":"1 minute"},"schema":{"@context":"https:\/\/schema.org","@graph":[{"@type":"WebPage","@id":"https:\/\/www.ecologieprovence.org\/index.php\/stages\/","url":"https:\/\/www.ecologieprovence.org\/index.php\/stages\/","name":"Volontariats en service civique &bull; Maison Ecologie Provence","isPartOf":{"@id":"https:\/\/www.ecologieprovence.org\/#website"},"datePublished":"2019-04-04T11:48:08+00:00","dateModified":"2020-11-10T09:22:22+00:00","breadcrumb":{"@id":"https:\/\/www.ecologieprovence.org\/index.php\/stages\/#breadcrumb"},"inLanguage":"fr-FR","potentialAction":[{"@type":"ReadAction","target":["https:\/\/www.ecologieprovence.org\/index.php\/stages\/"]}]},{"@type":"BreadcrumbList","@id":"https:\/\/www.ecologieprovence.org\/index.php\/stages\/#breadcrumb","itemListElement":[{"@type":"ListItem","position":1,"name":"Accueil","item":"https:\/\/www.ecologieprovence.org\/"},{"@type":"ListItem","position":2,"name":"Volontariats en service civique"}]},{"@type":"WebSite","@id":"https:\/\/www.ecologieprovence.org\/#website","url":"https:\/\/www.ecologieprovence.org\/","name":"Maison Ecologie Provence","description":"","publisher":{"@id":"https:\/\/www.ecologieprovence.org\/#organization"},"potentialAction":[{"@type":"SearchAction","target":{"@type":"EntryPoint","urlTemplate":"https:\/\/www.ecologieprovence.org\/?s={search_term_string}"},"query-input":"required name=search_term_string"}],"inLanguage":"fr-FR"},{"@type":"Organization","@id":"https:\/\/www.ecologieprovence.org\/#organization","name":"Maison de L'Ecologie de Provence","url":"https:\/\/www.ecologieprovence.org\/","sameAs":["https:\/\/www.linkedin.com\/company\/maison-de-l-ecologie-de-provence","https:\/\/www.youtube.com\/channel\/UCLaOSLMkLPs5ge-JOo8-QeA","https:\/\/www.facebook.com\/maisonecologieprovence\/"],"logo":{"@type":"ImageObject","inLanguage":"fr-FR","@id":"https:\/\/www.ecologieprovence.org\/#\/schema\/logo\/image\/","url":"http:\/\/ecologieprovence.org\/wp-content\/uploads\/2019\/05\/v23-72-PPI.png","contentUrl":"http:\/\/ecologieprovence.org\/wp-content\/uploads\/2019\/05\/v23-72-PPI.png","width":1004,"height":403,"caption":"Maison de L'Ecologie de Provence"},"image":{"@id":"https:\/\/www.ecologieprovence.org\/#\/schema\/logo\/image\/"}}]}},"_links":{"self":[{"href":"https:\/\/www.ecologieprovence.org\/index.php\/wp-json\/wp\/v2\/pages\/132"}],"collection":[{"href":"https:\/\/www.ecologieprovence.org\/index.php\/wp-json\/wp\/v2\/pages"}],"about":[{"href":"https:\/\/www.ecologieprovence.org\/index.php\/wp-json\/wp\/v2\/types\/page"}],"author":[{"embeddable":true,"href":"https:\/\/www.ecologieprovence.org\/index.php\/wp-json\/wp\/v2\/users\/1"}],"replies":[{"embeddable":true,"href":"https:\/\/www.ecologieprovence.org\/index.php\/wp-json\/wp\/v2\/comments?post=132"}],"version-history":[{"count":16,"href":"https:\/\/www.ecologieprovence.org\/index.php\/wp-json\/wp\/v2\/pages\/132\/revisions"}],"predecessor-version":[{"id":1485,"href":"https:\/\/www.ecologieprovence.org\/index.php\/wp-json\/wp\/v2\/pages\/132\/revisions\/1485"}],"wp:attachment":[{"href":"https:\/\/www.ecologieprovence.org\/index.php\/wp-json\/wp\/v2\/media?parent=132"}],"curies":[{"name":"wp","href":"https:\/\/api.w.org\/{rel}","templated":true}]}}