{"id":136,"date":"2019-04-04T13:49:08","date_gmt":"2019-04-04T11:49:08","guid":{"rendered":"http:\/\/ecologieprovence.org\/?page_id=136"},"modified":"2020-07-15T17:36:31","modified_gmt":"2020-07-15T15:36:31","slug":"stages-2","status":"publish","type":"page","link":"https:\/\/www.ecologieprovence.org\/index.php\/stages-2\/","title":{"rendered":"Stages"},"content":{"rendered":"<p><span style=\"color: #808080;\">La Maison de L&rsquo;Ecologie de Provence recherche r\u00e9guli\u00e8rement des stagiaires\u00a0en gestion de projets, communication, traduction, d\u00e9veloppement de partenariats, infographie, montage vid\u00e9o et en r\u00e9f\u00e9rencement \/ statistique.<\/span><\/p>\n<p><span style=\"color: #808080;\">Si vous \u00eates int\u00e9ress\u00e9s pour l&rsquo;une de nos offres de stage propos\u00e9e ci-dessous, n&rsquo;h\u00e9sitez pas \u00e0 nous envoyer votre CV ainsi que votre lettre de motivation \u00e0 :<\/span><\/p>\n<p style=\"text-align: center;\"><span style=\"color: #ff6600;\">contact@ecologieprovence.org <\/span><span style=\"color: #808080;\">ou en utilisant le<\/span> <a href=\"http:\/\/ecologieprovence.org\/index.php\/contact\/\">formulaire de contact<\/a>.<\/p>\n<p>&nbsp;<\/p>\n<p><span style=\"color: #008080;\"><strong>Nos offres de stages en :<\/strong><\/span><\/p>\n<ul>\n<li style=\"text-align: left;\"><span style=\"color: #33cccc; font-size: 14pt;\"><span style=\"color: #008080;\">Communication &#8211; <\/span><b><a href=\"http:\/\/ecologieprovence.org\/wp-content\/uploads\/2019\/08\/Fiche-de-stage-Communication.pdf\">Fiche de stage &#8211; <\/a><\/b><\/span><span style=\"color: #808080;\">La Maison de L&rsquo;Ecologie de Provence est, toute l&rsquo;ann\u00e9e, \u00e0 la recherche de stagiaires en communication. Afin d\u2019am\u00e9liorer la visibilit\u00e9 de l&rsquo;association de fa\u00e7on locale et internationale, l\u2019association mise sur le d\u00e9veloppement d\u2019une meilleure strat\u00e9gie de communication ainsi que sur la mise en place d\u2019outils strat\u00e9giques;<\/span><\/li>\n<li><span style=\"color: #99cc00; font-size: 14pt;\"><span style=\"color: #008080;\">Traduction &#8211;<\/span><b><a href=\"http:\/\/ecologieprovence.org\/wp-content\/uploads\/2019\/08\/Fiche-de-stage-Traduction.pdf\">Fiche de stage &#8211; <\/a><\/b><\/span><span style=\"font-size: 14pt; color: #808080;\">Si vous n&rsquo;\u00eates pas francophone, ce n&rsquo;est pas un probl\u00e8me, n\u2019h\u00e9sitez pas \u00e0 nous contacter ! &#8211; (Toutes langues recherch\u00e9es);<\/span><\/li>\n<li><span style=\"color: #008080;\">D\u00e9veloppement de partenariats &#8211; <\/span><b style=\"color: #008080; font-family: inherit; font-size: 14pt;\"><a href=\"http:\/\/ecologieprovence.org\/wp-content\/uploads\/2019\/08\/Fiche-de-stage-Partenariats.pdf\">Fiche de stage<\/a><\/b><\/li>\n<li><span style=\"color: #008080;\">Montage vid\u00e9o &#8211; <\/span><b style=\"color: #33cccc; font-family: inherit; font-size: 14pt;\"><a href=\"http:\/\/ecologieprovence.org\/wp-content\/uploads\/2019\/08\/Fiche-de-stage-Montage-vid\u00e9o.pdf\">Fiche de stage<\/a><\/b><\/li>\n<li><span style=\"color: #808080;\"><span style=\"color: #008080;\">R\u00e9f\u00e9rencement &#8211;<\/span> L&rsquo;objectif principal du stage consistera \u00e0 se charger du r\u00e9f\u00e9rencement de notre site, \u00e0 travers l\u2019optimisation de mots cl\u00e9s, l\u2019utilisation de Google AdWords, puis par la mise en place d\u2019outils statistiques permettant d\u2019analyser le comportement des visiteurs;<\/span><\/li>\n<li><span style=\"color: #008080;\">Statistiques et base de donn\u00e9es &#8211; <\/span><b style=\"color: #008080; font-family: inherit; font-size: 14pt;\"><a href=\"http:\/\/ecologieprovence.org\/wp-content\/uploads\/2019\/08\/Fiche-de-stage-statistiques.pdf\">Fiche de stage<\/a><\/b><\/li>\n<\/ul>\n<p>&nbsp;<\/p>\n<p><span style=\"color: #008080;\"><strong>Environnement et contexte de travail pour tous nos stages :<\/strong><\/span><\/p>\n<ul>\n<li><span style=\"color: #008080;\">P\u00e9riode : <\/span>Stage de 2 mois<\/li>\n<li><span style=\"color: #808080;\"><span style=\"color: #008080;\">R\u00e9mun\u00e9ration :<\/span> <\/span><span style=\"font-size: 18px; font-family: 'Source Sans Pro', sans-serif;\">Aucune. N\u00e9anmoins, pour les fran\u00e7ais, il est possible de se faire financer gr\u00e2ce \u00e0 des organismes tels que le Service Civique<\/span><\/li>\n<li><span style=\"color: #008080;\">Lieu de stage : <\/span><span style=\"font-size: 18px; font-family: 'Source Sans Pro', sans-serif;\">Marseille, m\u00e9tro M1\/M2 Castellane, Tram T3<\/span><\/li>\n<li><span style=\"color: #808080;\"><span style=\"color: #008080;\">Horaires :<\/span> <\/span><span style=\"font-size: 18px; font-family: 'Source Sans Pro', sans-serif;\">7h\/jour<\/span><\/li>\n<\/ul>\n","protected":false},"excerpt":{"rendered":"<p>La Maison de L&rsquo;Ecologie de Provence recherche r\u00e9guli\u00e8rement des stagiaires\u00a0en gestion de projets, communication, traduction, d\u00e9veloppement de partenariats, infographie, montage vid\u00e9o et en r\u00e9f\u00e9rencement \/ statistique. Si vous \u00eates int\u00e9ress\u00e9s pour l&rsquo;une de nos offres de stage propos\u00e9e ci-dessous, n&rsquo;h\u00e9sitez pas \u00e0 nous envoyer votre CV ainsi que votre lettre de motivation \u00e0 : contact@ecologieprovence.org&hellip; <br \/> <a class=\"button small blue\" href=\"https:\/\/www.ecologieprovence.org\/index.php\/stages-2\/\">Lire la suite<\/a><\/p>\n","protected":false},"author":1,"featured_media":0,"parent":0,"menu_order":0,"comment_status":"closed","ping_status":"closed","template":"","meta":[],"yoast_head":"<!-- This site is optimized with the Yoast SEO plugin v19.7.1 - https:\/\/yoast.com\/wordpress\/plugins\/seo\/ -->\n<title>Offres de stages &bull; Maison Ecologie Provence<\/title>\n<meta name=\"description\" content=\"D\u00e9couvrez la Maison de l&#039;Ecologie de Provence en effectuant un stage. Nous sommes une association de sensibilisation \u00e0 l\u2019environnement.\" \/>\n<meta name=\"robots\" content=\"index, follow, max-snippet:-1, max-image-preview:large, max-video-preview:-1\" \/>\n<link rel=\"canonical\" href=\"https:\/\/www.ecologieprovence.org\/index.php\/stages-2\/\" \/>\n<meta property=\"og:locale\" content=\"fr_FR\" \/>\n<meta property=\"og:type\" content=\"article\" \/>\n<meta property=\"og:title\" content=\"Offres de stages &bull; Maison Ecologie Provence\" \/>\n<meta property=\"og:description\" content=\"D\u00e9couvrez la Maison de l&#039;Ecologie de Provence en effectuant un stage. Nous sommes une association de sensibilisation \u00e0 l\u2019environnement.\" \/>\n<meta property=\"og:url\" content=\"https:\/\/www.ecologieprovence.org\/index.php\/stages-2\/\" \/>\n<meta property=\"og:site_name\" content=\"Maison Ecologie Provence\" \/>\n<meta property=\"article:publisher\" content=\"https:\/\/www.facebook.com\/maisonecologieprovence\/\" \/>\n<meta property=\"article:modified_time\" content=\"2020-07-15T15:36:31+00:00\" \/>\n<meta name=\"twitter:card\" content=\"summary_large_image\" \/>\n<meta name=\"twitter:label1\" content=\"Dur\u00e9e de lecture estim\u00e9e\" \/>\n\t<meta name=\"twitter:data1\" content=\"1 minute\" \/>\n<script type=\"application\/ld+json\" class=\"yoast-schema-graph\">{\"@context\":\"https:\/\/schema.org\",\"@graph\":[{\"@type\":\"WebPage\",\"@id\":\"https:\/\/www.ecologieprovence.org\/index.php\/stages-2\/\",\"url\":\"https:\/\/www.ecologieprovence.org\/index.php\/stages-2\/\",\"name\":\"Offres de stages &bull; Maison Ecologie Provence\",\"isPartOf\":{\"@id\":\"https:\/\/www.ecologieprovence.org\/#website\"},\"datePublished\":\"2019-04-04T11:49:08+00:00\",\"dateModified\":\"2020-07-15T15:36:31+00:00\",\"description\":\"D\u00e9couvrez la Maison de l'Ecologie de Provence en effectuant un stage. Nous sommes une association de sensibilisation \u00e0 l\u2019environnement.\",\"breadcrumb\":{\"@id\":\"https:\/\/www.ecologieprovence.org\/index.php\/stages-2\/#breadcrumb\"},\"inLanguage\":\"fr-FR\",\"potentialAction\":[{\"@type\":\"ReadAction\",\"target\":[\"https:\/\/www.ecologieprovence.org\/index.php\/stages-2\/\"]}]},{\"@type\":\"BreadcrumbList\",\"@id\":\"https:\/\/www.ecologieprovence.org\/index.php\/stages-2\/#breadcrumb\",\"itemListElement\":[{\"@type\":\"ListItem\",\"position\":1,\"name\":\"Accueil\",\"item\":\"https:\/\/www.ecologieprovence.org\/\"},{\"@type\":\"ListItem\",\"position\":2,\"name\":\"Stages\"}]},{\"@type\":\"WebSite\",\"@id\":\"https:\/\/www.ecologieprovence.org\/#website\",\"url\":\"https:\/\/www.ecologieprovence.org\/\",\"name\":\"Maison Ecologie Provence\",\"description\":\"\",\"publisher\":{\"@id\":\"https:\/\/www.ecologieprovence.org\/#organization\"},\"potentialAction\":[{\"@type\":\"SearchAction\",\"target\":{\"@type\":\"EntryPoint\",\"urlTemplate\":\"https:\/\/www.ecologieprovence.org\/?s={search_term_string}\"},\"query-input\":\"required name=search_term_string\"}],\"inLanguage\":\"fr-FR\"},{\"@type\":\"Organization\",\"@id\":\"https:\/\/www.ecologieprovence.org\/#organization\",\"name\":\"Maison de L'Ecologie de Provence\",\"url\":\"https:\/\/www.ecologieprovence.org\/\",\"sameAs\":[\"https:\/\/www.linkedin.com\/company\/maison-de-l-ecologie-de-provence\",\"https:\/\/www.youtube.com\/channel\/UCLaOSLMkLPs5ge-JOo8-QeA\",\"https:\/\/www.facebook.com\/maisonecologieprovence\/\"],\"logo\":{\"@type\":\"ImageObject\",\"inLanguage\":\"fr-FR\",\"@id\":\"https:\/\/www.ecologieprovence.org\/#\/schema\/logo\/image\/\",\"url\":\"http:\/\/ecologieprovence.org\/wp-content\/uploads\/2019\/05\/v23-72-PPI.png\",\"contentUrl\":\"http:\/\/ecologieprovence.org\/wp-content\/uploads\/2019\/05\/v23-72-PPI.png\",\"width\":1004,\"height\":403,\"caption\":\"Maison de L'Ecologie de Provence\"},\"image\":{\"@id\":\"https:\/\/www.ecologieprovence.org\/#\/schema\/logo\/image\/\"}}]}<\/script>\n<!-- \/ Yoast SEO plugin. -->","yoast_head_json":{"title":"Offres de stages &bull; Maison Ecologie Provence","description":"D\u00e9couvrez la Maison de l'Ecologie de Provence en effectuant un stage. Nous sommes une association de sensibilisation \u00e0 l\u2019environnement.","robots":{"index":"index","follow":"follow","max-snippet":"max-snippet:-1","max-image-preview":"max-image-preview:large","max-video-preview":"max-video-preview:-1"},"canonical":"https:\/\/www.ecologieprovence.org\/index.php\/stages-2\/","og_locale":"fr_FR","og_type":"article","og_title":"Offres de stages &bull; Maison Ecologie Provence","og_description":"D\u00e9couvrez la Maison de l'Ecologie de Provence en effectuant un stage. Nous sommes une association de sensibilisation \u00e0 l\u2019environnement.","og_url":"https:\/\/www.ecologieprovence.org\/index.php\/stages-2\/","og_site_name":"Maison Ecologie Provence","article_publisher":"https:\/\/www.facebook.com\/maisonecologieprovence\/","article_modified_time":"2020-07-15T15:36:31+00:00","twitter_card":"summary_large_image","twitter_misc":{"Dur\u00e9e de lecture estim\u00e9e":"1 minute"},"schema":{"@context":"https:\/\/schema.org","@graph":[{"@type":"WebPage","@id":"https:\/\/www.ecologieprovence.org\/index.php\/stages-2\/","url":"https:\/\/www.ecologieprovence.org\/index.php\/stages-2\/","name":"Offres de stages &bull; Maison Ecologie Provence","isPartOf":{"@id":"https:\/\/www.ecologieprovence.org\/#website"},"datePublished":"2019-04-04T11:49:08+00:00","dateModified":"2020-07-15T15:36:31+00:00","description":"D\u00e9couvrez la Maison de l'Ecologie de Provence en effectuant un stage. Nous sommes une association de sensibilisation \u00e0 l\u2019environnement.","breadcrumb":{"@id":"https:\/\/www.ecologieprovence.org\/index.php\/stages-2\/#breadcrumb"},"inLanguage":"fr-FR","potentialAction":[{"@type":"ReadAction","target":["https:\/\/www.ecologieprovence.org\/index.php\/stages-2\/"]}]},{"@type":"BreadcrumbList","@id":"https:\/\/www.ecologieprovence.org\/index.php\/stages-2\/#breadcrumb","itemListElement":[{"@type":"ListItem","position":1,"name":"Accueil","item":"https:\/\/www.ecologieprovence.org\/"},{"@type":"ListItem","position":2,"name":"Stages"}]},{"@type":"WebSite","@id":"https:\/\/www.ecologieprovence.org\/#website","url":"https:\/\/www.ecologieprovence.org\/","name":"Maison Ecologie Provence","description":"","publisher":{"@id":"https:\/\/www.ecologieprovence.org\/#organization"},"potentialAction":[{"@type":"SearchAction","target":{"@type":"EntryPoint","urlTemplate":"https:\/\/www.ecologieprovence.org\/?s={search_term_string}"},"query-input":"required name=search_term_string"}],"inLanguage":"fr-FR"},{"@type":"Organization","@id":"https:\/\/www.ecologieprovence.org\/#organization","name":"Maison de L'Ecologie de Provence","url":"https:\/\/www.ecologieprovence.org\/","sameAs":["https:\/\/www.linkedin.com\/company\/maison-de-l-ecologie-de-provence","https:\/\/www.youtube.com\/channel\/UCLaOSLMkLPs5ge-JOo8-QeA","https:\/\/www.facebook.com\/maisonecologieprovence\/"],"logo":{"@type":"ImageObject","inLanguage":"fr-FR","@id":"https:\/\/www.ecologieprovence.org\/#\/schema\/logo\/image\/","url":"http:\/\/ecologieprovence.org\/wp-content\/uploads\/2019\/05\/v23-72-PPI.png","contentUrl":"http:\/\/ecologieprovence.org\/wp-content\/uploads\/2019\/05\/v23-72-PPI.png","width":1004,"height":403,"caption":"Maison de L'Ecologie de Provence"},"image":{"@id":"https:\/\/www.ecologieprovence.org\/#\/schema\/logo\/image\/"}}]}},"_links":{"self":[{"href":"https:\/\/www.ecologieprovence.org\/index.php\/wp-json\/wp\/v2\/pages\/136"}],"collection":[{"href":"https:\/\/www.ecologieprovence.org\/index.php\/wp-json\/wp\/v2\/pages"}],"about":[{"href":"https:\/\/www.ecologieprovence.org\/index.php\/wp-json\/wp\/v2\/types\/page"}],"author":[{"embeddable":true,"href":"https:\/\/www.ecologieprovence.org\/index.php\/wp-json\/wp\/v2\/users\/1"}],"replies":[{"embeddable":true,"href":"https:\/\/www.ecologieprovence.org\/index.php\/wp-json\/wp\/v2\/comments?post=136"}],"version-history":[{"count":26,"href":"https:\/\/www.ecologieprovence.org\/index.php\/wp-json\/wp\/v2\/pages\/136\/revisions"}],"predecessor-version":[{"id":1461,"href":"https:\/\/www.ecologieprovence.org\/index.php\/wp-json\/wp\/v2\/pages\/136\/revisions\/1461"}],"wp:attachment":[{"href":"https:\/\/www.ecologieprovence.org\/index.php\/wp-json\/wp\/v2\/media?parent=136"}],"curies":[{"name":"wp","href":"https:\/\/api.w.org\/{rel}","templated":true}]}}