{"id":1407,"date":"2020-07-06T14:43:52","date_gmt":"2020-07-06T12:43:52","guid":{"rendered":"http:\/\/ecologieprovence.org\/?page_id=1407"},"modified":"2020-07-07T15:02:27","modified_gmt":"2020-07-07T13:02:27","slug":"partenariat-solidaire","status":"publish","type":"page","link":"https:\/\/www.ecologieprovence.org\/index.php\/partenariat-solidaire\/","title":{"rendered":"Partenariat solidaire"},"content":{"rendered":"<p><span style=\"color: #000000;\">Pour la<\/span>\u00a0<span style=\"color: #008080;\">Maison de l&rsquo;Ecologie Provence<span style=\"color: #000000;\">, la coop\u00e9ration et la co-construction sont des atouts majeurs en faveur de l&rsquo;environnement.<\/span><\/span><\/p>\n<p><span style=\"color: #000000;\">\u00c9tablir des alliances avec tout acteur qui partage nos valeurs et convictions pour la pr\u00e9servation de la biodiversit\u00e9 et de la nature , nous permettra de continuer nos efforts de sensibilisation du plus grand nombre de jeunes, en les convainquant qu&rsquo;eux aussi peuvent \u00eatre forces de propositions.<\/span><\/p>\n<p>&nbsp;<\/p>\n<p>Comment tu peux devenir un alli\u00e9 de la Maison de l&rsquo;Ecologie Provence\u00a0 :<\/p>\n<p><img loading=\"lazy\" class=\"alignleft wp-image-1415\" src=\"http:\/\/ecologieprovence.org\/wp-content\/uploads\/2020\/07\/helping-hand.png\" width=\"63\" height=\"63\" \/><\/p>\n<p style=\"font-size: 18px;\"><span style=\"color: #ff6600;\"><strong>Devenir un alli\u00e9 solidaire<\/strong><\/span><\/p>\n<p><span style=\"font-size: 18px; font-family: 'Source Sans Pro', sans-serif;\">Soutiens-nous avec le financement d&rsquo;un de nos projets \u00e0 impact social et environnemental, qui permettra de sensibiliser le jeune public.<\/span><\/p>\n<p>&nbsp;<\/p>\n<p><img loading=\"lazy\" class=\"alignleft wp-image-1416\" style=\"font-size: 18px;\" src=\"http:\/\/ecologieprovence.org\/wp-content\/uploads\/2020\/07\/idea.png\" width=\"63\" height=\"63\" srcset=\"https:\/\/www.ecologieprovence.org\/wp-content\/uploads\/2020\/07\/idea.png 512w, https:\/\/www.ecologieprovence.org\/wp-content\/uploads\/2020\/07\/idea-300x300.png 300w, https:\/\/www.ecologieprovence.org\/wp-content\/uploads\/2020\/07\/idea-150x150.png 150w\" sizes=\"(max-width: 63px) 100vw, 63px\" \/><span style=\"color: #ff6600;\"><strong style=\"font-size: 18px;\">Collaborateurs solidaires<\/strong><\/span><\/p>\n<p>Promeus la participation directe et active de tes collaborateurs sur une question sociale et environnementale.<\/p>\n<p>&nbsp;<\/p>\n<p><img loading=\"lazy\" class=\"wp-image-1418 alignleft\" style=\"font-size: 18px;\" src=\"http:\/\/ecologieprovence.org\/wp-content\/uploads\/2020\/07\/evolution.png\" width=\"63\" height=\"63\" srcset=\"https:\/\/www.ecologieprovence.org\/wp-content\/uploads\/2020\/07\/evolution.png 512w, https:\/\/www.ecologieprovence.org\/wp-content\/uploads\/2020\/07\/evolution-300x300.png 300w, https:\/\/www.ecologieprovence.org\/wp-content\/uploads\/2020\/07\/evolution-150x150.png 150w\" sizes=\"(max-width: 63px) 100vw, 63px\" \/><\/p>\n<p style=\"font-size: 18px; line-height: 27px;\"><span style=\"color: #ff6600;\"><strong style=\"font-size: 18px;\">Marque solidaire<\/strong><\/span><\/p>\n<p style=\"font-size: 18px; line-height: 27px;\">Lie ton entreprise ou ta marque \u00e0 une cause \u00e0 impact social et environnemental.<\/p>\n<p>&nbsp;<\/p>\n<p style=\"font-size: 18px; line-height: 27px;\"><strong style=\"font-size: 18px;\"><img loading=\"lazy\" class=\"alignleft wp-image-1419\" src=\"http:\/\/ecologieprovence.org\/wp-content\/uploads\/2020\/07\/donation-1.png\" width=\"63\" height=\"63\" srcset=\"https:\/\/www.ecologieprovence.org\/wp-content\/uploads\/2020\/07\/donation-1.png 512w, https:\/\/www.ecologieprovence.org\/wp-content\/uploads\/2020\/07\/donation-1-300x300.png 300w, https:\/\/www.ecologieprovence.org\/wp-content\/uploads\/2020\/07\/donation-1-150x150.png 150w\" sizes=\"(max-width: 63px) 100vw, 63px\" \/><span style=\"color: #ff6600;\">Donation<\/span><\/strong><\/p>\n<p>Tes contributions nous permettront de destiner plus de ressources \u00e0 notre travail de sensibilisation et \u00e0 nos actions en faveur de l&rsquo;environnement.<\/p>\n<p>&nbsp;<\/p>\n<p><span style=\"color: #008080;\">En \u00e9change de votre soutien, nous nous engagerons\u00a0 \u00e0 garantir transparence et rigueur dans l\u2019utilisation des fonds que vous nous confiez. Nos comptes sont contr\u00f4l\u00e9s chaque ann\u00e9e par un conseil d&rsquo;administration.<\/span><\/p>\n<p>&nbsp;<\/p>\n<div id=\"\" class=\"wpsestyles green-message\" style=\"text-align: center;\"><strong>Enregistrez votre entreprise \/ association \/ organisme\u00a0<\/strong><\/div>\n<div>\n<p id=\"\"><div role=\"form\" class=\"wpcf7\" id=\"wpcf7-f1426-o1\" lang=\"fr-FR\" dir=\"ltr\">\n<div class=\"screen-reader-response\"><p role=\"status\" aria-live=\"polite\" aria-atomic=\"true\"><\/p> <ul><\/ul><\/div>\n<form action=\"\/index.php\/wp-json\/wp\/v2\/pages\/1407#wpcf7-f1426-o1\" method=\"post\" class=\"wpcf7-form init\" novalidate=\"novalidate\" data-status=\"init\">\n<div style=\"display: none;\">\n<input type=\"hidden\" name=\"_wpcf7\" value=\"1426\" \/>\n<input type=\"hidden\" name=\"_wpcf7_version\" value=\"5.6.3\" \/>\n<input type=\"hidden\" name=\"_wpcf7_locale\" value=\"fr_FR\" \/>\n<input type=\"hidden\" name=\"_wpcf7_unit_tag\" value=\"wpcf7-f1426-o1\" \/>\n<input type=\"hidden\" name=\"_wpcf7_container_post\" value=\"0\" \/>\n<input type=\"hidden\" name=\"_wpcf7_posted_data_hash\" value=\"\" \/>\n<\/div>\n<p><label> Votre nom (obligatoire)<br \/>\n    <span class=\"wpcf7-form-control-wrap\" data-name=\"your-name\"><input type=\"text\" name=\"your-name\" value=\"\" size=\"40\" class=\"wpcf7-form-control wpcf7-text wpcf7-validates-as-required\" aria-required=\"true\" aria-invalid=\"false\" \/><\/span> <\/label><\/p>\n<p><label> Votre entreprise ou association (obligatoire)<br \/>\n    <span class=\"wpcf7-form-control-wrap\" data-name=\"your-entreprise\"><input type=\"text\" name=\"your-entreprise\" value=\"\" size=\"40\" class=\"wpcf7-form-control wpcf7-text wpcf7-validates-as-required\" aria-required=\"true\" aria-invalid=\"false\" \/><\/span> <\/label><\/p>\n<p><label> Votre adresse de messagerie (obligatoire)<br \/>\n    <span class=\"wpcf7-form-control-wrap\" data-name=\"your-email\"><input type=\"email\" name=\"your-email\" value=\"\" size=\"40\" class=\"wpcf7-form-control wpcf7-text wpcf7-email wpcf7-validates-as-required wpcf7-validates-as-email\" aria-required=\"true\" aria-invalid=\"false\" \/><\/span> <\/label><\/p>\n<p><label> Votre t\u00e9l\u00e9phone<br \/>\n    <span class=\"wpcf7-form-control-wrap\" data-name=\"your-phone\"><input type=\"text\" name=\"your-phone\" value=\"\" size=\"40\" class=\"wpcf7-form-control wpcf7-text\" aria-invalid=\"false\" \/><\/span> <\/label><\/p>\n<p><label> Objet<br \/>\n    <span class=\"wpcf7-form-control-wrap\" data-name=\"your-subject\"><input type=\"text\" name=\"your-subject\" value=\"\" size=\"40\" class=\"wpcf7-form-control wpcf7-text\" aria-invalid=\"false\" \/><\/span> <\/label><\/p>\n<p><label> Votre message<br \/>\n    <span class=\"wpcf7-form-control-wrap\" data-name=\"your-message\"><textarea name=\"your-message\" cols=\"40\" rows=\"10\" class=\"wpcf7-form-control wpcf7-textarea\" aria-invalid=\"false\"><\/textarea><\/span> <\/label><\/p>\n<p><input type=\"submit\" value=\"Envoyer\" class=\"wpcf7-form-control has-spinner wpcf7-submit\" \/><\/p>\n<div class=\"wpcf7-response-output\" aria-hidden=\"true\"><\/div><\/form><\/div><\/p>\n<\/div>\n<div id=\"style-wpsecol-7e9c759b-6093-23d0-c492-d61fbe72e2a0\">\n<style>@media (max-width: 768px) {\n    #wpsecol-7e9c759b-6093-23d0-c492-d61fbe72e2a0 .csColumn {\n        display: block;\n        width: 100% !important;\n    }\n    #wpsecol-7e9c759b-6093-23d0-c492-d61fbe72e2a0 .csColumnGap {\n        display: none;\n    }\n}<\/style>\n<\/div>\n","protected":false},"excerpt":{"rendered":"<p>Pour la\u00a0Maison de l&rsquo;Ecologie Provence, la coop\u00e9ration et la co-construction sont des atouts majeurs en faveur de l&rsquo;environnement. \u00c9tablir des alliances avec tout acteur qui partage nos valeurs et convictions pour la pr\u00e9servation de la biodiversit\u00e9 et de la nature , nous permettra de continuer nos efforts de sensibilisation du plus grand nombre de jeunes,&hellip; <br \/> <a class=\"button small blue\" href=\"https:\/\/www.ecologieprovence.org\/index.php\/partenariat-solidaire\/\">Lire la suite<\/a><\/p>\n","protected":false},"author":1,"featured_media":0,"parent":0,"menu_order":0,"comment_status":"closed","ping_status":"closed","template":"","meta":[],"yoast_head":"<!-- This site is optimized with the Yoast SEO plugin v19.7.1 - https:\/\/yoast.com\/wordpress\/plugins\/seo\/ -->\n<title>Partenariat solidaire &bull; Maison Ecologie Provence<\/title>\n<meta name=\"robots\" content=\"index, follow, max-snippet:-1, max-image-preview:large, max-video-preview:-1\" \/>\n<link rel=\"canonical\" href=\"https:\/\/www.ecologieprovence.org\/index.php\/partenariat-solidaire\/\" \/>\n<meta property=\"og:locale\" content=\"fr_FR\" \/>\n<meta property=\"og:type\" content=\"article\" \/>\n<meta property=\"og:title\" content=\"Partenariat solidaire &bull; Maison Ecologie Provence\" \/>\n<meta property=\"og:description\" content=\"Pour la\u00a0Maison de l&rsquo;Ecologie Provence, la coop\u00e9ration et la co-construction sont des atouts majeurs en faveur de l&rsquo;environnement. \u00c9tablir des alliances avec tout acteur qui partage nos valeurs et convictions pour la pr\u00e9servation de la biodiversit\u00e9 et de la nature , nous permettra de continuer nos efforts de sensibilisation du plus grand nombre de jeunes,&hellip; Lire la suite\" \/>\n<meta property=\"og:url\" content=\"https:\/\/www.ecologieprovence.org\/index.php\/partenariat-solidaire\/\" \/>\n<meta property=\"og:site_name\" content=\"Maison Ecologie Provence\" \/>\n<meta property=\"article:publisher\" content=\"https:\/\/www.facebook.com\/maisonecologieprovence\/\" \/>\n<meta property=\"article:modified_time\" content=\"2020-07-07T13:02:27+00:00\" \/>\n<meta property=\"og:image\" content=\"http:\/\/ecologieprovence.org\/wp-content\/uploads\/2020\/07\/helping-hand.png\" \/>\n<meta name=\"twitter:card\" content=\"summary_large_image\" \/>\n<meta name=\"twitter:label1\" content=\"Dur\u00e9e de lecture estim\u00e9e\" \/>\n\t<meta name=\"twitter:data1\" content=\"1 minute\" \/>\n<script type=\"application\/ld+json\" class=\"yoast-schema-graph\">{\"@context\":\"https:\/\/schema.org\",\"@graph\":[{\"@type\":\"WebPage\",\"@id\":\"https:\/\/www.ecologieprovence.org\/index.php\/partenariat-solidaire\/\",\"url\":\"https:\/\/www.ecologieprovence.org\/index.php\/partenariat-solidaire\/\",\"name\":\"Partenariat solidaire &bull; Maison Ecologie Provence\",\"isPartOf\":{\"@id\":\"https:\/\/www.ecologieprovence.org\/#website\"},\"datePublished\":\"2020-07-06T12:43:52+00:00\",\"dateModified\":\"2020-07-07T13:02:27+00:00\",\"breadcrumb\":{\"@id\":\"https:\/\/www.ecologieprovence.org\/index.php\/partenariat-solidaire\/#breadcrumb\"},\"inLanguage\":\"fr-FR\",\"potentialAction\":[{\"@type\":\"ReadAction\",\"target\":[\"https:\/\/www.ecologieprovence.org\/index.php\/partenariat-solidaire\/\"]}]},{\"@type\":\"BreadcrumbList\",\"@id\":\"https:\/\/www.ecologieprovence.org\/index.php\/partenariat-solidaire\/#breadcrumb\",\"itemListElement\":[{\"@type\":\"ListItem\",\"position\":1,\"name\":\"Accueil\",\"item\":\"https:\/\/www.ecologieprovence.org\/\"},{\"@type\":\"ListItem\",\"position\":2,\"name\":\"Partenariat solidaire\"}]},{\"@type\":\"WebSite\",\"@id\":\"https:\/\/www.ecologieprovence.org\/#website\",\"url\":\"https:\/\/www.ecologieprovence.org\/\",\"name\":\"Maison Ecologie Provence\",\"description\":\"\",\"publisher\":{\"@id\":\"https:\/\/www.ecologieprovence.org\/#organization\"},\"potentialAction\":[{\"@type\":\"SearchAction\",\"target\":{\"@type\":\"EntryPoint\",\"urlTemplate\":\"https:\/\/www.ecologieprovence.org\/?s={search_term_string}\"},\"query-input\":\"required name=search_term_string\"}],\"inLanguage\":\"fr-FR\"},{\"@type\":\"Organization\",\"@id\":\"https:\/\/www.ecologieprovence.org\/#organization\",\"name\":\"Maison de L'Ecologie de Provence\",\"url\":\"https:\/\/www.ecologieprovence.org\/\",\"sameAs\":[\"https:\/\/www.linkedin.com\/company\/maison-de-l-ecologie-de-provence\",\"https:\/\/www.youtube.com\/channel\/UCLaOSLMkLPs5ge-JOo8-QeA\",\"https:\/\/www.facebook.com\/maisonecologieprovence\/\"],\"logo\":{\"@type\":\"ImageObject\",\"inLanguage\":\"fr-FR\",\"@id\":\"https:\/\/www.ecologieprovence.org\/#\/schema\/logo\/image\/\",\"url\":\"http:\/\/ecologieprovence.org\/wp-content\/uploads\/2019\/05\/v23-72-PPI.png\",\"contentUrl\":\"http:\/\/ecologieprovence.org\/wp-content\/uploads\/2019\/05\/v23-72-PPI.png\",\"width\":1004,\"height\":403,\"caption\":\"Maison de L'Ecologie de Provence\"},\"image\":{\"@id\":\"https:\/\/www.ecologieprovence.org\/#\/schema\/logo\/image\/\"}}]}<\/script>\n<!-- \/ Yoast SEO plugin. -->","yoast_head_json":{"title":"Partenariat solidaire &bull; Maison Ecologie Provence","robots":{"index":"index","follow":"follow","max-snippet":"max-snippet:-1","max-image-preview":"max-image-preview:large","max-video-preview":"max-video-preview:-1"},"canonical":"https:\/\/www.ecologieprovence.org\/index.php\/partenariat-solidaire\/","og_locale":"fr_FR","og_type":"article","og_title":"Partenariat solidaire &bull; Maison Ecologie Provence","og_description":"Pour la\u00a0Maison de l&rsquo;Ecologie Provence, la coop\u00e9ration et la co-construction sont des atouts majeurs en faveur de l&rsquo;environnement. \u00c9tablir des alliances avec tout acteur qui partage nos valeurs et convictions pour la pr\u00e9servation de la biodiversit\u00e9 et de la nature , nous permettra de continuer nos efforts de sensibilisation du plus grand nombre de jeunes,&hellip; Lire la suite","og_url":"https:\/\/www.ecologieprovence.org\/index.php\/partenariat-solidaire\/","og_site_name":"Maison Ecologie Provence","article_publisher":"https:\/\/www.facebook.com\/maisonecologieprovence\/","article_modified_time":"2020-07-07T13:02:27+00:00","og_image":[{"url":"http:\/\/ecologieprovence.org\/wp-content\/uploads\/2020\/07\/helping-hand.png"}],"twitter_card":"summary_large_image","twitter_misc":{"Dur\u00e9e de lecture estim\u00e9e":"1 minute"},"schema":{"@context":"https:\/\/schema.org","@graph":[{"@type":"WebPage","@id":"https:\/\/www.ecologieprovence.org\/index.php\/partenariat-solidaire\/","url":"https:\/\/www.ecologieprovence.org\/index.php\/partenariat-solidaire\/","name":"Partenariat solidaire &bull; Maison Ecologie Provence","isPartOf":{"@id":"https:\/\/www.ecologieprovence.org\/#website"},"datePublished":"2020-07-06T12:43:52+00:00","dateModified":"2020-07-07T13:02:27+00:00","breadcrumb":{"@id":"https:\/\/www.ecologieprovence.org\/index.php\/partenariat-solidaire\/#breadcrumb"},"inLanguage":"fr-FR","potentialAction":[{"@type":"ReadAction","target":["https:\/\/www.ecologieprovence.org\/index.php\/partenariat-solidaire\/"]}]},{"@type":"BreadcrumbList","@id":"https:\/\/www.ecologieprovence.org\/index.php\/partenariat-solidaire\/#breadcrumb","itemListElement":[{"@type":"ListItem","position":1,"name":"Accueil","item":"https:\/\/www.ecologieprovence.org\/"},{"@type":"ListItem","position":2,"name":"Partenariat solidaire"}]},{"@type":"WebSite","@id":"https:\/\/www.ecologieprovence.org\/#website","url":"https:\/\/www.ecologieprovence.org\/","name":"Maison Ecologie Provence","description":"","publisher":{"@id":"https:\/\/www.ecologieprovence.org\/#organization"},"potentialAction":[{"@type":"SearchAction","target":{"@type":"EntryPoint","urlTemplate":"https:\/\/www.ecologieprovence.org\/?s={search_term_string}"},"query-input":"required name=search_term_string"}],"inLanguage":"fr-FR"},{"@type":"Organization","@id":"https:\/\/www.ecologieprovence.org\/#organization","name":"Maison de L'Ecologie de Provence","url":"https:\/\/www.ecologieprovence.org\/","sameAs":["https:\/\/www.linkedin.com\/company\/maison-de-l-ecologie-de-provence","https:\/\/www.youtube.com\/channel\/UCLaOSLMkLPs5ge-JOo8-QeA","https:\/\/www.facebook.com\/maisonecologieprovence\/"],"logo":{"@type":"ImageObject","inLanguage":"fr-FR","@id":"https:\/\/www.ecologieprovence.org\/#\/schema\/logo\/image\/","url":"http:\/\/ecologieprovence.org\/wp-content\/uploads\/2019\/05\/v23-72-PPI.png","contentUrl":"http:\/\/ecologieprovence.org\/wp-content\/uploads\/2019\/05\/v23-72-PPI.png","width":1004,"height":403,"caption":"Maison de L'Ecologie de Provence"},"image":{"@id":"https:\/\/www.ecologieprovence.org\/#\/schema\/logo\/image\/"}}]}},"_links":{"self":[{"href":"https:\/\/www.ecologieprovence.org\/index.php\/wp-json\/wp\/v2\/pages\/1407"}],"collection":[{"href":"https:\/\/www.ecologieprovence.org\/index.php\/wp-json\/wp\/v2\/pages"}],"about":[{"href":"https:\/\/www.ecologieprovence.org\/index.php\/wp-json\/wp\/v2\/types\/page"}],"author":[{"embeddable":true,"href":"https:\/\/www.ecologieprovence.org\/index.php\/wp-json\/wp\/v2\/users\/1"}],"replies":[{"embeddable":true,"href":"https:\/\/www.ecologieprovence.org\/index.php\/wp-json\/wp\/v2\/comments?post=1407"}],"version-history":[{"count":14,"href":"https:\/\/www.ecologieprovence.org\/index.php\/wp-json\/wp\/v2\/pages\/1407\/revisions"}],"predecessor-version":[{"id":1411,"href":"https:\/\/www.ecologieprovence.org\/index.php\/wp-json\/wp\/v2\/pages\/1407\/revisions\/1411"}],"wp:attachment":[{"href":"https:\/\/www.ecologieprovence.org\/index.php\/wp-json\/wp\/v2\/media?parent=1407"}],"curies":[{"name":"wp","href":"https:\/\/api.w.org\/{rel}","templated":true}]}}