{"id":155,"date":"2019-04-04T15:02:53","date_gmt":"2019-04-04T13:02:53","guid":{"rendered":"http:\/\/ecologieprovence.org\/?page_id=155"},"modified":"2020-06-17T14:06:40","modified_gmt":"2020-06-17T12:06:40","slug":"modules-ecoles-les-calanques-et-nous","status":"publish","type":"page","link":"https:\/\/www.ecologieprovence.org\/index.php\/modules-ecoles-les-calanques-et-nous\/","title":{"rendered":"Les Calanques et Nous"},"content":{"rendered":"<h6 class=\"ce_headline\" style=\"text-align: center;\"><span style=\"font-size: 18pt; color: #008080;\">Des diaporamas illustr\u00e9s, gratuitement <\/span><span style=\"font-size: 18pt; color: #008080;\">t\u00e9l\u00e9chargeables <\/span><span style=\"font-size: 18pt; color: #008080;\">!<\/span><\/h6>\n<p>&nbsp;<\/p>\n<div class=\"ce_text block\">\n<p style=\"text-align: center;\">Il \u00e9tait important pour nous de cr\u00e9er des supports p\u00e9dagogiques <span style=\"color: #008080;\">accessibles au plus grand nombre <\/span>et <span style=\"color: #008080;\">facilement utilisables.<\/span><\/p>\n<\/div>\n<p style=\"text-align: center;\">Les modules Ecoles Les Calanques et Nous sont des animations au format PPT pour PowerPoint (ordinateur et mobile).<\/p>\n<p style=\"text-align: center;\">Vous aurez besoin d&rsquo;un ordinateur, d&rsquo;un vid\u00e9o projecteur et d&rsquo;un acc\u00e8s au r\u00e9seau \u00e9lectrique pour les utiliser.<\/p>\n<div class='w3eden'><!-- WPDM Link Template: Default Template -->\n\n<div class=\"link-template-default card mb-2\">\n    <div class=\"card-body\">\n        <div class=\"media\">\n            <div class=\"mr-3 img-48\"><img class=\"wpdm_icon\" alt=\"Ic\u00f4ne\"   src=\"http:\/\/ecologieprovence.org\/wp-content\/plugins\/download-manager\/assets\/file-type-icons\/pptx.svg\" \/><\/div>\n            <div class=\"media-body\">\n                <h3 class=\"package-title\"><a href='https:\/\/www.ecologieprovence.org\/index.php\/download\/module-1-les-espaces-naturels-dans-le-monde\/'>Module 1 : Les espaces naturels dans le monde<\/a><\/h3>\n                <div class=\"text-muted text-small\"><i class=\"fas fa-copy\"><\/i> 1 fichier\u00b7s <i class=\"fas fa-hdd ml-3\"><\/i> 93.56 MB<\/div>\n            <\/div>\n            <div class=\"ml-3\">\n                <a class='wpdm-download-link download-on-click btn btn-info btn-sm' rel='nofollow' href='#' data-downloadurl=\"https:\/\/www.ecologieprovence.org\/index.php\/download\/module-1-les-espaces-naturels-dans-le-monde\/?wpdmdl=228&refresh=69e5d4bf2dbef1776669887\">T\u00e9l\u00e9charger<\/a>\n            <\/div>\n        <\/div>\n    <\/div>\n<\/div>\n\n<\/div>\n<div class='w3eden'><!-- WPDM Link Template: Default Template -->\n\n<div class=\"link-template-default card mb-2\">\n    <div class=\"card-body\">\n        <div class=\"media\">\n            <div class=\"mr-3 img-48\"><img class=\"wpdm_icon\" alt=\"Ic\u00f4ne\"   src=\"http:\/\/ecologieprovence.org\/wp-content\/plugins\/download-manager\/assets\/file-type-icons\/pptx.svg\" \/><\/div>\n            <div class=\"media-body\">\n                <h3 class=\"package-title\"><a href='https:\/\/www.ecologieprovence.org\/index.php\/download\/module-2-les-parcs-nationaux-de-france\/'>Module 2 : Les Parcs nationaux de France<\/a><\/h3>\n                <div class=\"text-muted text-small\"><i class=\"fas fa-copy\"><\/i> 1 fichier\u00b7s <i class=\"fas fa-hdd ml-3\"><\/i> 40.55 MB<\/div>\n            <\/div>\n            <div class=\"ml-3\">\n                <a class='wpdm-download-link download-on-click btn btn-info btn-sm' rel='nofollow' href='#' data-downloadurl=\"https:\/\/www.ecologieprovence.org\/index.php\/download\/module-2-les-parcs-nationaux-de-france\/?wpdmdl=243&refresh=69e5d4bf3431d1776669887\">T\u00e9l\u00e9charger<\/a>\n            <\/div>\n        <\/div>\n    <\/div>\n<\/div>\n\n<\/div>\n<div class='w3eden'><!-- WPDM Link Template: Default Template -->\n\n<div class=\"link-template-default card mb-2\">\n    <div class=\"card-body\">\n        <div class=\"media\">\n            <div class=\"mr-3 img-48\"><img class=\"wpdm_icon\" alt=\"Ic\u00f4ne\"   src=\"http:\/\/ecologieprovence.org\/wp-content\/plugins\/download-manager\/assets\/file-type-icons\/ppt.svg\" \/><\/div>\n            <div class=\"media-body\">\n                <h3 class=\"package-title\"><a href='https:\/\/www.ecologieprovence.org\/index.php\/download\/module-3-le-parc-national-des-calanques\/'>Module 3 : Le Parc national des Calanques<\/a><\/h3>\n                <div class=\"text-muted text-small\"><i class=\"fas fa-copy\"><\/i> 1 fichier\u00b7s <i class=\"fas fa-hdd ml-3\"><\/i> 21.86 MB<\/div>\n            <\/div>\n            <div class=\"ml-3\">\n                <a class='wpdm-download-link download-on-click btn btn-info btn-sm' rel='nofollow' href='#' data-downloadurl=\"https:\/\/www.ecologieprovence.org\/index.php\/download\/module-3-le-parc-national-des-calanques\/?wpdmdl=248&refresh=69e5d4bf373b11776669887\">T\u00e9l\u00e9charger<\/a>\n            <\/div>\n        <\/div>\n    <\/div>\n<\/div>\n\n<\/div>\n<div class='w3eden'><!-- WPDM Link Template: Default Template -->\n\n<div class=\"link-template-default card mb-2\">\n    <div class=\"card-body\">\n        <div class=\"media\">\n            <div class=\"mr-3 img-48\"><img class=\"wpdm_icon\" alt=\"Ic\u00f4ne\"   src=\"http:\/\/ecologieprovence.org\/wp-content\/plugins\/download-manager\/assets\/file-type-icons\/ppt.svg\" \/><\/div>\n            <div class=\"media-body\">\n                <h3 class=\"package-title\"><a href='https:\/\/www.ecologieprovence.org\/index.php\/download\/module-4-la-nature-et-nous\/'>Module 4 : La Nature et Nous<\/a><\/h3>\n                <div class=\"text-muted text-small\"><i class=\"fas fa-copy\"><\/i> 1 fichier\u00b7s <i class=\"fas fa-hdd ml-3\"><\/i> 19.56 MB<\/div>\n            <\/div>\n            <div class=\"ml-3\">\n                <a class='wpdm-download-link download-on-click btn btn-info btn-sm' rel='nofollow' href='#' data-downloadurl=\"https:\/\/www.ecologieprovence.org\/index.php\/download\/module-4-la-nature-et-nous\/?wpdmdl=251&refresh=69e5d4bf3a0611776669887\">T\u00e9l\u00e9charger<\/a>\n            <\/div>\n        <\/div>\n    <\/div>\n<\/div>\n\n<\/div>\n<div class='w3eden'><!-- WPDM Link Template: Default Template -->\n\n<div class=\"link-template-default card mb-2\">\n    <div class=\"card-body\">\n        <div class=\"media\">\n            <div class=\"mr-3 img-48\"><img class=\"wpdm_icon\" alt=\"Ic\u00f4ne\"   src=\"http:\/\/ecologieprovence.org\/wp-content\/plugins\/download-manager\/assets\/file-type-icons\/ppt.svg\" \/><\/div>\n            <div class=\"media-body\">\n                <h3 class=\"package-title\"><a href='https:\/\/www.ecologieprovence.org\/index.php\/download\/module-5-la-faune-et-la-flore-des-calanques\/'>Module 5 : La faune et la flore des Calanques<\/a><\/h3>\n                <div class=\"text-muted text-small\"><i class=\"fas fa-copy\"><\/i> 1 fichier\u00b7s <i class=\"fas fa-hdd ml-3\"><\/i> 31.76 MB<\/div>\n            <\/div>\n            <div class=\"ml-3\">\n                <a class='wpdm-download-link download-on-click btn btn-info btn-sm' rel='nofollow' href='#' data-downloadurl=\"https:\/\/www.ecologieprovence.org\/index.php\/download\/module-5-la-faune-et-la-flore-des-calanques\/?wpdmdl=255&refresh=69e5d4bf3bde61776669887\">T\u00e9l\u00e9charger<\/a>\n            <\/div>\n        <\/div>\n    <\/div>\n<\/div>\n\n<\/div>\n<div class='w3eden'><!-- WPDM Link Template: Default Template -->\n\n<div class=\"link-template-default card mb-2\">\n    <div class=\"card-body\">\n        <div class=\"media\">\n            <div class=\"mr-3 img-48\"><img class=\"wpdm_icon\" alt=\"Ic\u00f4ne\"   src=\"http:\/\/ecologieprovence.org\/wp-content\/plugins\/download-manager\/assets\/file-type-icons\/ppt.svg\" \/><\/div>\n            <div class=\"media-body\">\n                <h3 class=\"package-title\"><a href='https:\/\/www.ecologieprovence.org\/index.php\/download\/module-6-les-milieux-de-la-vie\/'>Module 6 : Les milieux de la vie<\/a><\/h3>\n                <div class=\"text-muted text-small\"><i class=\"fas fa-copy\"><\/i> 1 fichier\u00b7s <i class=\"fas fa-hdd ml-3\"><\/i> 23.34 MB<\/div>\n            <\/div>\n            <div class=\"ml-3\">\n                <a class='wpdm-download-link download-on-click btn btn-info btn-sm' rel='nofollow' href='#' data-downloadurl=\"https:\/\/www.ecologieprovence.org\/index.php\/download\/module-6-les-milieux-de-la-vie\/?wpdmdl=258&refresh=69e5d4bf3db6b1776669887\">T\u00e9l\u00e9charger<\/a>\n            <\/div>\n        <\/div>\n    <\/div>\n<\/div>\n\n<\/div>\n<div class='w3eden'><!-- WPDM Link Template: Default Template -->\n\n<div class=\"link-template-default card mb-2\">\n    <div class=\"card-body\">\n        <div class=\"media\">\n            <div class=\"mr-3 img-48\"><img class=\"wpdm_icon\" alt=\"Ic\u00f4ne\"   src=\"http:\/\/ecologieprovence.org\/wp-content\/plugins\/download-manager\/assets\/file-type-icons\/ppt.svg\" \/><\/div>\n            <div class=\"media-body\">\n                <h3 class=\"package-title\"><a href='https:\/\/www.ecologieprovence.org\/index.php\/download\/module-7-les-usagers\/'>Module 7 : Les usagers<\/a><\/h3>\n                <div class=\"text-muted text-small\"><i class=\"fas fa-copy\"><\/i> 1 fichier\u00b7s <i class=\"fas fa-hdd ml-3\"><\/i> 17.14 MB<\/div>\n            <\/div>\n            <div class=\"ml-3\">\n                <a class='wpdm-download-link download-on-click btn btn-info btn-sm' rel='nofollow' href='#' data-downloadurl=\"https:\/\/www.ecologieprovence.org\/index.php\/download\/module-7-les-usagers\/?wpdmdl=261&refresh=69e5d4bf3f7761776669887\">T\u00e9l\u00e9charger<\/a>\n            <\/div>\n        <\/div>\n    <\/div>\n<\/div>\n\n<\/div>\n<div class='w3eden'><!-- WPDM Link Template: Default Template -->\n\n<div class=\"link-template-default card mb-2\">\n    <div class=\"card-body\">\n        <div class=\"media\">\n            <div class=\"mr-3 img-48\"><img class=\"wpdm_icon\" alt=\"Ic\u00f4ne\"   src=\"http:\/\/ecologieprovence.org\/wp-content\/plugins\/download-manager\/assets\/file-type-icons\/pptx.svg\" \/><\/div>\n            <div class=\"media-body\">\n                <h3 class=\"package-title\"><a href='https:\/\/www.ecologieprovence.org\/index.php\/download\/module-8-une-reglementation-pour-proteger-les-calanques\/'>Module 8 : Une r\u00e9glementation pour prot\u00e9ger les Calanques<\/a><\/h3>\n                <div class=\"text-muted text-small\"><i class=\"fas fa-copy\"><\/i> 1 fichier\u00b7s <i class=\"fas fa-hdd ml-3\"><\/i> 38.06 MB<\/div>\n            <\/div>\n            <div class=\"ml-3\">\n                <a class='wpdm-download-link download-on-click btn btn-info btn-sm' rel='nofollow' href='#' data-downloadurl=\"https:\/\/www.ecologieprovence.org\/index.php\/download\/module-8-une-reglementation-pour-proteger-les-calanques\/?wpdmdl=264&refresh=69e5d4bf413931776669887\">T\u00e9l\u00e9charger<\/a>\n            <\/div>\n        <\/div>\n    <\/div>\n<\/div>\n\n<\/div>\n<div class='w3eden'><!-- WPDM Link Template: Default Template -->\n\n<div class=\"link-template-default card mb-2\">\n    <div class=\"card-body\">\n        <div class=\"media\">\n            <div class=\"mr-3 img-48\"><img class=\"wpdm_icon\" alt=\"Ic\u00f4ne\"   src=\"http:\/\/ecologieprovence.org\/wp-content\/plugins\/download-manager\/assets\/file-type-icons\/ppt.svg\" \/><\/div>\n            <div class=\"media-body\">\n                <h3 class=\"package-title\"><a href='https:\/\/www.ecologieprovence.org\/index.php\/download\/module-9-histoire-et-patrimoine-culturel-des-calanques\/'>Module 9 : histoire et patrimoine culturel des Calanques<\/a><\/h3>\n                <div class=\"text-muted text-small\"><i class=\"fas fa-copy\"><\/i> 1 fichier\u00b7s <i class=\"fas fa-hdd ml-3\"><\/i> 116.99 MB<\/div>\n            <\/div>\n            <div class=\"ml-3\">\n                <a class='wpdm-download-link download-on-click btn btn-info btn-sm' rel='nofollow' href='#' data-downloadurl=\"https:\/\/www.ecologieprovence.org\/index.php\/download\/module-9-histoire-et-patrimoine-culturel-des-calanques\/?wpdmdl=918&refresh=69e5d4bf42e611776669887\">T\u00e9l\u00e9charger<\/a>\n            <\/div>\n        <\/div>\n    <\/div>\n<\/div>\n\n<\/div>\n<div class='w3eden'><!-- WPDM Link Template: Default Template -->\n\n<div class=\"link-template-default card mb-2\">\n    <div class=\"card-body\">\n        <div class=\"media\">\n            <div class=\"mr-3 img-48\"><img class=\"wpdm_icon\" alt=\"Ic\u00f4ne\"   src=\"http:\/\/ecologieprovence.org\/wp-content\/plugins\/download-manager\/assets\/file-type-icons\/ppt.svg\" \/><\/div>\n            <div class=\"media-body\">\n                <h3 class=\"package-title\"><a href='https:\/\/www.ecologieprovence.org\/index.php\/download\/module-10-la-geologie-des-calanques\/'>Module 10 : La g\u00e9ologie des Calanques<\/a><\/h3>\n                <div class=\"text-muted text-small\"><i class=\"fas fa-copy\"><\/i> 1 fichier\u00b7s <i class=\"fas fa-hdd ml-3\"><\/i> 48.17 MB<\/div>\n            <\/div>\n            <div class=\"ml-3\">\n                <a class='wpdm-download-link download-on-click btn btn-info btn-sm' rel='nofollow' href='#' data-downloadurl=\"https:\/\/www.ecologieprovence.org\/index.php\/download\/module-10-la-geologie-des-calanques\/?wpdmdl=922&refresh=69e5d4bf449491776669887\">T\u00e9l\u00e9charger<\/a>\n            <\/div>\n        <\/div>\n    <\/div>\n<\/div>\n\n<\/div>\n<p>&nbsp;<\/p>\n<p><img loading=\"lazy\" class=\"size-full wp-image-236 aligncenter\" style=\"font-size: 18px; text-align: center;\" src=\"http:\/\/ecologieprovence.org\/wp-content\/uploads\/2019\/04\/help-ppt-150x150.png\" alt=\"\" width=\"150\" height=\"150\" \/><\/p>\n<h6 style=\"text-align: center;\"><span style=\"font-size: 24pt; color: #008080;\">Comment visionner les diaporamas ?<\/span><\/h6>\n<table class=\" aligncenter\" style=\"height: 129px;\" width=\"1051\">\n<tbody>\n<tr style=\"height: 135px;\">\n<td style=\"text-align: center; width: 523px; height: 135px;\"><img loading=\"lazy\" class=\"size-full wp-image-237 aligncenter\" style=\"font-size: 18px;\" src=\"http:\/\/ecologieprovence.org\/wp-content\/uploads\/2019\/04\/computer.png\" alt=\"\" width=\"256\" height=\"256\" srcset=\"https:\/\/www.ecologieprovence.org\/wp-content\/uploads\/2019\/04\/computer.png 256w, https:\/\/www.ecologieprovence.org\/wp-content\/uploads\/2019\/04\/computer-150x150.png 150w\" sizes=\"(max-width: 256px) 100vw, 256px\" \/><\/p>\n<p><a href=\"http:\/\/airandme.org\/DOWNLOADS\/prog\/PowerPointViewer.exe\">PowerPoint Viewer \u2013 Windows<\/a><\/p>\n<p><a href=\"http:\/\/libreoffice.org\/download\/libreoffice-stable\/\">Libre Office Suite \u2013 Windows, Linux, MacOS<\/a><\/p>\n<\/td>\n<td style=\"width: 525px; height: 135px;\"><img loading=\"lazy\" class=\"size-full wp-image-238 aligncenter\" style=\"font-size: 18px; text-align: center;\" src=\"http:\/\/ecologieprovence.org\/wp-content\/uploads\/2019\/04\/mobile.png\" alt=\"\" width=\"256\" height=\"256\" srcset=\"https:\/\/www.ecologieprovence.org\/wp-content\/uploads\/2019\/04\/mobile.png 256w, https:\/\/www.ecologieprovence.org\/wp-content\/uploads\/2019\/04\/mobile-150x150.png 150w\" sizes=\"(max-width: 256px) 100vw, 256px\" \/><\/p>\n<p style=\"text-align: center;\"><a href=\"https:\/\/play.google.com\/store\/apps\/details?id=com.microsoft.office.powerpoint&amp;hl=fr\">PowerPoint Mobile \u2013 Android (Google Play)<\/a><\/p>\n<p style=\"text-align: center;\"><a href=\"https:\/\/itunes.apple.com\/app\/microsoft-powerpoint\/id586449534?mt=8\">PowerPoint Mobile \u2013 iOS (Apple Store)<\/a><\/p>\n<p style=\"text-align: center;\"><a href=\"https:\/\/www.microsoft.com\/en-us\/store\/p\/powerpoint-mobile\/9wzdncrfjb5q\">PowerPoint Mobile \u2013 Windows 10 Mobile (Microsoft Store)<\/a><\/p>\n<\/td>\n<\/tr>\n<\/tbody>\n<\/table>\n<p>&nbsp;<\/p>\n<p>&nbsp;<\/p>\n<p>&nbsp;<\/p>\n<p>&nbsp;<\/p>\n<p>&nbsp;<\/p>\n<p>&nbsp;<\/p>\n<p>&nbsp;<\/p>\n<p>&nbsp;<\/p>\n<p>&nbsp;<\/p>\n<h6 style=\"text-align: left;\"><span style=\"font-size: 24pt; color: #008080;\">Mode d&#8217;emploi des modules Les Calanques et Nous<\/span><\/h6>\n<p>&nbsp;<\/p>\n<div style=\"width: 1212px;\" class=\"wp-video\"><!--[if lt IE 9]><script>document.createElement('video');<\/script><![endif]-->\n<video class=\"wp-video-shortcode\" id=\"video-155-1\" width=\"1212\" height=\"680\" preload=\"metadata\" controls=\"controls\"><source type=\"video\/mp4\" src=\"http:\/\/ecologieprovence.org\/wp-content\/uploads\/2019\/07\/Mode-demploi-CEN.mp4?_=1\" \/><a href=\"http:\/\/ecologieprovence.org\/wp-content\/uploads\/2019\/07\/Mode-demploi-CEN.mp4\">http:\/\/ecologieprovence.org\/wp-content\/uploads\/2019\/07\/Mode-demploi-CEN.mp4<\/a><\/video><\/div>\n<p>&nbsp;<\/p>\n<p>&nbsp;<\/p>\n","protected":false},"excerpt":{"rendered":"<p>Des diaporamas illustr\u00e9s, gratuitement t\u00e9l\u00e9chargeables ! &nbsp; Il \u00e9tait important pour nous de cr\u00e9er des supports p\u00e9dagogiques accessibles au plus grand nombre et facilement utilisables. Les modules Ecoles Les Calanques et Nous sont des animations au format PPT pour PowerPoint (ordinateur et mobile). Vous aurez besoin d&rsquo;un ordinateur, d&rsquo;un vid\u00e9o projecteur et d&rsquo;un acc\u00e8s au&hellip; <br \/> <a class=\"button small blue\" href=\"https:\/\/www.ecologieprovence.org\/index.php\/modules-ecoles-les-calanques-et-nous\/\">Lire la suite<\/a><\/p>\n","protected":false},"author":1,"featured_media":0,"parent":0,"menu_order":0,"comment_status":"closed","ping_status":"closed","template":"","meta":[],"yoast_head":"<!-- This site is optimized with the Yoast SEO plugin v19.7.1 - https:\/\/yoast.com\/wordpress\/plugins\/seo\/ -->\n<title>Les Calanques et Nous &bull; Maison Ecologie Provence<\/title>\n<meta name=\"robots\" content=\"index, follow, max-snippet:-1, max-image-preview:large, max-video-preview:-1\" \/>\n<link rel=\"canonical\" href=\"https:\/\/www.ecologieprovence.org\/index.php\/modules-ecoles-les-calanques-et-nous\/\" \/>\n<meta property=\"og:locale\" content=\"fr_FR\" \/>\n<meta property=\"og:type\" content=\"article\" \/>\n<meta property=\"og:title\" content=\"Les Calanques et Nous &bull; Maison Ecologie Provence\" \/>\n<meta property=\"og:description\" content=\"Des diaporamas illustr\u00e9s, gratuitement t\u00e9l\u00e9chargeables ! &nbsp; Il \u00e9tait important pour nous de cr\u00e9er des supports p\u00e9dagogiques accessibles au plus grand nombre et facilement utilisables. Les modules Ecoles Les Calanques et Nous sont des animations au format PPT pour PowerPoint (ordinateur et mobile). Vous aurez besoin d&rsquo;un ordinateur, d&rsquo;un vid\u00e9o projecteur et d&rsquo;un acc\u00e8s au&hellip; Lire la suite\" \/>\n<meta property=\"og:url\" content=\"https:\/\/www.ecologieprovence.org\/index.php\/modules-ecoles-les-calanques-et-nous\/\" \/>\n<meta property=\"og:site_name\" content=\"Maison Ecologie Provence\" \/>\n<meta property=\"article:publisher\" content=\"https:\/\/www.facebook.com\/maisonecologieprovence\/\" \/>\n<meta property=\"article:modified_time\" content=\"2020-06-17T12:06:40+00:00\" \/>\n<meta property=\"og:image\" content=\"http:\/\/ecologieprovence.org\/wp-content\/uploads\/2019\/04\/help-ppt-150x150.png\" \/>\n<meta name=\"twitter:card\" content=\"summary_large_image\" \/>\n<meta name=\"twitter:label1\" content=\"Dur\u00e9e de lecture estim\u00e9e\" \/>\n\t<meta name=\"twitter:data1\" content=\"1 minute\" \/>\n<script type=\"application\/ld+json\" class=\"yoast-schema-graph\">{\"@context\":\"https:\/\/schema.org\",\"@graph\":[{\"@type\":\"WebPage\",\"@id\":\"https:\/\/www.ecologieprovence.org\/index.php\/modules-ecoles-les-calanques-et-nous\/\",\"url\":\"https:\/\/www.ecologieprovence.org\/index.php\/modules-ecoles-les-calanques-et-nous\/\",\"name\":\"Les Calanques et Nous &bull; Maison Ecologie Provence\",\"isPartOf\":{\"@id\":\"https:\/\/www.ecologieprovence.org\/#website\"},\"datePublished\":\"2019-04-04T13:02:53+00:00\",\"dateModified\":\"2020-06-17T12:06:40+00:00\",\"breadcrumb\":{\"@id\":\"https:\/\/www.ecologieprovence.org\/index.php\/modules-ecoles-les-calanques-et-nous\/#breadcrumb\"},\"inLanguage\":\"fr-FR\",\"potentialAction\":[{\"@type\":\"ReadAction\",\"target\":[\"https:\/\/www.ecologieprovence.org\/index.php\/modules-ecoles-les-calanques-et-nous\/\"]}]},{\"@type\":\"BreadcrumbList\",\"@id\":\"https:\/\/www.ecologieprovence.org\/index.php\/modules-ecoles-les-calanques-et-nous\/#breadcrumb\",\"itemListElement\":[{\"@type\":\"ListItem\",\"position\":1,\"name\":\"Accueil\",\"item\":\"https:\/\/www.ecologieprovence.org\/\"},{\"@type\":\"ListItem\",\"position\":2,\"name\":\"Les Calanques et Nous\"}]},{\"@type\":\"WebSite\",\"@id\":\"https:\/\/www.ecologieprovence.org\/#website\",\"url\":\"https:\/\/www.ecologieprovence.org\/\",\"name\":\"Maison Ecologie Provence\",\"description\":\"\",\"publisher\":{\"@id\":\"https:\/\/www.ecologieprovence.org\/#organization\"},\"potentialAction\":[{\"@type\":\"SearchAction\",\"target\":{\"@type\":\"EntryPoint\",\"urlTemplate\":\"https:\/\/www.ecologieprovence.org\/?s={search_term_string}\"},\"query-input\":\"required name=search_term_string\"}],\"inLanguage\":\"fr-FR\"},{\"@type\":\"Organization\",\"@id\":\"https:\/\/www.ecologieprovence.org\/#organization\",\"name\":\"Maison de L'Ecologie de Provence\",\"url\":\"https:\/\/www.ecologieprovence.org\/\",\"sameAs\":[\"https:\/\/www.linkedin.com\/company\/maison-de-l-ecologie-de-provence\",\"https:\/\/www.youtube.com\/channel\/UCLaOSLMkLPs5ge-JOo8-QeA\",\"https:\/\/www.facebook.com\/maisonecologieprovence\/\"],\"logo\":{\"@type\":\"ImageObject\",\"inLanguage\":\"fr-FR\",\"@id\":\"https:\/\/www.ecologieprovence.org\/#\/schema\/logo\/image\/\",\"url\":\"http:\/\/ecologieprovence.org\/wp-content\/uploads\/2019\/05\/v23-72-PPI.png\",\"contentUrl\":\"http:\/\/ecologieprovence.org\/wp-content\/uploads\/2019\/05\/v23-72-PPI.png\",\"width\":1004,\"height\":403,\"caption\":\"Maison de L'Ecologie de Provence\"},\"image\":{\"@id\":\"https:\/\/www.ecologieprovence.org\/#\/schema\/logo\/image\/\"}}]}<\/script>\n<!-- \/ Yoast SEO plugin. -->","yoast_head_json":{"title":"Les Calanques et Nous &bull; Maison Ecologie Provence","robots":{"index":"index","follow":"follow","max-snippet":"max-snippet:-1","max-image-preview":"max-image-preview:large","max-video-preview":"max-video-preview:-1"},"canonical":"https:\/\/www.ecologieprovence.org\/index.php\/modules-ecoles-les-calanques-et-nous\/","og_locale":"fr_FR","og_type":"article","og_title":"Les Calanques et Nous &bull; Maison Ecologie Provence","og_description":"Des diaporamas illustr\u00e9s, gratuitement t\u00e9l\u00e9chargeables ! &nbsp; Il \u00e9tait important pour nous de cr\u00e9er des supports p\u00e9dagogiques accessibles au plus grand nombre et facilement utilisables. Les modules Ecoles Les Calanques et Nous sont des animations au format PPT pour PowerPoint (ordinateur et mobile). Vous aurez besoin d&rsquo;un ordinateur, d&rsquo;un vid\u00e9o projecteur et d&rsquo;un acc\u00e8s au&hellip; Lire la suite","og_url":"https:\/\/www.ecologieprovence.org\/index.php\/modules-ecoles-les-calanques-et-nous\/","og_site_name":"Maison Ecologie Provence","article_publisher":"https:\/\/www.facebook.com\/maisonecologieprovence\/","article_modified_time":"2020-06-17T12:06:40+00:00","og_image":[{"url":"http:\/\/ecologieprovence.org\/wp-content\/uploads\/2019\/04\/help-ppt-150x150.png"}],"twitter_card":"summary_large_image","twitter_misc":{"Dur\u00e9e de lecture estim\u00e9e":"1 minute"},"schema":{"@context":"https:\/\/schema.org","@graph":[{"@type":"WebPage","@id":"https:\/\/www.ecologieprovence.org\/index.php\/modules-ecoles-les-calanques-et-nous\/","url":"https:\/\/www.ecologieprovence.org\/index.php\/modules-ecoles-les-calanques-et-nous\/","name":"Les Calanques et Nous &bull; Maison Ecologie Provence","isPartOf":{"@id":"https:\/\/www.ecologieprovence.org\/#website"},"datePublished":"2019-04-04T13:02:53+00:00","dateModified":"2020-06-17T12:06:40+00:00","breadcrumb":{"@id":"https:\/\/www.ecologieprovence.org\/index.php\/modules-ecoles-les-calanques-et-nous\/#breadcrumb"},"inLanguage":"fr-FR","potentialAction":[{"@type":"ReadAction","target":["https:\/\/www.ecologieprovence.org\/index.php\/modules-ecoles-les-calanques-et-nous\/"]}]},{"@type":"BreadcrumbList","@id":"https:\/\/www.ecologieprovence.org\/index.php\/modules-ecoles-les-calanques-et-nous\/#breadcrumb","itemListElement":[{"@type":"ListItem","position":1,"name":"Accueil","item":"https:\/\/www.ecologieprovence.org\/"},{"@type":"ListItem","position":2,"name":"Les Calanques et Nous"}]},{"@type":"WebSite","@id":"https:\/\/www.ecologieprovence.org\/#website","url":"https:\/\/www.ecologieprovence.org\/","name":"Maison Ecologie Provence","description":"","publisher":{"@id":"https:\/\/www.ecologieprovence.org\/#organization"},"potentialAction":[{"@type":"SearchAction","target":{"@type":"EntryPoint","urlTemplate":"https:\/\/www.ecologieprovence.org\/?s={search_term_string}"},"query-input":"required name=search_term_string"}],"inLanguage":"fr-FR"},{"@type":"Organization","@id":"https:\/\/www.ecologieprovence.org\/#organization","name":"Maison de L'Ecologie de Provence","url":"https:\/\/www.ecologieprovence.org\/","sameAs":["https:\/\/www.linkedin.com\/company\/maison-de-l-ecologie-de-provence","https:\/\/www.youtube.com\/channel\/UCLaOSLMkLPs5ge-JOo8-QeA","https:\/\/www.facebook.com\/maisonecologieprovence\/"],"logo":{"@type":"ImageObject","inLanguage":"fr-FR","@id":"https:\/\/www.ecologieprovence.org\/#\/schema\/logo\/image\/","url":"http:\/\/ecologieprovence.org\/wp-content\/uploads\/2019\/05\/v23-72-PPI.png","contentUrl":"http:\/\/ecologieprovence.org\/wp-content\/uploads\/2019\/05\/v23-72-PPI.png","width":1004,"height":403,"caption":"Maison de L'Ecologie de Provence"},"image":{"@id":"https:\/\/www.ecologieprovence.org\/#\/schema\/logo\/image\/"}}]}},"_links":{"self":[{"href":"https:\/\/www.ecologieprovence.org\/index.php\/wp-json\/wp\/v2\/pages\/155"}],"collection":[{"href":"https:\/\/www.ecologieprovence.org\/index.php\/wp-json\/wp\/v2\/pages"}],"about":[{"href":"https:\/\/www.ecologieprovence.org\/index.php\/wp-json\/wp\/v2\/types\/page"}],"author":[{"embeddable":true,"href":"https:\/\/www.ecologieprovence.org\/index.php\/wp-json\/wp\/v2\/users\/1"}],"replies":[{"embeddable":true,"href":"https:\/\/www.ecologieprovence.org\/index.php\/wp-json\/wp\/v2\/comments?post=155"}],"version-history":[{"count":38,"href":"https:\/\/www.ecologieprovence.org\/index.php\/wp-json\/wp\/v2\/pages\/155\/revisions"}],"predecessor-version":[{"id":1390,"href":"https:\/\/www.ecologieprovence.org\/index.php\/wp-json\/wp\/v2\/pages\/155\/revisions\/1390"}],"wp:attachment":[{"href":"https:\/\/www.ecologieprovence.org\/index.php\/wp-json\/wp\/v2\/media?parent=155"}],"curies":[{"name":"wp","href":"https:\/\/api.w.org\/{rel}","templated":true}]}}