{"id":17,"date":"2019-03-28T15:26:29","date_gmt":"2019-03-28T14:26:29","guid":{"rendered":"http:\/\/ecologieprovence.org\/?page_id=17"},"modified":"2020-02-20T11:55:15","modified_gmt":"2020-02-20T10:55:15","slug":"les-calanques-et-nous","status":"publish","type":"page","link":"https:\/\/www.ecologieprovence.org\/index.php\/les-calanques-et-nous\/","title":{"rendered":"Les Calanques et Nous"},"content":{"rendered":"<h6 style=\"text-align: center;\"><img loading=\"lazy\" class=\" wp-image-810 alignright\" src=\"http:\/\/ecologieprovence.org\/wp-content\/uploads\/2019\/05\/Logo-LCEN.png\" alt=\"\" width=\"266\" height=\"320\" \/><\/h6>\n<p>&nbsp;<\/p>\n<p class=\"rtejustify\" style=\"text-align: left;\"><span style=\"color: #808080;\">Les Calanques et Nous <\/span><span style=\"color: #333333;\"><span style=\"color: #808080;\">est un<\/span> <span style=\"color: #008080;\">outil p\u00e9dagogique<\/span> <span style=\"color: #808080;\">d\u00e9velopp\u00e9 par la Maison de l\u2019\u00c9cologie Provence<\/span> <span style=\"color: #008080;\">dans le cadre du partenariat Educalanques<\/span>,<span style=\"color: #808080;\"> lanc\u00e9 en 2015 par le<\/span> <a href=\"http:\/\/www.calanques-parcnational.fr\/fr\" target=\"_blank\" rel=\"noopener noreferrer\">Parc National des Calanques<\/a><span style=\"color: #808080;\">.\u00a0<\/span><\/span><\/p>\n<p class=\"rtejustify\" style=\"text-align: left;\"><span style=\"color: #333333;\"><span style=\"color: #808080;\">Ce projet d&rsquo;\u00e9ducation \u00e0 l&rsquo;environnement se compose de <a href=\"http:\/\/ecologieprovence.org\/index.php\/modules-ecoles-les-calanques-et-nous\/\" target=\"_blank\" rel=\"noopener noreferrer\">dix modules<\/a> se pr\u00e9sentant sous la forme de<\/span> <span style=\"color: #008080;\">diaporamas interactifs et ludiques sur la pr\u00e9servation du site naturel des Calanques. <span style=\"color: #808080;\">L&rsquo;outil p\u00e9dagogique<\/span><\/span><\/span><span style=\"color: #333333;\"><span style=\"color: #808080;\">\u00a0abordent diff\u00e9rentes th\u00e9matiques telles que <span style=\"color: #008080;\">la raison d&rsquo;\u00eatre du Parc national des Calanques<\/span> et<\/span> <span style=\"color: #008080;\">ses enjeux de pr\u00e9servation.<\/span><\/span><\/p>\n<p class=\"rtejustify\" style=\"text-align: left;\"><span style=\"color: #333333;\"><span style=\"color: #808080;\">Construit de mani\u00e8re collaborative avec les enfants et les diff\u00e9rents experts p\u00e9dagogiques et scientifiques,\u00a0 ce projet permet aux enfants de mieux comprendre et de mieux s\u2019approprier leur territoire; tout en d\u00e9veloppant leur<\/span> <span style=\"color: #008080;\">prise de conscience sur l&rsquo;importance de la Nature et de la Biodiversit\u00e9.<\/span><\/span><\/p>\n<p>&nbsp;<\/p>\n<p><img loading=\"lazy\" class=\"alignnone size-full wp-image-701\" style=\"font-size: 18px;\" src=\"http:\/\/ecologieprovence.org\/wp-content\/uploads\/2019\/07\/pr-le-4.png\" alt=\"\" width=\"1398\" height=\"303\" srcset=\"https:\/\/www.ecologieprovence.org\/wp-content\/uploads\/2019\/07\/pr-le-4.png 1398w, https:\/\/www.ecologieprovence.org\/wp-content\/uploads\/2019\/07\/pr-le-4-300x65.png 300w, https:\/\/www.ecologieprovence.org\/wp-content\/uploads\/2019\/07\/pr-le-4-768x166.png 768w, https:\/\/www.ecologieprovence.org\/wp-content\/uploads\/2019\/07\/pr-le-4-1024x222.png 1024w\" sizes=\"(max-width: 1398px) 100vw, 1398px\" \/><\/p>\n<p style=\"text-align: right;\"><a href=\"http:\/\/ecologieprovence.org\/wp-content\/uploads\/2019\/08\/Lettre-de-soutien-PNCal.pdf\">Lettre de soutien du Parc national des Calanques<\/a><\/p>\n<p>&nbsp;<\/p>\n<p><span style=\"color: #333333;\"><img loading=\"lazy\" class=\"size-medium wp-image-219 alignleft\" src=\"http:\/\/ecologieprovence.org\/wp-content\/uploads\/2019\/04\/D\u00e9cor-calanque-personnages-2-300x226.gif\" alt=\"\" width=\"300\" height=\"226\" srcset=\"https:\/\/www.ecologieprovence.org\/wp-content\/uploads\/2019\/04\/D\u00e9cor-calanque-personnages-2-300x226.gif 300w, https:\/\/www.ecologieprovence.org\/wp-content\/uploads\/2019\/04\/D\u00e9cor-calanque-personnages-2-768x580.gif 768w, https:\/\/www.ecologieprovence.org\/wp-content\/uploads\/2019\/04\/D\u00e9cor-calanque-personnages-2-1024x773.gif 1024w, https:\/\/www.ecologieprovence.org\/wp-content\/uploads\/2019\/04\/D\u00e9cor-calanque-personnages-2-1431x1080.gif 1431w\" sizes=\"(max-width: 300px) 100vw, 300px\" \/><\/span><\/p>\n<p><span style=\"color: #333333;\"><span style=\"color: #808080;\">Le principal objectif du projet Les Calanques et Nous est de<\/span> <span style=\"color: #008080;\">sensibiliser un maximum de personnes\u00a0\u00e0 l\u2019importance de la pr\u00e9servation du Parc national des Calanques. <\/span><\/span><\/p>\n<p><span style=\"color: #808080;\">A travers ce projet, la Maison de L&rsquo;\u00c9cologie Provence souhaite d\u00e9velopper la curiosit\u00e9 des plus jeunes autour de ce site naturel, de la nature et de la biodiversit\u00e9 en g\u00e9n\u00e9ral.<\/span><\/p>\n<p><span style=\"color: #808080;\">Les Calanques et Nous a aussi pour objectif de mieux faire conna\u00eetre le travail des experts du Parc National des Calanques relatif \u00e0 la protection du site et de son \u00e9cosyst\u00e8me.<\/span><\/p>\n<p>&nbsp;<\/p>\n<p>&nbsp;<\/p>\n","protected":false},"excerpt":{"rendered":"<p>&nbsp; Les Calanques et Nous est un outil p\u00e9dagogique d\u00e9velopp\u00e9 par la Maison de l\u2019\u00c9cologie Provence dans le cadre du partenariat Educalanques, lanc\u00e9 en 2015 par le Parc National des Calanques.\u00a0 Ce projet d&rsquo;\u00e9ducation \u00e0 l&rsquo;environnement se compose de dix modules se pr\u00e9sentant sous la forme de diaporamas interactifs et ludiques sur la pr\u00e9servation du&hellip; <br \/> <a class=\"button small blue\" href=\"https:\/\/www.ecologieprovence.org\/index.php\/les-calanques-et-nous\/\">Lire la suite<\/a><\/p>\n","protected":false},"author":1,"featured_media":0,"parent":0,"menu_order":0,"comment_status":"closed","ping_status":"closed","template":"","meta":[],"yoast_head":"<!-- This site is optimized with the Yoast SEO plugin v19.7.1 - https:\/\/yoast.com\/wordpress\/plugins\/seo\/ -->\n<title>Les Calanques et Nous &bull; Maison Ecologie Provence<\/title>\n<meta name=\"robots\" content=\"index, follow, max-snippet:-1, max-image-preview:large, max-video-preview:-1\" \/>\n<link rel=\"canonical\" href=\"https:\/\/www.ecologieprovence.org\/index.php\/les-calanques-et-nous\/\" \/>\n<meta property=\"og:locale\" content=\"fr_FR\" \/>\n<meta property=\"og:type\" content=\"article\" \/>\n<meta property=\"og:title\" content=\"Les Calanques et Nous &bull; Maison Ecologie Provence\" \/>\n<meta property=\"og:description\" content=\"&nbsp; Les Calanques et Nous est un outil p\u00e9dagogique d\u00e9velopp\u00e9 par la Maison de l\u2019\u00c9cologie Provence dans le cadre du partenariat Educalanques, lanc\u00e9 en 2015 par le Parc National des Calanques.\u00a0 Ce projet d&rsquo;\u00e9ducation \u00e0 l&rsquo;environnement se compose de dix modules se pr\u00e9sentant sous la forme de diaporamas interactifs et ludiques sur la pr\u00e9servation du&hellip; Lire la suite\" \/>\n<meta property=\"og:url\" content=\"https:\/\/www.ecologieprovence.org\/index.php\/les-calanques-et-nous\/\" \/>\n<meta property=\"og:site_name\" content=\"Maison Ecologie Provence\" \/>\n<meta property=\"article:publisher\" content=\"https:\/\/www.facebook.com\/maisonecologieprovence\/\" \/>\n<meta property=\"article:modified_time\" content=\"2020-02-20T10:55:15+00:00\" \/>\n<meta property=\"og:image\" content=\"http:\/\/ecologieprovence.org\/wp-content\/uploads\/2019\/05\/Logo-LCEN.png\" \/>\n<meta name=\"twitter:card\" content=\"summary_large_image\" \/>\n<meta name=\"twitter:label1\" content=\"Dur\u00e9e de lecture estim\u00e9e\" \/>\n\t<meta name=\"twitter:data1\" content=\"1 minute\" \/>\n<script type=\"application\/ld+json\" class=\"yoast-schema-graph\">{\"@context\":\"https:\/\/schema.org\",\"@graph\":[{\"@type\":\"WebPage\",\"@id\":\"https:\/\/www.ecologieprovence.org\/index.php\/les-calanques-et-nous\/\",\"url\":\"https:\/\/www.ecologieprovence.org\/index.php\/les-calanques-et-nous\/\",\"name\":\"Les Calanques et Nous &bull; Maison Ecologie Provence\",\"isPartOf\":{\"@id\":\"https:\/\/www.ecologieprovence.org\/#website\"},\"datePublished\":\"2019-03-28T14:26:29+00:00\",\"dateModified\":\"2020-02-20T10:55:15+00:00\",\"breadcrumb\":{\"@id\":\"https:\/\/www.ecologieprovence.org\/index.php\/les-calanques-et-nous\/#breadcrumb\"},\"inLanguage\":\"fr-FR\",\"potentialAction\":[{\"@type\":\"ReadAction\",\"target\":[\"https:\/\/www.ecologieprovence.org\/index.php\/les-calanques-et-nous\/\"]}]},{\"@type\":\"BreadcrumbList\",\"@id\":\"https:\/\/www.ecologieprovence.org\/index.php\/les-calanques-et-nous\/#breadcrumb\",\"itemListElement\":[{\"@type\":\"ListItem\",\"position\":1,\"name\":\"Accueil\",\"item\":\"https:\/\/www.ecologieprovence.org\/\"},{\"@type\":\"ListItem\",\"position\":2,\"name\":\"Les Calanques et Nous\"}]},{\"@type\":\"WebSite\",\"@id\":\"https:\/\/www.ecologieprovence.org\/#website\",\"url\":\"https:\/\/www.ecologieprovence.org\/\",\"name\":\"Maison Ecologie Provence\",\"description\":\"\",\"publisher\":{\"@id\":\"https:\/\/www.ecologieprovence.org\/#organization\"},\"potentialAction\":[{\"@type\":\"SearchAction\",\"target\":{\"@type\":\"EntryPoint\",\"urlTemplate\":\"https:\/\/www.ecologieprovence.org\/?s={search_term_string}\"},\"query-input\":\"required name=search_term_string\"}],\"inLanguage\":\"fr-FR\"},{\"@type\":\"Organization\",\"@id\":\"https:\/\/www.ecologieprovence.org\/#organization\",\"name\":\"Maison de L'Ecologie de Provence\",\"url\":\"https:\/\/www.ecologieprovence.org\/\",\"sameAs\":[\"https:\/\/www.linkedin.com\/company\/maison-de-l-ecologie-de-provence\",\"https:\/\/www.youtube.com\/channel\/UCLaOSLMkLPs5ge-JOo8-QeA\",\"https:\/\/www.facebook.com\/maisonecologieprovence\/\"],\"logo\":{\"@type\":\"ImageObject\",\"inLanguage\":\"fr-FR\",\"@id\":\"https:\/\/www.ecologieprovence.org\/#\/schema\/logo\/image\/\",\"url\":\"http:\/\/ecologieprovence.org\/wp-content\/uploads\/2019\/05\/v23-72-PPI.png\",\"contentUrl\":\"http:\/\/ecologieprovence.org\/wp-content\/uploads\/2019\/05\/v23-72-PPI.png\",\"width\":1004,\"height\":403,\"caption\":\"Maison de L'Ecologie de Provence\"},\"image\":{\"@id\":\"https:\/\/www.ecologieprovence.org\/#\/schema\/logo\/image\/\"}}]}<\/script>\n<!-- \/ Yoast SEO plugin. -->","yoast_head_json":{"title":"Les Calanques et Nous &bull; Maison Ecologie Provence","robots":{"index":"index","follow":"follow","max-snippet":"max-snippet:-1","max-image-preview":"max-image-preview:large","max-video-preview":"max-video-preview:-1"},"canonical":"https:\/\/www.ecologieprovence.org\/index.php\/les-calanques-et-nous\/","og_locale":"fr_FR","og_type":"article","og_title":"Les Calanques et Nous &bull; Maison Ecologie Provence","og_description":"&nbsp; Les Calanques et Nous est un outil p\u00e9dagogique d\u00e9velopp\u00e9 par la Maison de l\u2019\u00c9cologie Provence dans le cadre du partenariat Educalanques, lanc\u00e9 en 2015 par le Parc National des Calanques.\u00a0 Ce projet d&rsquo;\u00e9ducation \u00e0 l&rsquo;environnement se compose de dix modules se pr\u00e9sentant sous la forme de diaporamas interactifs et ludiques sur la pr\u00e9servation du&hellip; Lire la suite","og_url":"https:\/\/www.ecologieprovence.org\/index.php\/les-calanques-et-nous\/","og_site_name":"Maison Ecologie Provence","article_publisher":"https:\/\/www.facebook.com\/maisonecologieprovence\/","article_modified_time":"2020-02-20T10:55:15+00:00","og_image":[{"url":"http:\/\/ecologieprovence.org\/wp-content\/uploads\/2019\/05\/Logo-LCEN.png"}],"twitter_card":"summary_large_image","twitter_misc":{"Dur\u00e9e de lecture estim\u00e9e":"1 minute"},"schema":{"@context":"https:\/\/schema.org","@graph":[{"@type":"WebPage","@id":"https:\/\/www.ecologieprovence.org\/index.php\/les-calanques-et-nous\/","url":"https:\/\/www.ecologieprovence.org\/index.php\/les-calanques-et-nous\/","name":"Les Calanques et Nous &bull; Maison Ecologie Provence","isPartOf":{"@id":"https:\/\/www.ecologieprovence.org\/#website"},"datePublished":"2019-03-28T14:26:29+00:00","dateModified":"2020-02-20T10:55:15+00:00","breadcrumb":{"@id":"https:\/\/www.ecologieprovence.org\/index.php\/les-calanques-et-nous\/#breadcrumb"},"inLanguage":"fr-FR","potentialAction":[{"@type":"ReadAction","target":["https:\/\/www.ecologieprovence.org\/index.php\/les-calanques-et-nous\/"]}]},{"@type":"BreadcrumbList","@id":"https:\/\/www.ecologieprovence.org\/index.php\/les-calanques-et-nous\/#breadcrumb","itemListElement":[{"@type":"ListItem","position":1,"name":"Accueil","item":"https:\/\/www.ecologieprovence.org\/"},{"@type":"ListItem","position":2,"name":"Les Calanques et Nous"}]},{"@type":"WebSite","@id":"https:\/\/www.ecologieprovence.org\/#website","url":"https:\/\/www.ecologieprovence.org\/","name":"Maison Ecologie Provence","description":"","publisher":{"@id":"https:\/\/www.ecologieprovence.org\/#organization"},"potentialAction":[{"@type":"SearchAction","target":{"@type":"EntryPoint","urlTemplate":"https:\/\/www.ecologieprovence.org\/?s={search_term_string}"},"query-input":"required name=search_term_string"}],"inLanguage":"fr-FR"},{"@type":"Organization","@id":"https:\/\/www.ecologieprovence.org\/#organization","name":"Maison de L'Ecologie de Provence","url":"https:\/\/www.ecologieprovence.org\/","sameAs":["https:\/\/www.linkedin.com\/company\/maison-de-l-ecologie-de-provence","https:\/\/www.youtube.com\/channel\/UCLaOSLMkLPs5ge-JOo8-QeA","https:\/\/www.facebook.com\/maisonecologieprovence\/"],"logo":{"@type":"ImageObject","inLanguage":"fr-FR","@id":"https:\/\/www.ecologieprovence.org\/#\/schema\/logo\/image\/","url":"http:\/\/ecologieprovence.org\/wp-content\/uploads\/2019\/05\/v23-72-PPI.png","contentUrl":"http:\/\/ecologieprovence.org\/wp-content\/uploads\/2019\/05\/v23-72-PPI.png","width":1004,"height":403,"caption":"Maison de L'Ecologie de Provence"},"image":{"@id":"https:\/\/www.ecologieprovence.org\/#\/schema\/logo\/image\/"}}]}},"_links":{"self":[{"href":"https:\/\/www.ecologieprovence.org\/index.php\/wp-json\/wp\/v2\/pages\/17"}],"collection":[{"href":"https:\/\/www.ecologieprovence.org\/index.php\/wp-json\/wp\/v2\/pages"}],"about":[{"href":"https:\/\/www.ecologieprovence.org\/index.php\/wp-json\/wp\/v2\/types\/page"}],"author":[{"embeddable":true,"href":"https:\/\/www.ecologieprovence.org\/index.php\/wp-json\/wp\/v2\/users\/1"}],"replies":[{"embeddable":true,"href":"https:\/\/www.ecologieprovence.org\/index.php\/wp-json\/wp\/v2\/comments?post=17"}],"version-history":[{"count":36,"href":"https:\/\/www.ecologieprovence.org\/index.php\/wp-json\/wp\/v2\/pages\/17\/revisions"}],"predecessor-version":[{"id":97,"href":"https:\/\/www.ecologieprovence.org\/index.php\/wp-json\/wp\/v2\/pages\/17\/revisions\/97"}],"wp:attachment":[{"href":"https:\/\/www.ecologieprovence.org\/index.php\/wp-json\/wp\/v2\/media?parent=17"}],"curies":[{"name":"wp","href":"https:\/\/api.w.org\/{rel}","templated":true}]}}