{"id":18,"date":"2019-03-28T15:26:29","date_gmt":"2019-03-28T14:26:29","guid":{"rendered":"http:\/\/ecologieprovence.org\/?page_id=18"},"modified":"2020-09-07T14:29:51","modified_gmt":"2020-09-07T12:29:51","slug":"leau-et-moi","status":"publish","type":"page","link":"https:\/\/www.ecologieprovence.org\/index.php\/leau-et-moi\/","title":{"rendered":"L&rsquo;Eau et Moi"},"content":{"rendered":"<p><img loading=\"lazy\" class=\" wp-image-1466 alignright\" src=\"http:\/\/ecologieprovence.org\/wp-content\/uploads\/2020\/09\/l-eau-et-moi-logo-officiel-2.png\" alt=\"\" width=\"206\" height=\"204\" srcset=\"https:\/\/www.ecologieprovence.org\/wp-content\/uploads\/2020\/09\/l-eau-et-moi-logo-officiel-2.png 266w, https:\/\/www.ecologieprovence.org\/wp-content\/uploads\/2020\/09\/l-eau-et-moi-logo-officiel-2-150x150.png 150w\" sizes=\"(max-width: 206px) 100vw, 206px\" \/><\/p>\n<p class=\"N-ZiCg direction-ltr align-justify para-style-body\" style=\"text-align: justify;\"><span style=\"color: #008080;\">L\u2019Eau et Moi<\/span> est\u00a0un projet d\u2019\u00e9ducation au d\u00e9veloppement durable\u00a0d\u00e9velopp\u00e9 par la Maison de l\u2019\u00c9cologie Provence. Son objectif principal est de <span style=\"color: #008080;\">sensibiliser les plus jeunes aux enjeux de pr\u00e9servation, d&rsquo;acc\u00e8s,\u00a0d\u2019utilisation\u00a0et\u00a0de partage de l&rsquo;eau<\/span>.<\/p>\n<p class=\"N-ZiCg direction-ltr align-justify para-style-body\" style=\"text-align: justify;\">Comme pour <a href=\"http:\/\/ecologieprovence.org\/index.php\/lair-et-moi\/\" target=\"_blank\" rel=\"noopener noreferrer\">L&rsquo;Air et Moi<\/a>, des supports de sensibilisation L&rsquo;Eau et Moi seront <span style=\"color: #008080;\">t\u00e9l\u00e9chargeables gratuitement et ainsi mis \u00e0 disposition des enseignants et des animateurs<\/span> souhaitant sensibiliser leurs classes. Le message d\u00e9livr\u00e9 dans les diff\u00e9rents modules sera r\u00e9solument positif, afin de montrer que chacun peut agir \u00e0 son niveau et au quotidien.<\/p>\n<p style=\"text-align: justify;\">Les modules de L&rsquo;Eau et Moi d\u00e9j\u00e0 con\u00e7us sont les suivants :<\/p>\n<ul>\n<li style=\"list-style-type: none;\">\n<ul id=\"bul-bd6a53ea-70cd-d6e3-0e0e-1bdb1f15bed0\" class=\"\">\n<li><span style=\"color: #008080;\">Module 1 :<\/span> Le cycle de l\u2019eau, causes et cons\u00e9quences des pollutions\u00a0<\/li>\n<li><span style=\"color: #008080;\">Module 2 :<\/span> L\u2019eau solidaire<\/li>\n<\/ul>\n<\/li>\n<\/ul>\n<p>Les modules en train de construction sont:\u00a0<\/p>\n<ul>\n<li style=\"list-style-type: none;\">\n<ul id=\"bul-bd6a53ea-70cd-d6e3-0e0e-1bdb1f15bed0\" class=\"\">\n<li><span style=\"color: #008080;\">Module 3 :<\/span> Les solutions\u00a0<\/li>\n<li><span style=\"color: #008080;\">Module 4 :<\/span> L\u2019eau et ma sant\u00e9 : surveillance et contr\u00f4le de la qualit\u00e9 de l\u2019eau\u00a0<\/li>\n<li><span style=\"color: #008080;\">Module 5 :<\/span> Les risques li\u00e9s \u00e0 l\u2019eau\u00a0<\/li>\n<li><span style=\"color: #008080;\">Module 6 : <\/span>Les milieux aquatiques<\/li>\n<li><span style=\"color: #008080;\">Modules transversaux :<\/span> Synth\u00e8se par cycle d\u2019\u00e9tude de l\u2019ensemble des modules\u00a0<\/li>\n<\/ul>\n<\/li>\n<\/ul>\n<p>&nbsp;<\/p>\n<p class=\"N-ZiCg direction-ltr align-justify para-style-body\" style=\"text-align: justify;\">Au-del\u00e0 de la sensibilisation, le projet vise \u00e0 mieux faire conna\u00eetre le travail des diff\u00e9rents acteurs de l\u2019eau. Gr\u00e2ce au recensement r\u00e9alis\u00e9 en 2017, nous avions not\u00e9 que certains supports abordent le traitement de l\u2019eau potable et des eaux us\u00e9es, mais pas la <span style=\"color: #008080;\">pollution de l&rsquo;eau et des milieux aquatiques<\/span>.<\/p>\n<h4>\u00a0<\/h4>\n<p style=\"text-align: center;\"><span style=\"color: #008080;\">Dans le cadre de ce projet, nous sommes \u00e0 la recherche de <strong>partenariats<\/strong> pour d\u00e9velopper <\/span><span style=\"color: #008080;\">notre programme p\u00e9dagogique !<\/span><\/p>\n<h5 style=\"text-align: center;\">\ud83d\udc49 Si vous \u00eates int\u00e9ress\u00e9 \u00e0 soutenir ce projet, <span style=\"color: #333333;\"><a href=\"http:\/\/ecologieprovence.org\/index.php\/partenariat-solidaire\/\" target=\"_blank\" rel=\"noopener noreferrer\">contactez-nous<\/a> !\u00a0<\/span><\/h5>\n<p>&nbsp;<\/p>\n<h6 style=\"text-align: center;\"><span style=\"color: #008080;\">Besoin de plus d&rsquo;informations ?<\/span><\/h6>\n<h5 style=\"text-align: center;\"><span style=\"color: #008080;\">\ud83d\udc47<\/span><\/h5>\n<h4 style=\"text-align: center;\"><a class=\"wpsebtn\" id=\"btn-556e58d1-46a5-d113-6cee-16c63371fc7d\" data-font-size=\"14\" data-color=\"#ffffff\" data-background=\"#248c99\" data-padding-left=\"12\" data-padding-top=\"6\" data-padding-right=\"12\" data-padding-bottom=\"6\" data-border-width=\"1\" data-border-radius=\"5\" data-border-color=\"#357ebd\" data-color-hover=\"#ffffff\" data-background-hover=\"#f0b500\" data-box-shadow-color-hover=\"#bababa\" data-box-shadow-horz-hover=\"3\" data-box-shadow-vert-hover=\"3\" data-box-shadow-blur-hover=\"3\" data-box-shadow-spread-hover=\"0\" data-text=\"L'Air et Moi \u00c9cole\" data-btn-link=\"http:\/\/ecologieprovence.org\/index.php\/lair-et-moi-ecole\/\" href=\"http:\/\/ecologieprovence.org\/wp-content\/uploads\/2019\/11\/Leau-et-moi-brochure-090720.pdf\" type=\"button\" target=\"_blank\" rel=\"noopener noreferrer\">Brochure Eau et Moi<\/a>\u00a0 \u00a0\u00a0 \u00a0<a class=\"wpsebtn\" id=\"btn-b3d04c4f-2e3c-a2b4-e843-e50d0a1e7e42\" data-font-size=\"14\" data-color=\"#ffffff\" data-background=\"#248c99\" data-padding-left=\"12\" data-padding-top=\"6\" data-padding-right=\"12\" data-padding-bottom=\"6\" data-border-width=\"1\" data-border-radius=\"5\" data-border-color=\"#357ebd\" data-color-hover=\"#ffffff\" data-background-hover=\"#f0b500\" data-box-shadow-color-hover=\"#bababa\" data-box-shadow-horz-hover=\"3\" data-box-shadow-vert-hover=\"3\" data-box-shadow-blur-hover=\"3\" data-box-shadow-spread-hover=\"0\" data-text=\"L'Air et Moi \u00c9cole\" data-btn-link=\"http:\/\/ecologieprovence.org\/index.php\/lair-et-moi-ecole\/\" href=\"http:\/\/ecologieprovence.org\/wp-content\/uploads\/2019\/11\/Pr\u00e9sentation-EEM-090720.pdf\" type=\"button\" target=\"_blank\" rel=\"noopener noreferrer\">Description d\u00e9taill\u00e9e du projet<\/a><\/h4>\n<h6 style=\"text-align: left;\">\u00a0<\/h6>\n<p style=\"text-align: right;\"><span style=\"color: #333333;\"><img loading=\"lazy\" class=\"alignnone  wp-image-697 alignright\" src=\"http:\/\/ecologieprovence.org\/wp-content\/uploads\/2019\/07\/pr-le-s-3.png\" alt=\"\" width=\"1407\" height=\"335\" srcset=\"https:\/\/www.ecologieprovence.org\/wp-content\/uploads\/2019\/07\/pr-le-s-3.png 1399w, https:\/\/www.ecologieprovence.org\/wp-content\/uploads\/2019\/07\/pr-le-s-3-300x71.png 300w, https:\/\/www.ecologieprovence.org\/wp-content\/uploads\/2019\/07\/pr-le-s-3-768x183.png 768w, https:\/\/www.ecologieprovence.org\/wp-content\/uploads\/2019\/07\/pr-le-s-3-1024x244.png 1024w\" sizes=\"(max-width: 1407px) 100vw, 1407px\" \/><\/span><a href=\"http:\/\/ecologieprovence.org\/wp-content\/uploads\/2019\/08\/Lettre-soutien-maison-\u00e9cologie-provence.pdf\">Lettre de soutien Fondation France Libert\u00e9s<\/a><\/p>\n<div id=\"style-btn-556e58d1-46a5-d113-6cee-16c63371fc7d\">\n<style class=\"style-btn\">#btn-556e58d1-46a5-d113-6cee-16c63371fc7d {font-size: 14px;color: #ffffff;background: #248c99;padding-left: 12px;padding-top: 6px;padding-right: 12px;padding-bottom: 6px;border-width: 1px;border-radius: 5px;-moz-border-radius: 5px;-webkit-border-radius: 5px;border-color: #357ebd;} #btn-556e58d1-46a5-d113-6cee-16c63371fc7d:hover {background: #f0b500;color: #ffffff;box-shadow: 3px 3px 3px 0px #bababa;-moz-box-shadow: 3px 3px 3px 0px #bababa;-webkit-box-shadow: 3px 3px 3px 0px #bababa;}<\/style>\n<\/div>\n<div id=\"style-btn-b3d04c4f-2e3c-a2b4-e843-e50d0a1e7e42\">\n<style class=\"style-btn\">#btn-b3d04c4f-2e3c-a2b4-e843-e50d0a1e7e42 {font-size: 14px;color: #ffffff;background: #248c99;padding-left: 12px;padding-top: 6px;padding-right: 12px;padding-bottom: 6px;border-width: 1px;border-radius: 5px;-moz-border-radius: 5px;-webkit-border-radius: 5px;border-color: #357ebd;} #btn-b3d04c4f-2e3c-a2b4-e843-e50d0a1e7e42:hover {background: #f0b500;color: #ffffff;box-shadow: 3px 3px 3px 0px #bababa;-moz-box-shadow: 3px 3px 3px 0px #bababa;-webkit-box-shadow: 3px 3px 3px 0px #bababa;}<\/style>\n<\/div>\n","protected":false},"excerpt":{"rendered":"<p>L\u2019Eau et Moi est\u00a0un projet d\u2019\u00e9ducation au d\u00e9veloppement durable\u00a0d\u00e9velopp\u00e9 par la Maison de l\u2019\u00c9cologie Provence. Son objectif principal est de sensibiliser les plus jeunes aux enjeux de pr\u00e9servation, d&rsquo;acc\u00e8s,\u00a0d\u2019utilisation\u00a0et\u00a0de partage de l&rsquo;eau. Comme pour L&rsquo;Air et Moi, des supports de sensibilisation L&rsquo;Eau et Moi seront t\u00e9l\u00e9chargeables gratuitement et ainsi mis \u00e0 disposition des enseignants et&hellip; <br \/> <a class=\"button small blue\" href=\"https:\/\/www.ecologieprovence.org\/index.php\/leau-et-moi\/\">Lire la suite<\/a><\/p>\n","protected":false},"author":1,"featured_media":0,"parent":0,"menu_order":0,"comment_status":"closed","ping_status":"closed","template":"","meta":[],"yoast_head":"<!-- This site is optimized with the Yoast SEO plugin v19.7.1 - https:\/\/yoast.com\/wordpress\/plugins\/seo\/ -->\n<title>L&#039;Eau et Moi &bull; Maison Ecologie Provence<\/title>\n<meta name=\"robots\" content=\"index, follow, max-snippet:-1, max-image-preview:large, max-video-preview:-1\" \/>\n<link rel=\"canonical\" href=\"https:\/\/www.ecologieprovence.org\/index.php\/leau-et-moi\/\" \/>\n<meta property=\"og:locale\" content=\"fr_FR\" \/>\n<meta property=\"og:type\" content=\"article\" \/>\n<meta property=\"og:title\" content=\"L&#039;Eau et Moi &bull; Maison Ecologie Provence\" \/>\n<meta property=\"og:description\" content=\"L\u2019Eau et Moi est\u00a0un projet d\u2019\u00e9ducation au d\u00e9veloppement durable\u00a0d\u00e9velopp\u00e9 par la Maison de l\u2019\u00c9cologie Provence. Son objectif principal est de sensibiliser les plus jeunes aux enjeux de pr\u00e9servation, d&rsquo;acc\u00e8s,\u00a0d\u2019utilisation\u00a0et\u00a0de partage de l&rsquo;eau. Comme pour L&rsquo;Air et Moi, des supports de sensibilisation L&rsquo;Eau et Moi seront t\u00e9l\u00e9chargeables gratuitement et ainsi mis \u00e0 disposition des enseignants et&hellip; Lire la suite\" \/>\n<meta property=\"og:url\" content=\"https:\/\/www.ecologieprovence.org\/index.php\/leau-et-moi\/\" \/>\n<meta property=\"og:site_name\" content=\"Maison Ecologie Provence\" \/>\n<meta property=\"article:publisher\" content=\"https:\/\/www.facebook.com\/maisonecologieprovence\/\" \/>\n<meta property=\"article:modified_time\" content=\"2020-09-07T12:29:51+00:00\" \/>\n<meta property=\"og:image\" content=\"http:\/\/ecologieprovence.org\/wp-content\/uploads\/2020\/09\/l-eau-et-moi-logo-officiel-2.png\" \/>\n<meta name=\"twitter:card\" content=\"summary_large_image\" \/>\n<meta name=\"twitter:label1\" content=\"Dur\u00e9e de lecture estim\u00e9e\" \/>\n\t<meta name=\"twitter:data1\" content=\"1 minute\" \/>\n<script type=\"application\/ld+json\" class=\"yoast-schema-graph\">{\"@context\":\"https:\/\/schema.org\",\"@graph\":[{\"@type\":\"WebPage\",\"@id\":\"https:\/\/www.ecologieprovence.org\/index.php\/leau-et-moi\/\",\"url\":\"https:\/\/www.ecologieprovence.org\/index.php\/leau-et-moi\/\",\"name\":\"L'Eau et Moi &bull; Maison Ecologie Provence\",\"isPartOf\":{\"@id\":\"https:\/\/www.ecologieprovence.org\/#website\"},\"datePublished\":\"2019-03-28T14:26:29+00:00\",\"dateModified\":\"2020-09-07T12:29:51+00:00\",\"breadcrumb\":{\"@id\":\"https:\/\/www.ecologieprovence.org\/index.php\/leau-et-moi\/#breadcrumb\"},\"inLanguage\":\"fr-FR\",\"potentialAction\":[{\"@type\":\"ReadAction\",\"target\":[\"https:\/\/www.ecologieprovence.org\/index.php\/leau-et-moi\/\"]}]},{\"@type\":\"BreadcrumbList\",\"@id\":\"https:\/\/www.ecologieprovence.org\/index.php\/leau-et-moi\/#breadcrumb\",\"itemListElement\":[{\"@type\":\"ListItem\",\"position\":1,\"name\":\"Accueil\",\"item\":\"https:\/\/www.ecologieprovence.org\/\"},{\"@type\":\"ListItem\",\"position\":2,\"name\":\"L&rsquo;Eau et Moi\"}]},{\"@type\":\"WebSite\",\"@id\":\"https:\/\/www.ecologieprovence.org\/#website\",\"url\":\"https:\/\/www.ecologieprovence.org\/\",\"name\":\"Maison Ecologie Provence\",\"description\":\"\",\"publisher\":{\"@id\":\"https:\/\/www.ecologieprovence.org\/#organization\"},\"potentialAction\":[{\"@type\":\"SearchAction\",\"target\":{\"@type\":\"EntryPoint\",\"urlTemplate\":\"https:\/\/www.ecologieprovence.org\/?s={search_term_string}\"},\"query-input\":\"required name=search_term_string\"}],\"inLanguage\":\"fr-FR\"},{\"@type\":\"Organization\",\"@id\":\"https:\/\/www.ecologieprovence.org\/#organization\",\"name\":\"Maison de L'Ecologie de Provence\",\"url\":\"https:\/\/www.ecologieprovence.org\/\",\"sameAs\":[\"https:\/\/www.linkedin.com\/company\/maison-de-l-ecologie-de-provence\",\"https:\/\/www.youtube.com\/channel\/UCLaOSLMkLPs5ge-JOo8-QeA\",\"https:\/\/www.facebook.com\/maisonecologieprovence\/\"],\"logo\":{\"@type\":\"ImageObject\",\"inLanguage\":\"fr-FR\",\"@id\":\"https:\/\/www.ecologieprovence.org\/#\/schema\/logo\/image\/\",\"url\":\"http:\/\/ecologieprovence.org\/wp-content\/uploads\/2019\/05\/v23-72-PPI.png\",\"contentUrl\":\"http:\/\/ecologieprovence.org\/wp-content\/uploads\/2019\/05\/v23-72-PPI.png\",\"width\":1004,\"height\":403,\"caption\":\"Maison de L'Ecologie de Provence\"},\"image\":{\"@id\":\"https:\/\/www.ecologieprovence.org\/#\/schema\/logo\/image\/\"}}]}<\/script>\n<!-- \/ Yoast SEO plugin. -->","yoast_head_json":{"title":"L'Eau et Moi &bull; Maison Ecologie Provence","robots":{"index":"index","follow":"follow","max-snippet":"max-snippet:-1","max-image-preview":"max-image-preview:large","max-video-preview":"max-video-preview:-1"},"canonical":"https:\/\/www.ecologieprovence.org\/index.php\/leau-et-moi\/","og_locale":"fr_FR","og_type":"article","og_title":"L'Eau et Moi &bull; Maison Ecologie Provence","og_description":"L\u2019Eau et Moi est\u00a0un projet d\u2019\u00e9ducation au d\u00e9veloppement durable\u00a0d\u00e9velopp\u00e9 par la Maison de l\u2019\u00c9cologie Provence. Son objectif principal est de sensibiliser les plus jeunes aux enjeux de pr\u00e9servation, d&rsquo;acc\u00e8s,\u00a0d\u2019utilisation\u00a0et\u00a0de partage de l&rsquo;eau. Comme pour L&rsquo;Air et Moi, des supports de sensibilisation L&rsquo;Eau et Moi seront t\u00e9l\u00e9chargeables gratuitement et ainsi mis \u00e0 disposition des enseignants et&hellip; Lire la suite","og_url":"https:\/\/www.ecologieprovence.org\/index.php\/leau-et-moi\/","og_site_name":"Maison Ecologie Provence","article_publisher":"https:\/\/www.facebook.com\/maisonecologieprovence\/","article_modified_time":"2020-09-07T12:29:51+00:00","og_image":[{"url":"http:\/\/ecologieprovence.org\/wp-content\/uploads\/2020\/09\/l-eau-et-moi-logo-officiel-2.png"}],"twitter_card":"summary_large_image","twitter_misc":{"Dur\u00e9e de lecture estim\u00e9e":"1 minute"},"schema":{"@context":"https:\/\/schema.org","@graph":[{"@type":"WebPage","@id":"https:\/\/www.ecologieprovence.org\/index.php\/leau-et-moi\/","url":"https:\/\/www.ecologieprovence.org\/index.php\/leau-et-moi\/","name":"L'Eau et Moi &bull; Maison Ecologie Provence","isPartOf":{"@id":"https:\/\/www.ecologieprovence.org\/#website"},"datePublished":"2019-03-28T14:26:29+00:00","dateModified":"2020-09-07T12:29:51+00:00","breadcrumb":{"@id":"https:\/\/www.ecologieprovence.org\/index.php\/leau-et-moi\/#breadcrumb"},"inLanguage":"fr-FR","potentialAction":[{"@type":"ReadAction","target":["https:\/\/www.ecologieprovence.org\/index.php\/leau-et-moi\/"]}]},{"@type":"BreadcrumbList","@id":"https:\/\/www.ecologieprovence.org\/index.php\/leau-et-moi\/#breadcrumb","itemListElement":[{"@type":"ListItem","position":1,"name":"Accueil","item":"https:\/\/www.ecologieprovence.org\/"},{"@type":"ListItem","position":2,"name":"L&rsquo;Eau et Moi"}]},{"@type":"WebSite","@id":"https:\/\/www.ecologieprovence.org\/#website","url":"https:\/\/www.ecologieprovence.org\/","name":"Maison Ecologie Provence","description":"","publisher":{"@id":"https:\/\/www.ecologieprovence.org\/#organization"},"potentialAction":[{"@type":"SearchAction","target":{"@type":"EntryPoint","urlTemplate":"https:\/\/www.ecologieprovence.org\/?s={search_term_string}"},"query-input":"required name=search_term_string"}],"inLanguage":"fr-FR"},{"@type":"Organization","@id":"https:\/\/www.ecologieprovence.org\/#organization","name":"Maison de L'Ecologie de Provence","url":"https:\/\/www.ecologieprovence.org\/","sameAs":["https:\/\/www.linkedin.com\/company\/maison-de-l-ecologie-de-provence","https:\/\/www.youtube.com\/channel\/UCLaOSLMkLPs5ge-JOo8-QeA","https:\/\/www.facebook.com\/maisonecologieprovence\/"],"logo":{"@type":"ImageObject","inLanguage":"fr-FR","@id":"https:\/\/www.ecologieprovence.org\/#\/schema\/logo\/image\/","url":"http:\/\/ecologieprovence.org\/wp-content\/uploads\/2019\/05\/v23-72-PPI.png","contentUrl":"http:\/\/ecologieprovence.org\/wp-content\/uploads\/2019\/05\/v23-72-PPI.png","width":1004,"height":403,"caption":"Maison de L'Ecologie de Provence"},"image":{"@id":"https:\/\/www.ecologieprovence.org\/#\/schema\/logo\/image\/"}}]}},"_links":{"self":[{"href":"https:\/\/www.ecologieprovence.org\/index.php\/wp-json\/wp\/v2\/pages\/18"}],"collection":[{"href":"https:\/\/www.ecologieprovence.org\/index.php\/wp-json\/wp\/v2\/pages"}],"about":[{"href":"https:\/\/www.ecologieprovence.org\/index.php\/wp-json\/wp\/v2\/types\/page"}],"author":[{"embeddable":true,"href":"https:\/\/www.ecologieprovence.org\/index.php\/wp-json\/wp\/v2\/users\/1"}],"replies":[{"embeddable":true,"href":"https:\/\/www.ecologieprovence.org\/index.php\/wp-json\/wp\/v2\/comments?post=18"}],"version-history":[{"count":55,"href":"https:\/\/www.ecologieprovence.org\/index.php\/wp-json\/wp\/v2\/pages\/18\/revisions"}],"predecessor-version":[{"id":1468,"href":"https:\/\/www.ecologieprovence.org\/index.php\/wp-json\/wp\/v2\/pages\/18\/revisions\/1468"}],"wp:attachment":[{"href":"https:\/\/www.ecologieprovence.org\/index.php\/wp-json\/wp\/v2\/media?parent=18"}],"curies":[{"name":"wp","href":"https:\/\/api.w.org\/{rel}","templated":true}]}}