{"id":346,"date":"2019-05-10T16:39:16","date_gmt":"2019-05-10T14:39:16","guid":{"rendered":"http:\/\/ecologieprovence.org\/?page_id=346"},"modified":"2020-06-17T14:25:24","modified_gmt":"2020-06-17T12:25:24","slug":"mededuc","status":"publish","type":"page","link":"https:\/\/www.ecologieprovence.org\/index.php\/mededuc\/","title":{"rendered":"MED&rsquo;EDUC"},"content":{"rendered":"<p><span style=\"color: #008080;\">La manifestation Med&rsquo;Educ (rencontre \u00ab M\u00e9diterran\u00e9e Education \u00bb)<\/span>, a pour objectif de <span style=\"color: #008080;\">promouvoir une \u00ab gouvernance m\u00e9diterran\u00e9enne par des strat\u00e9gies \u00e9ducatives \u00bb. <\/span><\/p>\n<p>Cette rencontre conviviale<span style=\"color: #008080;\"> permet le partage et l&rsquo;\u00e9change<\/span> entre les diff\u00e9rentes associations, chercheurs, repr\u00e9sentants de l&rsquo;\u00e9tat et des orientations politiques de la r\u00e9gion PACA et de\u00a0Corse, ainsi que des d\u00e9l\u00e9gations \u00e9trang\u00e8res et divers r\u00e9seaux nationaux et internationaux.<\/p>\n<p>Med&rsquo;Educ a \u00e9t\u00e9 <span style=\"color: #008080;\">con\u00e7u<\/span><span class=\"s1\"><span style=\"color: #008080;\"> dans une optique interculturelle et pluridisciplinaire.<\/span> Lors de cette rencontre,\u00a0 c&rsquo;est la <span style=\"color: #008080;\">compr\u00e9hension globale des enjeux environnementaux m\u00e9diterran\u00e9ens et l\u2019interaction entre les activit\u00e9s humaines et la pr\u00e9servation de l\u2019environnement que l&rsquo;on favorise.\u00a0<\/span><\/span><\/p>\n<p><span class=\"s1\">L&rsquo;objectif est \u00e9galement de<span style=\"color: #008080;\"> renforcer l\u2019\u00e9mergence d\u2019une culture \u00ab m\u00e9diterran\u00e9enne\u00bb du d\u00e9veloppement durable <\/span>chez les jeunes et leurs enseignants.<\/span><\/p>\n<p><span style=\"color: #808080;\">L\u2019association U Marinu CPIE Bastia Golo M\u00e9diterran\u00e9e\u00a0<\/span>a en effet depuis sa cr\u00e9ation l&rsquo;objectif de <span style=\"color: #008080;\">promouvoir une gouvernance m\u00e9diterran\u00e9enne par des strat\u00e9gies \u00e9ducatives. <\/span><span style=\"color: #008080;\">La mer M\u00e9diterran\u00e9e est fortement touch\u00e9e par la pollution de plastique et sa biodiversit\u00e9 est menac\u00e9e. Elle doit donc \u00eatre prot\u00e9g\u00e9e.<\/span><\/p>\n<p>&nbsp;<\/p>\n\n<p><img loading=\"lazy\" class=\"alignnone size-full wp-image-725\" src=\"http:\/\/ecologieprovence.org\/wp-content\/uploads\/2019\/07\/Arri\u00e8re-plan-Copie-1.png\" alt=\"\" width=\"2099\" height=\"326\" srcset=\"https:\/\/www.ecologieprovence.org\/wp-content\/uploads\/2019\/07\/Arri\u00e8re-plan-Copie-1.png 2099w, https:\/\/www.ecologieprovence.org\/wp-content\/uploads\/2019\/07\/Arri\u00e8re-plan-Copie-1-300x47.png 300w, https:\/\/www.ecologieprovence.org\/wp-content\/uploads\/2019\/07\/Arri\u00e8re-plan-Copie-1-768x119.png 768w, https:\/\/www.ecologieprovence.org\/wp-content\/uploads\/2019\/07\/Arri\u00e8re-plan-Copie-1-1024x159.png 1024w, https:\/\/www.ecologieprovence.org\/wp-content\/uploads\/2019\/07\/Arri\u00e8re-plan-Copie-1-1920x298.png 1920w\" sizes=\"(max-width: 2099px) 100vw, 2099px\" \/><\/p>\n<p style=\"text-align: center;\"><span style=\"font-size: 18pt; color: #00ccff;\"><strong>MED\u2019EDUC 2019 &#8211;<\/strong>\u00a0<strong>\u00ab Ensemble pr\u00e9servons notre mer \u00bb<\/strong><\/span><\/p>\n<p style=\"text-align: left;\">Prise de parole sur les th\u00e9matiques suivantes :<br \/>Environnement (eau\/ Air\/ Terre)<br \/>Mobilit\u00e9 des jeunes<br \/>Migration<\/p>\n<p>U Marinu et les valeurs de l&rsquo;UNESCO<\/p>\n<p style=\"text-align: left;\">Conf\u00e9rence de presse<\/p>\n<p style=\"text-align: left;\">Mise en r\u00e9seau des CPIE m\u00e9diterran\u00e9ens (PACA, Occitanie, Corse)<\/p>\n<p style=\"text-align: left;\">Conclusions et Signatures officielles des CPIE pour l&rsquo;<span style=\"color: #008080;\">envoi d&rsquo;un communiqu\u00e9 au Sommet des Deux Rives<\/span><\/p>\n<p>&nbsp;<\/p>\n<p>&nbsp;<\/p>\n","protected":false},"excerpt":{"rendered":"<p>La manifestation Med&rsquo;Educ (rencontre \u00ab M\u00e9diterran\u00e9e Education \u00bb), a pour objectif de promouvoir une \u00ab gouvernance m\u00e9diterran\u00e9enne par des strat\u00e9gies \u00e9ducatives \u00bb. Cette rencontre conviviale permet le partage et l&rsquo;\u00e9change entre les diff\u00e9rentes associations, chercheurs, repr\u00e9sentants de l&rsquo;\u00e9tat et des orientations politiques de la r\u00e9gion PACA et de\u00a0Corse, ainsi que des d\u00e9l\u00e9gations \u00e9trang\u00e8res et divers&hellip; <br \/> <a class=\"button small blue\" href=\"https:\/\/www.ecologieprovence.org\/index.php\/mededuc\/\">Lire la suite<\/a><\/p>\n","protected":false},"author":1,"featured_media":0,"parent":0,"menu_order":0,"comment_status":"closed","ping_status":"closed","template":"","meta":[],"yoast_head":"<!-- This site is optimized with the Yoast SEO plugin v19.7.1 - https:\/\/yoast.com\/wordpress\/plugins\/seo\/ -->\n<title>MED&#039;EDUC &bull; Maison Ecologie Provence<\/title>\n<meta name=\"robots\" content=\"index, follow, max-snippet:-1, max-image-preview:large, max-video-preview:-1\" \/>\n<link rel=\"canonical\" href=\"https:\/\/www.ecologieprovence.org\/index.php\/mededuc\/\" \/>\n<meta property=\"og:locale\" content=\"fr_FR\" \/>\n<meta property=\"og:type\" content=\"article\" \/>\n<meta property=\"og:title\" content=\"MED&#039;EDUC &bull; Maison Ecologie Provence\" \/>\n<meta property=\"og:description\" content=\"La manifestation Med&rsquo;Educ (rencontre \u00ab M\u00e9diterran\u00e9e Education \u00bb), a pour objectif de promouvoir une \u00ab gouvernance m\u00e9diterran\u00e9enne par des strat\u00e9gies \u00e9ducatives \u00bb. Cette rencontre conviviale permet le partage et l&rsquo;\u00e9change entre les diff\u00e9rentes associations, chercheurs, repr\u00e9sentants de l&rsquo;\u00e9tat et des orientations politiques de la r\u00e9gion PACA et de\u00a0Corse, ainsi que des d\u00e9l\u00e9gations \u00e9trang\u00e8res et divers&hellip; Lire la suite\" \/>\n<meta property=\"og:url\" content=\"https:\/\/www.ecologieprovence.org\/index.php\/mededuc\/\" \/>\n<meta property=\"og:site_name\" content=\"Maison Ecologie Provence\" \/>\n<meta property=\"article:publisher\" content=\"https:\/\/www.facebook.com\/maisonecologieprovence\/\" \/>\n<meta property=\"article:modified_time\" content=\"2020-06-17T12:25:24+00:00\" \/>\n<meta name=\"twitter:card\" content=\"summary_large_image\" \/>\n<meta name=\"twitter:label1\" content=\"Dur\u00e9e de lecture estim\u00e9e\" \/>\n\t<meta name=\"twitter:data1\" content=\"1 minute\" \/>\n<script type=\"application\/ld+json\" class=\"yoast-schema-graph\">{\"@context\":\"https:\/\/schema.org\",\"@graph\":[{\"@type\":\"WebPage\",\"@id\":\"https:\/\/www.ecologieprovence.org\/index.php\/mededuc\/\",\"url\":\"https:\/\/www.ecologieprovence.org\/index.php\/mededuc\/\",\"name\":\"MED'EDUC &bull; Maison Ecologie Provence\",\"isPartOf\":{\"@id\":\"https:\/\/www.ecologieprovence.org\/#website\"},\"datePublished\":\"2019-05-10T14:39:16+00:00\",\"dateModified\":\"2020-06-17T12:25:24+00:00\",\"breadcrumb\":{\"@id\":\"https:\/\/www.ecologieprovence.org\/index.php\/mededuc\/#breadcrumb\"},\"inLanguage\":\"fr-FR\",\"potentialAction\":[{\"@type\":\"ReadAction\",\"target\":[\"https:\/\/www.ecologieprovence.org\/index.php\/mededuc\/\"]}]},{\"@type\":\"BreadcrumbList\",\"@id\":\"https:\/\/www.ecologieprovence.org\/index.php\/mededuc\/#breadcrumb\",\"itemListElement\":[{\"@type\":\"ListItem\",\"position\":1,\"name\":\"Accueil\",\"item\":\"https:\/\/www.ecologieprovence.org\/\"},{\"@type\":\"ListItem\",\"position\":2,\"name\":\"MED&rsquo;EDUC\"}]},{\"@type\":\"WebSite\",\"@id\":\"https:\/\/www.ecologieprovence.org\/#website\",\"url\":\"https:\/\/www.ecologieprovence.org\/\",\"name\":\"Maison Ecologie Provence\",\"description\":\"\",\"publisher\":{\"@id\":\"https:\/\/www.ecologieprovence.org\/#organization\"},\"potentialAction\":[{\"@type\":\"SearchAction\",\"target\":{\"@type\":\"EntryPoint\",\"urlTemplate\":\"https:\/\/www.ecologieprovence.org\/?s={search_term_string}\"},\"query-input\":\"required name=search_term_string\"}],\"inLanguage\":\"fr-FR\"},{\"@type\":\"Organization\",\"@id\":\"https:\/\/www.ecologieprovence.org\/#organization\",\"name\":\"Maison de L'Ecologie de Provence\",\"url\":\"https:\/\/www.ecologieprovence.org\/\",\"sameAs\":[\"https:\/\/www.linkedin.com\/company\/maison-de-l-ecologie-de-provence\",\"https:\/\/www.youtube.com\/channel\/UCLaOSLMkLPs5ge-JOo8-QeA\",\"https:\/\/www.facebook.com\/maisonecologieprovence\/\"],\"logo\":{\"@type\":\"ImageObject\",\"inLanguage\":\"fr-FR\",\"@id\":\"https:\/\/www.ecologieprovence.org\/#\/schema\/logo\/image\/\",\"url\":\"http:\/\/ecologieprovence.org\/wp-content\/uploads\/2019\/05\/v23-72-PPI.png\",\"contentUrl\":\"http:\/\/ecologieprovence.org\/wp-content\/uploads\/2019\/05\/v23-72-PPI.png\",\"width\":1004,\"height\":403,\"caption\":\"Maison de L'Ecologie de Provence\"},\"image\":{\"@id\":\"https:\/\/www.ecologieprovence.org\/#\/schema\/logo\/image\/\"}}]}<\/script>\n<!-- \/ Yoast SEO plugin. -->","yoast_head_json":{"title":"MED'EDUC &bull; Maison Ecologie Provence","robots":{"index":"index","follow":"follow","max-snippet":"max-snippet:-1","max-image-preview":"max-image-preview:large","max-video-preview":"max-video-preview:-1"},"canonical":"https:\/\/www.ecologieprovence.org\/index.php\/mededuc\/","og_locale":"fr_FR","og_type":"article","og_title":"MED'EDUC &bull; Maison Ecologie Provence","og_description":"La manifestation Med&rsquo;Educ (rencontre \u00ab M\u00e9diterran\u00e9e Education \u00bb), a pour objectif de promouvoir une \u00ab gouvernance m\u00e9diterran\u00e9enne par des strat\u00e9gies \u00e9ducatives \u00bb. Cette rencontre conviviale permet le partage et l&rsquo;\u00e9change entre les diff\u00e9rentes associations, chercheurs, repr\u00e9sentants de l&rsquo;\u00e9tat et des orientations politiques de la r\u00e9gion PACA et de\u00a0Corse, ainsi que des d\u00e9l\u00e9gations \u00e9trang\u00e8res et divers&hellip; Lire la suite","og_url":"https:\/\/www.ecologieprovence.org\/index.php\/mededuc\/","og_site_name":"Maison Ecologie Provence","article_publisher":"https:\/\/www.facebook.com\/maisonecologieprovence\/","article_modified_time":"2020-06-17T12:25:24+00:00","twitter_card":"summary_large_image","twitter_misc":{"Dur\u00e9e de lecture estim\u00e9e":"1 minute"},"schema":{"@context":"https:\/\/schema.org","@graph":[{"@type":"WebPage","@id":"https:\/\/www.ecologieprovence.org\/index.php\/mededuc\/","url":"https:\/\/www.ecologieprovence.org\/index.php\/mededuc\/","name":"MED'EDUC &bull; Maison Ecologie Provence","isPartOf":{"@id":"https:\/\/www.ecologieprovence.org\/#website"},"datePublished":"2019-05-10T14:39:16+00:00","dateModified":"2020-06-17T12:25:24+00:00","breadcrumb":{"@id":"https:\/\/www.ecologieprovence.org\/index.php\/mededuc\/#breadcrumb"},"inLanguage":"fr-FR","potentialAction":[{"@type":"ReadAction","target":["https:\/\/www.ecologieprovence.org\/index.php\/mededuc\/"]}]},{"@type":"BreadcrumbList","@id":"https:\/\/www.ecologieprovence.org\/index.php\/mededuc\/#breadcrumb","itemListElement":[{"@type":"ListItem","position":1,"name":"Accueil","item":"https:\/\/www.ecologieprovence.org\/"},{"@type":"ListItem","position":2,"name":"MED&rsquo;EDUC"}]},{"@type":"WebSite","@id":"https:\/\/www.ecologieprovence.org\/#website","url":"https:\/\/www.ecologieprovence.org\/","name":"Maison Ecologie Provence","description":"","publisher":{"@id":"https:\/\/www.ecologieprovence.org\/#organization"},"potentialAction":[{"@type":"SearchAction","target":{"@type":"EntryPoint","urlTemplate":"https:\/\/www.ecologieprovence.org\/?s={search_term_string}"},"query-input":"required name=search_term_string"}],"inLanguage":"fr-FR"},{"@type":"Organization","@id":"https:\/\/www.ecologieprovence.org\/#organization","name":"Maison de L'Ecologie de Provence","url":"https:\/\/www.ecologieprovence.org\/","sameAs":["https:\/\/www.linkedin.com\/company\/maison-de-l-ecologie-de-provence","https:\/\/www.youtube.com\/channel\/UCLaOSLMkLPs5ge-JOo8-QeA","https:\/\/www.facebook.com\/maisonecologieprovence\/"],"logo":{"@type":"ImageObject","inLanguage":"fr-FR","@id":"https:\/\/www.ecologieprovence.org\/#\/schema\/logo\/image\/","url":"http:\/\/ecologieprovence.org\/wp-content\/uploads\/2019\/05\/v23-72-PPI.png","contentUrl":"http:\/\/ecologieprovence.org\/wp-content\/uploads\/2019\/05\/v23-72-PPI.png","width":1004,"height":403,"caption":"Maison de L'Ecologie de Provence"},"image":{"@id":"https:\/\/www.ecologieprovence.org\/#\/schema\/logo\/image\/"}}]}},"_links":{"self":[{"href":"https:\/\/www.ecologieprovence.org\/index.php\/wp-json\/wp\/v2\/pages\/346"}],"collection":[{"href":"https:\/\/www.ecologieprovence.org\/index.php\/wp-json\/wp\/v2\/pages"}],"about":[{"href":"https:\/\/www.ecologieprovence.org\/index.php\/wp-json\/wp\/v2\/types\/page"}],"author":[{"embeddable":true,"href":"https:\/\/www.ecologieprovence.org\/index.php\/wp-json\/wp\/v2\/users\/1"}],"replies":[{"embeddable":true,"href":"https:\/\/www.ecologieprovence.org\/index.php\/wp-json\/wp\/v2\/comments?post=346"}],"version-history":[{"count":15,"href":"https:\/\/www.ecologieprovence.org\/index.php\/wp-json\/wp\/v2\/pages\/346\/revisions"}],"predecessor-version":[{"id":1396,"href":"https:\/\/www.ecologieprovence.org\/index.php\/wp-json\/wp\/v2\/pages\/346\/revisions\/1396"}],"wp:attachment":[{"href":"https:\/\/www.ecologieprovence.org\/index.php\/wp-json\/wp\/v2\/media?parent=346"}],"curies":[{"name":"wp","href":"https:\/\/api.w.org\/{rel}","templated":true}]}}