{"id":585,"date":"2019-06-17T10:03:05","date_gmt":"2019-06-17T08:03:05","guid":{"rendered":"http:\/\/ecologieprovence.org\/?page_id=585"},"modified":"2020-02-18T16:58:42","modified_gmt":"2020-02-18T15:58:42","slug":"retours-dexperience","status":"publish","type":"page","link":"https:\/\/www.ecologieprovence.org\/index.php\/retours-dexperience\/","title":{"rendered":"Retours d&rsquo;exp\u00e9rience"},"content":{"rendered":"<p><span style=\"font-family: verdana, geneva, sans-serif; color: #519681; font-size: 18pt;\"> R E T O U R S\u00a0 \u00a0D&rsquo;EXP\u00c9RIENCE &#8211; S T A G ES \ud83d\ude0a<\/span><\/p>\n<p>&nbsp;<\/p>\n<p><span style=\"color: #008080;\"><strong><em><img loading=\"lazy\" class=\"wp-image-799 alignleft\" src=\"http:\/\/ecologieprovence.org\/wp-content\/uploads\/2019\/08\/karis-vieux-port-1.png\" alt=\"\" width=\"221\" height=\"169\" srcset=\"https:\/\/www.ecologieprovence.org\/wp-content\/uploads\/2019\/08\/karis-vieux-port-1.png 1351w, https:\/\/www.ecologieprovence.org\/wp-content\/uploads\/2019\/08\/karis-vieux-port-1-300x229.png 300w, https:\/\/www.ecologieprovence.org\/wp-content\/uploads\/2019\/08\/karis-vieux-port-1-768x587.png 768w, https:\/\/www.ecologieprovence.org\/wp-content\/uploads\/2019\/08\/karis-vieux-port-1-1024x783.png 1024w\" sizes=\"(max-width: 221px) 100vw, 221px\" \/>Retour sur mon stage en Montage vid\u00e9o &#8211; Juillet 2019 <\/em><\/strong><\/span><\/p>\n<p><em>\u00ab\u00a0Actuellement \u00e9tudiante \u00e0 l\u2019ESRA (\u00c9cole Sup\u00e9rieur de R\u00e9alisation Audiovisuelles, C\u00f4te d\u2019Azur), je souhaitais terminer ma seconde ann\u00e9e par un stage dans le domaine de la post-production vid\u00e9o.<\/em><\/p>\n<p><em>J\u2019ai donc trouv\u00e9 la Maison de l\u2019\u00c9cologie Provence qui m\u2019a accueillie de juin \u00e0 juillet. Pendant ces deux mois, ma mission principale \u00e9tait d\u2019effectuer le montage de plusieurs vid\u00e9os, particuli\u00e8rement pour le projet Les Calanques et Nous. J\u2019ai \u00e9galement r\u00e9alis\u00e9 une vid\u00e9o de pr\u00e9sentation de l\u2019association, pour permettre de faire connaitre simplement et rapidement les objectifs de la Maison de l\u2019\u00c9cologie Provence. Parall\u00e8lement aux diff\u00e9rents montages vid\u00e9os, j\u2019ai aid\u00e9 \u00e0 la communication de l\u2019association en alimentant la <a href=\"https:\/\/www.facebook.com\/maisonecologieprovence\/\" target=\"_blank\" rel=\"noopener noreferrer\">page Facebook<\/a>, en cr\u00e9ant l\u2019<a href=\"https:\/\/www.instagram.com\/ecologieprovence\/?hl=fr\" target=\"_blank\" rel=\"noopener noreferrer\">Instagram<\/a> de l\u2019association ou bien en aidant au lancement du site internet. Je n\u2019ai pas eu le temps de m\u2019ennuyer <\/em>\ud83d\ude42<em><br \/><\/em><\/p>\n<p><em>Cette exp\u00e9rience de deux mois a \u00e9t\u00e9 riche en ce qui me concerne, au niveau professionnel et personnel. N\u2019\u00e9tant pas dans une entreprise d\u2019audiovisuel \u00e0 proprement parl\u00e9, j\u2019ai beaucoup appris sur le logiciel de montage, \u00e0 travailler plus vite, \u00e0 am\u00e9liorer les projets en respectant toujours la vision de l\u2019association. Je suis vraiment contente d\u2019avoir pu faire mon stage dans cette association car je me suis sentie en accord avec mes engagements personnels quant \u00e0 l\u2019\u00e9cologie. Par le biais des projets que j\u2019ai mont\u00e9s, j\u2019ai pu en apprendre plus sur la qualit\u00e9 de l\u2019air, sur les parcs nationaux, et surtout sur notre environnement en g\u00e9n\u00e9ral. J\u2019ai pu saisir l\u2019importance de la sensibilisation aupr\u00e8s des plus jeunes \u00e0 l\u2019environnement, car aujourd\u2019hui en tant que \u201cjeune\u201d, il est urgent d\u2019agir pour notre plan\u00e8te. Je remercie toute <a href=\"http:\/\/ecologieprovence.org\/index.php\/notre-equipe\/\" target=\"_blank\" rel=\"noopener noreferrer\">l\u2019\u00e9quipe de la Maison de l\u2019\u00c9cologie de Provence<\/a> et <a href=\"https:\/\/airandme.org\/team\/\" target=\"_blank\" rel=\"noopener noreferrer\">celle de la F\u00e9d\u00e9ration <\/a><\/em><em>L\u2019Air et Moi, car je me suis sentie tout de suite tr\u00e8s bien accueillie et je reviendrai avec plaisir donner de mon temps pour l\u2019association !\u00a0\u00bb<\/em><\/p>\n<p>Clarisse<\/p>\n<pre>\u00a0<\/pre>\n<p>&nbsp;<\/p>\n<p><img loading=\"lazy\" class=\"alignnone size-full wp-image-701\" src=\"http:\/\/ecologieprovence.org\/wp-content\/uploads\/2019\/07\/pr-le-4.png\" alt=\"\" width=\"1398\" height=\"303\" srcset=\"https:\/\/www.ecologieprovence.org\/wp-content\/uploads\/2019\/07\/pr-le-4.png 1398w, https:\/\/www.ecologieprovence.org\/wp-content\/uploads\/2019\/07\/pr-le-4-300x65.png 300w, https:\/\/www.ecologieprovence.org\/wp-content\/uploads\/2019\/07\/pr-le-4-768x166.png 768w, https:\/\/www.ecologieprovence.org\/wp-content\/uploads\/2019\/07\/pr-le-4-1024x222.png 1024w\" sizes=\"(max-width: 1398px) 100vw, 1398px\" \/><\/p>\n<p>&nbsp;<\/p>\n<p><img loading=\"lazy\" class=\"size-thumbnail wp-image-444 alignleft\" style=\"font-size: 18px;\" src=\"http:\/\/ecologieprovence.org\/wp-content\/uploads\/2019\/05\/190523-Mer-en-Fete-111-150x150.jpg\" alt=\"b\u00e9n\u00e9vole MEP\" width=\"150\" height=\"150\" \/><\/p>\n<p><span style=\"color: #008080;\"><strong>Retour sur mon stage en Gestion de projet &#8211; Juin 2019<\/strong><\/span><\/p>\n<p>\u00ab\u00a0<em>Je suis actuellement \u00e9tudiante en \u00e9cole de commerce et de d\u00e9veloppement, une \u00e9cole tourn\u00e9e vers l\u2019entrepreneuriat social et le d\u00e9veloppement durable. Durant mon stage de troisi\u00e8me ann\u00e9e, j\u2019ai d\u00e9cid\u00e9 de m\u2019impliquer dans une association sensibilisant les plus jeunes \u00e0 la pr\u00e9servation des ressources et des richesses de notre plan\u00e8te.<\/em><\/p>\n<p><em>Selon moi, cette prise de conscience sur l\u2019environnement nous implique tous car cela d\u00e9terminera notre monde de demain, et les g\u00e9n\u00e9rations futures sont les premi\u00e8res concern\u00e9es\u00a0!<\/em><\/p>\n<p><em>C\u2019est pour cela que j\u2019ai choisi la Maison de l\u2019\u00c9cologie Provence. Cette association fond\u00e9e en 2003 d\u00e9veloppe des supports p\u00e9dagogiques \u00e0 destination des plus jeunes afin de les sensibiliser \u00e0 la pr\u00e9servation de l\u2019eau. Un nouveau projet tourn\u00e9 vers la sensibilisation au <a href=\"http:\/\/www.calanques-parcnational.fr\/fr\/des-actions\/sensibiliser-et-informer\/actions-deducation-lenvironnement\/projets-educalanques\/les\" target=\"_blank\" rel=\"noopener noreferrer\">Parc National des Calanques<\/a> a \u00e9galement \u00e9t\u00e9 r\u00e9alis\u00e9 et l\u2019objectif est que ce dernier se d\u00e9veloppe peu \u00e0 peu \u00e0 tous les parcs nationaux et r\u00e9gionaux fran\u00e7ais (et peut \u00eatre m\u00eame plus\u2026) !<\/em><\/p>\n<p><em>Ces supports sont sous forme de diaporamas interactifs et ludiques qui sont t\u00e9l\u00e9chargeables pour tous\u00a0: le but est de faire prendre conscience sans moraliser, et d\u2019essayer de penser ensemble \u00e0 des alternatives \u00e0 notre \u00e9chelle.<\/em><\/p>\n<p><em>Durant mon stage, j\u2019\u00e9tais charg\u00e9e de d\u00e9velopper un support sur l\u2019Histoire des Calanques. Cela m\u2019a permis d\u2019en apprendre \u00e9norm\u00e9ment sur ce parc, mais \u00e9galement de d\u00e9velopper une approche p\u00e9dagogique en choisissant des informations qui puissent parler aux enfants. J\u2019\u00e9tais \u00e9galement charg\u00e9e de d\u00e9velopper la communication de l\u2019association. Nous avons donc cr\u00e9\u00e9 une <a href=\"https:\/\/fr.linkedin.com\/company\/maison-de-l-ecologie-de-provence\" target=\"_blank\" rel=\"noopener noreferrer\">page LinkedIn<\/a> et une <a href=\"https:\/\/www.facebook.com\/maisonecologieprovence\/\" target=\"_blank\" rel=\"noopener noreferrer\">page Facebook<\/a> afin d\u2019augmenter la visibilit\u00e9 de l\u2019association, de cr\u00e9er un r\u00e9seau et de transmettre des informations sur nos actions, les \u00e9v\u00e9nements li\u00e9s \u00e0 cette th\u00e9matique et bien d\u2019autres, allez-jeter un coup d\u2019\u0153il ! \u00a0J\u2019ai \u00e9galement particip\u00e9 \u00e0 l\u2019\u00e9laboration du site internet de la Maison de l\u2019\u00c9cologie : \u00ab <a href=\"http:\/\/ecologieprovence.org\" target=\"_blank\" rel=\"noopener noreferrer\">ecologieprovence.org<\/a> \u00bb. Sur ce site vous pouvez en savoir plus sur <a href=\"http:\/\/ecologieprovence.org\/index.php\/notre-equipe\/\" target=\"_blank\" rel=\"noopener noreferrer\">notre \u00e9quipe<\/a>, nos missions et <a href=\"http:\/\/ecologieprovence.org\/index.php\/nos-actions\/\" target=\"_blank\" rel=\"noopener noreferrer\">nos actions<\/a> dans des \u00e9coles ou lors d\u2019\u00e9v\u00e9nements. Vous pouvez \u00e9galement avoir acc\u00e8s \u00e0<a href=\"http:\/\/ecologieprovence.org\/index.php\/outils-pedagogiques-3\/\" target=\"_blank\" rel=\"noopener noreferrer\"> tous les modules qui sont t\u00e9l\u00e9chargeables gratuitement<\/a>. Des offres de stages et de services civiques sont \u00e9galement disponibles si vous souhaitez faire partie de l\u2019aventure ! Enfin nous vous invitons \u00e0 revenir vers nous pour nous faire un retour sur les modules ou si vous souhaitez plus d\u2019informations via notre onglet de contact.<\/em><\/p>\n<p><em>Ce stage fut une exp\u00e9rience tr\u00e8s enrichissante de par tout d\u2019abord les belles rencontres que j\u2019ai faites, une \u00e9quipe volontaire et solidaire qui m\u2019a tr\u00e8s bien accueillie\u00a0!! Mais \u00e9galement sur le fonctionnement d\u2019une association et les nombreuses missions \u00e0 g\u00e9rer \u00e0 la fois\u00a0: entre subventions, communication, r\u00e9union d\u2019organisation, d\u00e9veloppement de supports, recrutement\u00a0! Enfin, j\u2019ai \u00e9galement eu l\u2019opportunit\u00e9 de participer \u00e0 des actions de sensibilisation aupr\u00e8s d\u2019\u00e9l\u00e8ves de primaires. Ces moments de sensibilisation, de prise de conscience et de recherche de solutions sur les ressources de notre plan\u00e8te furent de beaux moments de partage\u00a0!<\/em><\/p>\n<p><em>A tr\u00e8s vite la MEP\u00a0<\/em>\ud83d\ude09\u00a0\u00bb<\/p>\n<p>Julie<\/p>\n<p style=\"text-align: right;\">\u00a0<\/p>\n","protected":false},"excerpt":{"rendered":"<p>R E T O U R S\u00a0 \u00a0D&rsquo;EXP\u00c9RIENCE &#8211; S T A G ES \ud83d\ude0a &nbsp; Retour sur mon stage en Montage vid\u00e9o &#8211; Juillet 2019 \u00ab\u00a0Actuellement \u00e9tudiante \u00e0 l\u2019ESRA (\u00c9cole Sup\u00e9rieur de R\u00e9alisation Audiovisuelles, C\u00f4te d\u2019Azur), je souhaitais terminer ma seconde ann\u00e9e par un stage dans le domaine de la post-production vid\u00e9o. J\u2019ai donc&hellip; <br \/> <a class=\"button small blue\" href=\"https:\/\/www.ecologieprovence.org\/index.php\/retours-dexperience\/\">Lire la suite<\/a><\/p>\n","protected":false},"author":1,"featured_media":0,"parent":0,"menu_order":0,"comment_status":"closed","ping_status":"closed","template":"","meta":[],"yoast_head":"<!-- This site is optimized with the Yoast SEO plugin v19.7.1 - https:\/\/yoast.com\/wordpress\/plugins\/seo\/ -->\n<title>Retours d&#039;exp\u00e9rience &bull; Maison Ecologie Provence<\/title>\n<meta name=\"description\" content=\"Retrouvez ici les retours d&#039;exp\u00e9riences des stagiaires...\" \/>\n<meta name=\"robots\" content=\"index, follow, max-snippet:-1, max-image-preview:large, max-video-preview:-1\" \/>\n<link rel=\"canonical\" href=\"https:\/\/www.ecologieprovence.org\/index.php\/retours-dexperience\/\" \/>\n<meta property=\"og:locale\" content=\"fr_FR\" \/>\n<meta property=\"og:type\" content=\"article\" \/>\n<meta property=\"og:title\" content=\"Retours d&#039;exp\u00e9rience &bull; Maison Ecologie Provence\" \/>\n<meta property=\"og:description\" content=\"Retrouvez ici les retours d&#039;exp\u00e9riences des stagiaires...\" \/>\n<meta property=\"og:url\" content=\"https:\/\/www.ecologieprovence.org\/index.php\/retours-dexperience\/\" \/>\n<meta property=\"og:site_name\" content=\"Maison Ecologie Provence\" \/>\n<meta property=\"article:publisher\" content=\"https:\/\/www.facebook.com\/maisonecologieprovence\/\" \/>\n<meta property=\"article:modified_time\" content=\"2020-02-18T15:58:42+00:00\" \/>\n<meta property=\"og:image\" content=\"http:\/\/ecologieprovence.org\/wp-content\/uploads\/2019\/08\/karis-vieux-port-1.png\" \/>\n<meta name=\"twitter:card\" content=\"summary_large_image\" \/>\n<meta name=\"twitter:label1\" content=\"Dur\u00e9e de lecture estim\u00e9e\" \/>\n\t<meta name=\"twitter:data1\" content=\"5 minutes\" \/>\n<script type=\"application\/ld+json\" class=\"yoast-schema-graph\">{\"@context\":\"https:\/\/schema.org\",\"@graph\":[{\"@type\":\"WebPage\",\"@id\":\"https:\/\/www.ecologieprovence.org\/index.php\/retours-dexperience\/\",\"url\":\"https:\/\/www.ecologieprovence.org\/index.php\/retours-dexperience\/\",\"name\":\"Retours d'exp\u00e9rience &bull; Maison Ecologie Provence\",\"isPartOf\":{\"@id\":\"https:\/\/www.ecologieprovence.org\/#website\"},\"datePublished\":\"2019-06-17T08:03:05+00:00\",\"dateModified\":\"2020-02-18T15:58:42+00:00\",\"description\":\"Retrouvez ici les retours d'exp\u00e9riences des stagiaires...\",\"breadcrumb\":{\"@id\":\"https:\/\/www.ecologieprovence.org\/index.php\/retours-dexperience\/#breadcrumb\"},\"inLanguage\":\"fr-FR\",\"potentialAction\":[{\"@type\":\"ReadAction\",\"target\":[\"https:\/\/www.ecologieprovence.org\/index.php\/retours-dexperience\/\"]}]},{\"@type\":\"BreadcrumbList\",\"@id\":\"https:\/\/www.ecologieprovence.org\/index.php\/retours-dexperience\/#breadcrumb\",\"itemListElement\":[{\"@type\":\"ListItem\",\"position\":1,\"name\":\"Accueil\",\"item\":\"https:\/\/www.ecologieprovence.org\/\"},{\"@type\":\"ListItem\",\"position\":2,\"name\":\"Retours d&rsquo;exp\u00e9rience\"}]},{\"@type\":\"WebSite\",\"@id\":\"https:\/\/www.ecologieprovence.org\/#website\",\"url\":\"https:\/\/www.ecologieprovence.org\/\",\"name\":\"Maison Ecologie Provence\",\"description\":\"\",\"publisher\":{\"@id\":\"https:\/\/www.ecologieprovence.org\/#organization\"},\"potentialAction\":[{\"@type\":\"SearchAction\",\"target\":{\"@type\":\"EntryPoint\",\"urlTemplate\":\"https:\/\/www.ecologieprovence.org\/?s={search_term_string}\"},\"query-input\":\"required name=search_term_string\"}],\"inLanguage\":\"fr-FR\"},{\"@type\":\"Organization\",\"@id\":\"https:\/\/www.ecologieprovence.org\/#organization\",\"name\":\"Maison de L'Ecologie de Provence\",\"url\":\"https:\/\/www.ecologieprovence.org\/\",\"sameAs\":[\"https:\/\/www.linkedin.com\/company\/maison-de-l-ecologie-de-provence\",\"https:\/\/www.youtube.com\/channel\/UCLaOSLMkLPs5ge-JOo8-QeA\",\"https:\/\/www.facebook.com\/maisonecologieprovence\/\"],\"logo\":{\"@type\":\"ImageObject\",\"inLanguage\":\"fr-FR\",\"@id\":\"https:\/\/www.ecologieprovence.org\/#\/schema\/logo\/image\/\",\"url\":\"http:\/\/ecologieprovence.org\/wp-content\/uploads\/2019\/05\/v23-72-PPI.png\",\"contentUrl\":\"http:\/\/ecologieprovence.org\/wp-content\/uploads\/2019\/05\/v23-72-PPI.png\",\"width\":1004,\"height\":403,\"caption\":\"Maison de L'Ecologie de Provence\"},\"image\":{\"@id\":\"https:\/\/www.ecologieprovence.org\/#\/schema\/logo\/image\/\"}}]}<\/script>\n<!-- \/ Yoast SEO plugin. -->","yoast_head_json":{"title":"Retours d'exp\u00e9rience &bull; Maison Ecologie Provence","description":"Retrouvez ici les retours d'exp\u00e9riences des stagiaires...","robots":{"index":"index","follow":"follow","max-snippet":"max-snippet:-1","max-image-preview":"max-image-preview:large","max-video-preview":"max-video-preview:-1"},"canonical":"https:\/\/www.ecologieprovence.org\/index.php\/retours-dexperience\/","og_locale":"fr_FR","og_type":"article","og_title":"Retours d'exp\u00e9rience &bull; Maison Ecologie Provence","og_description":"Retrouvez ici les retours d'exp\u00e9riences des stagiaires...","og_url":"https:\/\/www.ecologieprovence.org\/index.php\/retours-dexperience\/","og_site_name":"Maison Ecologie Provence","article_publisher":"https:\/\/www.facebook.com\/maisonecologieprovence\/","article_modified_time":"2020-02-18T15:58:42+00:00","og_image":[{"url":"http:\/\/ecologieprovence.org\/wp-content\/uploads\/2019\/08\/karis-vieux-port-1.png"}],"twitter_card":"summary_large_image","twitter_misc":{"Dur\u00e9e de lecture estim\u00e9e":"5 minutes"},"schema":{"@context":"https:\/\/schema.org","@graph":[{"@type":"WebPage","@id":"https:\/\/www.ecologieprovence.org\/index.php\/retours-dexperience\/","url":"https:\/\/www.ecologieprovence.org\/index.php\/retours-dexperience\/","name":"Retours d'exp\u00e9rience &bull; Maison Ecologie Provence","isPartOf":{"@id":"https:\/\/www.ecologieprovence.org\/#website"},"datePublished":"2019-06-17T08:03:05+00:00","dateModified":"2020-02-18T15:58:42+00:00","description":"Retrouvez ici les retours d'exp\u00e9riences des stagiaires...","breadcrumb":{"@id":"https:\/\/www.ecologieprovence.org\/index.php\/retours-dexperience\/#breadcrumb"},"inLanguage":"fr-FR","potentialAction":[{"@type":"ReadAction","target":["https:\/\/www.ecologieprovence.org\/index.php\/retours-dexperience\/"]}]},{"@type":"BreadcrumbList","@id":"https:\/\/www.ecologieprovence.org\/index.php\/retours-dexperience\/#breadcrumb","itemListElement":[{"@type":"ListItem","position":1,"name":"Accueil","item":"https:\/\/www.ecologieprovence.org\/"},{"@type":"ListItem","position":2,"name":"Retours d&rsquo;exp\u00e9rience"}]},{"@type":"WebSite","@id":"https:\/\/www.ecologieprovence.org\/#website","url":"https:\/\/www.ecologieprovence.org\/","name":"Maison Ecologie Provence","description":"","publisher":{"@id":"https:\/\/www.ecologieprovence.org\/#organization"},"potentialAction":[{"@type":"SearchAction","target":{"@type":"EntryPoint","urlTemplate":"https:\/\/www.ecologieprovence.org\/?s={search_term_string}"},"query-input":"required name=search_term_string"}],"inLanguage":"fr-FR"},{"@type":"Organization","@id":"https:\/\/www.ecologieprovence.org\/#organization","name":"Maison de L'Ecologie de Provence","url":"https:\/\/www.ecologieprovence.org\/","sameAs":["https:\/\/www.linkedin.com\/company\/maison-de-l-ecologie-de-provence","https:\/\/www.youtube.com\/channel\/UCLaOSLMkLPs5ge-JOo8-QeA","https:\/\/www.facebook.com\/maisonecologieprovence\/"],"logo":{"@type":"ImageObject","inLanguage":"fr-FR","@id":"https:\/\/www.ecologieprovence.org\/#\/schema\/logo\/image\/","url":"http:\/\/ecologieprovence.org\/wp-content\/uploads\/2019\/05\/v23-72-PPI.png","contentUrl":"http:\/\/ecologieprovence.org\/wp-content\/uploads\/2019\/05\/v23-72-PPI.png","width":1004,"height":403,"caption":"Maison de L'Ecologie de Provence"},"image":{"@id":"https:\/\/www.ecologieprovence.org\/#\/schema\/logo\/image\/"}}]}},"_links":{"self":[{"href":"https:\/\/www.ecologieprovence.org\/index.php\/wp-json\/wp\/v2\/pages\/585"}],"collection":[{"href":"https:\/\/www.ecologieprovence.org\/index.php\/wp-json\/wp\/v2\/pages"}],"about":[{"href":"https:\/\/www.ecologieprovence.org\/index.php\/wp-json\/wp\/v2\/types\/page"}],"author":[{"embeddable":true,"href":"https:\/\/www.ecologieprovence.org\/index.php\/wp-json\/wp\/v2\/users\/1"}],"replies":[{"embeddable":true,"href":"https:\/\/www.ecologieprovence.org\/index.php\/wp-json\/wp\/v2\/comments?post=585"}],"version-history":[{"count":22,"href":"https:\/\/www.ecologieprovence.org\/index.php\/wp-json\/wp\/v2\/pages\/585\/revisions"}],"predecessor-version":[{"id":1226,"href":"https:\/\/www.ecologieprovence.org\/index.php\/wp-json\/wp\/v2\/pages\/585\/revisions\/1226"}],"wp:attachment":[{"href":"https:\/\/www.ecologieprovence.org\/index.php\/wp-json\/wp\/v2\/media?parent=585"}],"curies":[{"name":"wp","href":"https:\/\/api.w.org\/{rel}","templated":true}]}}