{"id":663,"date":"2019-06-19T16:04:41","date_gmt":"2019-06-19T14:04:41","guid":{"rendered":"http:\/\/ecologieprovence.org\/?page_id=663"},"modified":"2019-07-04T14:09:26","modified_gmt":"2019-07-04T12:09:26","slug":"outils-pedagogiques-3","status":"publish","type":"page","link":"https:\/\/www.ecologieprovence.org\/index.php\/outils-pedagogiques-3\/","title":{"rendered":"Outils p\u00e9dagogiques"},"content":{"rendered":"<h2 class=\"ce_headline\"><span style=\"font-size: 24pt; color: #008080;\">Caract\u00e9ristiques des outils p\u00e9dagogiques<\/span><\/h2>\n<div class=\"ce_text block\">\n<h3><span style=\"font-size: 18pt; color: #008080;\">Aspect p\u00e9dagogique<\/span><\/h3>\n<p>Nous avons voulu confectionner des outils p\u00e9dagogiques. Nous avons pour cela travaill\u00e9 avec de nombreux enseignants tout en \u00e9tant en relation avec l\u2019Inspection Acad\u00e9mique.<\/p>\n<\/div>\n<div class=\"ce_text block\">\n<h3><span style=\"font-size: 18pt; color: #008080;\">Aspect interactif<\/span><\/h3>\n<p>La majorit\u00e9 des diapositives sont interactives. On voit appara\u00eetre une question sans que la r\u00e9ponse soit donn\u00e9e. Cela laisse le temps \u00e0 l\u2019enseignant d\u2019interroger les enfants et de les faire r\u00e9fl\u00e9chir. D\u00e8s que l\u2019enseignant veut faire appara\u00eetre la r\u00e9ponse, il lui suffit d\u2019un clic. Parfois une abeille appara\u00eet sur la diapositive. Elle est l\u00e0 pour annoncer \u00e0 l\u2019enseignant qu\u2019il peut encore faire r\u00e9fl\u00e9chir les enfants \u00e0 la question pos\u00e9e et qu\u2019il suffira d\u2019un clic pour obtenir de plus amples informations.<\/p>\n<\/div>\n<div class=\"ce_text block\">\n<h3><span style=\"font-size: 18pt; color: #008080;\">Aspect ludique<\/span><\/h3>\n<p>Les images sont r\u00e9alis\u00e9es avec tendresse et humour ! Lors de nos animations, nous avons pu constater que de nombreux passages des diaporamas amusent les enfants. Ces derniers sont curieux de d\u00e9couvrir les r\u00e9ponses qui se cachent sous les num\u00e9ros. Ce syst\u00e8me leur pla\u00eet beaucoup ! Les petites vid\u00e9os venues s\u2019ajouter au support pour compl\u00e9ter les messages de certaines diapositives sont, elles aussi, pleines de surprises&#8230;<\/p>\n<\/div>\n<div class=\"ce_text last block\">\n<h2><\/h2>\n<h2><span style=\"font-size: 24pt; color: #008080;\">Les dessins<\/span><\/h2>\n<p>Pour les dessins, nous avons fait appel \u00e0 Isabelle N\u00e8gre-Fran\u00e7ois, dessinatrice professionnelle qui a d\u00e9j\u00e0 illustr\u00e9 de nombreux livres pour enfants.<\/p>\n<p>Nous sommes all\u00e9s dans de nombreuses classes avec elle pour recueillir des id\u00e9es pour la conception des dessins du support. C\u2019est donc avec les enfants que les illustrations ont \u00e9t\u00e9 construites !<\/p>\n<\/div>\n<p>&nbsp;<\/p>\n","protected":false},"excerpt":{"rendered":"<p>Caract\u00e9ristiques des outils p\u00e9dagogiques Aspect p\u00e9dagogique Nous avons voulu confectionner des outils p\u00e9dagogiques. Nous avons pour cela travaill\u00e9 avec de nombreux enseignants tout en \u00e9tant en relation avec l\u2019Inspection Acad\u00e9mique. Aspect interactif La majorit\u00e9 des diapositives sont interactives. On voit appara\u00eetre une question sans que la r\u00e9ponse soit donn\u00e9e. Cela laisse le temps \u00e0 l\u2019enseignant&hellip; <br \/> <a class=\"button small blue\" href=\"https:\/\/www.ecologieprovence.org\/index.php\/outils-pedagogiques-3\/\">Lire la suite<\/a><\/p>\n","protected":false},"author":1,"featured_media":0,"parent":0,"menu_order":0,"comment_status":"closed","ping_status":"closed","template":"","meta":[],"yoast_head":"<!-- This site is optimized with the Yoast SEO plugin v19.7.1 - https:\/\/yoast.com\/wordpress\/plugins\/seo\/ -->\n<title>Outils p\u00e9dagogiques &bull; Maison Ecologie Provence<\/title>\n<meta name=\"robots\" content=\"index, follow, max-snippet:-1, max-image-preview:large, max-video-preview:-1\" \/>\n<link rel=\"canonical\" href=\"https:\/\/www.ecologieprovence.org\/index.php\/outils-pedagogiques-3\/\" \/>\n<meta property=\"og:locale\" content=\"fr_FR\" \/>\n<meta property=\"og:type\" content=\"article\" \/>\n<meta property=\"og:title\" content=\"Outils p\u00e9dagogiques &bull; Maison Ecologie Provence\" \/>\n<meta property=\"og:description\" content=\"Caract\u00e9ristiques des outils p\u00e9dagogiques Aspect p\u00e9dagogique Nous avons voulu confectionner des outils p\u00e9dagogiques. Nous avons pour cela travaill\u00e9 avec de nombreux enseignants tout en \u00e9tant en relation avec l\u2019Inspection Acad\u00e9mique. Aspect interactif La majorit\u00e9 des diapositives sont interactives. On voit appara\u00eetre une question sans que la r\u00e9ponse soit donn\u00e9e. Cela laisse le temps \u00e0 l\u2019enseignant&hellip; Lire la suite\" \/>\n<meta property=\"og:url\" content=\"https:\/\/www.ecologieprovence.org\/index.php\/outils-pedagogiques-3\/\" \/>\n<meta property=\"og:site_name\" content=\"Maison Ecologie Provence\" \/>\n<meta property=\"article:publisher\" content=\"https:\/\/www.facebook.com\/maisonecologieprovence\/\" \/>\n<meta property=\"article:modified_time\" content=\"2019-07-04T12:09:26+00:00\" \/>\n<meta name=\"twitter:card\" content=\"summary_large_image\" \/>\n<meta name=\"twitter:label1\" content=\"Dur\u00e9e de lecture estim\u00e9e\" \/>\n\t<meta name=\"twitter:data1\" content=\"1 minute\" \/>\n<script type=\"application\/ld+json\" class=\"yoast-schema-graph\">{\"@context\":\"https:\/\/schema.org\",\"@graph\":[{\"@type\":\"WebPage\",\"@id\":\"https:\/\/www.ecologieprovence.org\/index.php\/outils-pedagogiques-3\/\",\"url\":\"https:\/\/www.ecologieprovence.org\/index.php\/outils-pedagogiques-3\/\",\"name\":\"Outils p\u00e9dagogiques &bull; Maison Ecologie Provence\",\"isPartOf\":{\"@id\":\"https:\/\/www.ecologieprovence.org\/#website\"},\"datePublished\":\"2019-06-19T14:04:41+00:00\",\"dateModified\":\"2019-07-04T12:09:26+00:00\",\"breadcrumb\":{\"@id\":\"https:\/\/www.ecologieprovence.org\/index.php\/outils-pedagogiques-3\/#breadcrumb\"},\"inLanguage\":\"fr-FR\",\"potentialAction\":[{\"@type\":\"ReadAction\",\"target\":[\"https:\/\/www.ecologieprovence.org\/index.php\/outils-pedagogiques-3\/\"]}]},{\"@type\":\"BreadcrumbList\",\"@id\":\"https:\/\/www.ecologieprovence.org\/index.php\/outils-pedagogiques-3\/#breadcrumb\",\"itemListElement\":[{\"@type\":\"ListItem\",\"position\":1,\"name\":\"Accueil\",\"item\":\"https:\/\/www.ecologieprovence.org\/\"},{\"@type\":\"ListItem\",\"position\":2,\"name\":\"Outils p\u00e9dagogiques\"}]},{\"@type\":\"WebSite\",\"@id\":\"https:\/\/www.ecologieprovence.org\/#website\",\"url\":\"https:\/\/www.ecologieprovence.org\/\",\"name\":\"Maison Ecologie Provence\",\"description\":\"\",\"publisher\":{\"@id\":\"https:\/\/www.ecologieprovence.org\/#organization\"},\"potentialAction\":[{\"@type\":\"SearchAction\",\"target\":{\"@type\":\"EntryPoint\",\"urlTemplate\":\"https:\/\/www.ecologieprovence.org\/?s={search_term_string}\"},\"query-input\":\"required name=search_term_string\"}],\"inLanguage\":\"fr-FR\"},{\"@type\":\"Organization\",\"@id\":\"https:\/\/www.ecologieprovence.org\/#organization\",\"name\":\"Maison de L'Ecologie de Provence\",\"url\":\"https:\/\/www.ecologieprovence.org\/\",\"sameAs\":[\"https:\/\/www.linkedin.com\/company\/maison-de-l-ecologie-de-provence\",\"https:\/\/www.youtube.com\/channel\/UCLaOSLMkLPs5ge-JOo8-QeA\",\"https:\/\/www.facebook.com\/maisonecologieprovence\/\"],\"logo\":{\"@type\":\"ImageObject\",\"inLanguage\":\"fr-FR\",\"@id\":\"https:\/\/www.ecologieprovence.org\/#\/schema\/logo\/image\/\",\"url\":\"http:\/\/ecologieprovence.org\/wp-content\/uploads\/2019\/05\/v23-72-PPI.png\",\"contentUrl\":\"http:\/\/ecologieprovence.org\/wp-content\/uploads\/2019\/05\/v23-72-PPI.png\",\"width\":1004,\"height\":403,\"caption\":\"Maison de L'Ecologie de Provence\"},\"image\":{\"@id\":\"https:\/\/www.ecologieprovence.org\/#\/schema\/logo\/image\/\"}}]}<\/script>\n<!-- \/ Yoast SEO plugin. -->","yoast_head_json":{"title":"Outils p\u00e9dagogiques &bull; Maison Ecologie Provence","robots":{"index":"index","follow":"follow","max-snippet":"max-snippet:-1","max-image-preview":"max-image-preview:large","max-video-preview":"max-video-preview:-1"},"canonical":"https:\/\/www.ecologieprovence.org\/index.php\/outils-pedagogiques-3\/","og_locale":"fr_FR","og_type":"article","og_title":"Outils p\u00e9dagogiques &bull; Maison Ecologie Provence","og_description":"Caract\u00e9ristiques des outils p\u00e9dagogiques Aspect p\u00e9dagogique Nous avons voulu confectionner des outils p\u00e9dagogiques. Nous avons pour cela travaill\u00e9 avec de nombreux enseignants tout en \u00e9tant en relation avec l\u2019Inspection Acad\u00e9mique. Aspect interactif La majorit\u00e9 des diapositives sont interactives. On voit appara\u00eetre une question sans que la r\u00e9ponse soit donn\u00e9e. Cela laisse le temps \u00e0 l\u2019enseignant&hellip; Lire la suite","og_url":"https:\/\/www.ecologieprovence.org\/index.php\/outils-pedagogiques-3\/","og_site_name":"Maison Ecologie Provence","article_publisher":"https:\/\/www.facebook.com\/maisonecologieprovence\/","article_modified_time":"2019-07-04T12:09:26+00:00","twitter_card":"summary_large_image","twitter_misc":{"Dur\u00e9e de lecture estim\u00e9e":"1 minute"},"schema":{"@context":"https:\/\/schema.org","@graph":[{"@type":"WebPage","@id":"https:\/\/www.ecologieprovence.org\/index.php\/outils-pedagogiques-3\/","url":"https:\/\/www.ecologieprovence.org\/index.php\/outils-pedagogiques-3\/","name":"Outils p\u00e9dagogiques &bull; Maison Ecologie Provence","isPartOf":{"@id":"https:\/\/www.ecologieprovence.org\/#website"},"datePublished":"2019-06-19T14:04:41+00:00","dateModified":"2019-07-04T12:09:26+00:00","breadcrumb":{"@id":"https:\/\/www.ecologieprovence.org\/index.php\/outils-pedagogiques-3\/#breadcrumb"},"inLanguage":"fr-FR","potentialAction":[{"@type":"ReadAction","target":["https:\/\/www.ecologieprovence.org\/index.php\/outils-pedagogiques-3\/"]}]},{"@type":"BreadcrumbList","@id":"https:\/\/www.ecologieprovence.org\/index.php\/outils-pedagogiques-3\/#breadcrumb","itemListElement":[{"@type":"ListItem","position":1,"name":"Accueil","item":"https:\/\/www.ecologieprovence.org\/"},{"@type":"ListItem","position":2,"name":"Outils p\u00e9dagogiques"}]},{"@type":"WebSite","@id":"https:\/\/www.ecologieprovence.org\/#website","url":"https:\/\/www.ecologieprovence.org\/","name":"Maison Ecologie Provence","description":"","publisher":{"@id":"https:\/\/www.ecologieprovence.org\/#organization"},"potentialAction":[{"@type":"SearchAction","target":{"@type":"EntryPoint","urlTemplate":"https:\/\/www.ecologieprovence.org\/?s={search_term_string}"},"query-input":"required name=search_term_string"}],"inLanguage":"fr-FR"},{"@type":"Organization","@id":"https:\/\/www.ecologieprovence.org\/#organization","name":"Maison de L'Ecologie de Provence","url":"https:\/\/www.ecologieprovence.org\/","sameAs":["https:\/\/www.linkedin.com\/company\/maison-de-l-ecologie-de-provence","https:\/\/www.youtube.com\/channel\/UCLaOSLMkLPs5ge-JOo8-QeA","https:\/\/www.facebook.com\/maisonecologieprovence\/"],"logo":{"@type":"ImageObject","inLanguage":"fr-FR","@id":"https:\/\/www.ecologieprovence.org\/#\/schema\/logo\/image\/","url":"http:\/\/ecologieprovence.org\/wp-content\/uploads\/2019\/05\/v23-72-PPI.png","contentUrl":"http:\/\/ecologieprovence.org\/wp-content\/uploads\/2019\/05\/v23-72-PPI.png","width":1004,"height":403,"caption":"Maison de L'Ecologie de Provence"},"image":{"@id":"https:\/\/www.ecologieprovence.org\/#\/schema\/logo\/image\/"}}]}},"_links":{"self":[{"href":"https:\/\/www.ecologieprovence.org\/index.php\/wp-json\/wp\/v2\/pages\/663"}],"collection":[{"href":"https:\/\/www.ecologieprovence.org\/index.php\/wp-json\/wp\/v2\/pages"}],"about":[{"href":"https:\/\/www.ecologieprovence.org\/index.php\/wp-json\/wp\/v2\/types\/page"}],"author":[{"embeddable":true,"href":"https:\/\/www.ecologieprovence.org\/index.php\/wp-json\/wp\/v2\/users\/1"}],"replies":[{"embeddable":true,"href":"https:\/\/www.ecologieprovence.org\/index.php\/wp-json\/wp\/v2\/comments?post=663"}],"version-history":[{"count":5,"href":"https:\/\/www.ecologieprovence.org\/index.php\/wp-json\/wp\/v2\/pages\/663\/revisions"}],"predecessor-version":[{"id":732,"href":"https:\/\/www.ecologieprovence.org\/index.php\/wp-json\/wp\/v2\/pages\/663\/revisions\/732"}],"wp:attachment":[{"href":"https:\/\/www.ecologieprovence.org\/index.php\/wp-json\/wp\/v2\/media?parent=663"}],"curies":[{"name":"wp","href":"https:\/\/api.w.org\/{rel}","templated":true}]}}