{"id":82,"date":"2019-03-28T15:54:42","date_gmt":"2019-03-28T14:54:42","guid":{"rendered":"http:\/\/ecologieprovence.org\/?page_id=82"},"modified":"2020-02-21T11:26:16","modified_gmt":"2020-02-21T10:26:16","slug":"contact","status":"publish","type":"page","link":"https:\/\/www.ecologieprovence.org\/index.php\/contact\/","title":{"rendered":"Contact"},"content":{"rendered":"<div style=\"width: 40%; padding: 0 10px 0 0; float: left;\"><strong>Notre adresse :<\/strong><\/p>\n<p><a href=\"http:\/\/www.calanques-parcnational.fr\/fr\">Maison de l&rsquo;\u00c9cologie Provence<\/a><\/p>\n<p>25 rue Falque<\/p>\n<p>13006 Marseille<\/p>\n<p>FRANCE<\/p>\n<\/div>\n<div style=\"width: 40%; padding: 0 10px 0 0; float: right;\"><strong>T\u00e9l\u00e9phone :<\/strong><\/p>\n<p>09 84 36 11 57<br \/>\u00a0<br \/><strong>E-mail :<\/strong><\/p>\n<p><span style=\"color: #008080;\">contact@ecologieprovence.org<\/span><\/p>\n<\/div>\n<div style=\"clear: both;\">\u00a0<\/div>\n<p>&nbsp;<\/p>\n<p><b>Question ou demande de b\u00e9n\u00e9volat ? Demandez-nous directement ici :<\/b><\/p>\n<div role=\"form\" class=\"wpcf7\" id=\"wpcf7-f196-o1\" lang=\"fr-FR\" dir=\"ltr\">\n<div class=\"screen-reader-response\"><p role=\"status\" aria-live=\"polite\" aria-atomic=\"true\"><\/p> <ul><\/ul><\/div>\n<form action=\"\/index.php\/wp-json\/wp\/v2\/pages\/82#wpcf7-f196-o1\" method=\"post\" class=\"wpcf7-form init\" novalidate=\"novalidate\" data-status=\"init\">\n<div style=\"display: none;\">\n<input type=\"hidden\" name=\"_wpcf7\" value=\"196\" \/>\n<input type=\"hidden\" name=\"_wpcf7_version\" value=\"5.6.3\" \/>\n<input type=\"hidden\" name=\"_wpcf7_locale\" value=\"fr_FR\" \/>\n<input type=\"hidden\" name=\"_wpcf7_unit_tag\" value=\"wpcf7-f196-o1\" \/>\n<input type=\"hidden\" name=\"_wpcf7_container_post\" value=\"0\" \/>\n<input type=\"hidden\" name=\"_wpcf7_posted_data_hash\" value=\"\" \/>\n<\/div>\n<p><label> Votre nom (obligatoire)<br \/>\n    <span class=\"wpcf7-form-control-wrap\" data-name=\"your-name\"><input type=\"text\" name=\"your-name\" value=\"\" size=\"40\" class=\"wpcf7-form-control wpcf7-text wpcf7-validates-as-required\" aria-required=\"true\" aria-invalid=\"false\" \/><\/span> <\/label><\/p>\n<p><label> Votre adresse de messagerie (obligatoire)<br \/>\n    <span class=\"wpcf7-form-control-wrap\" data-name=\"your-email\"><input type=\"email\" name=\"your-email\" value=\"\" size=\"40\" class=\"wpcf7-form-control wpcf7-text wpcf7-email wpcf7-validates-as-required wpcf7-validates-as-email\" aria-required=\"true\" aria-invalid=\"false\" \/><\/span> <\/label><\/p>\n<p><label> Votre ville<br \/>\n<span class=\"wpcf7-form-control-wrap\" data-name=\"ville\"><input type=\"text\" name=\"ville\" value=\"\" size=\"40\" class=\"wpcf7-form-control wpcf7-text\" aria-invalid=\"false\" \/><\/span> <\/label><\/p>\n<p><label> Objet<br \/>\n    <span class=\"wpcf7-form-control-wrap\" data-name=\"your-subject\"><input type=\"text\" name=\"your-subject\" value=\"\" size=\"40\" class=\"wpcf7-form-control wpcf7-text\" aria-invalid=\"false\" \/><\/span> <\/label><\/p>\n<p><label> Votre message<br \/>\n    <span class=\"wpcf7-form-control-wrap\" data-name=\"your-message\"><textarea name=\"your-message\" cols=\"40\" rows=\"10\" class=\"wpcf7-form-control wpcf7-textarea\" aria-invalid=\"false\"><\/textarea><\/span> <\/label><\/p>\n<p><input type=\"submit\" value=\"Envoyer\" class=\"wpcf7-form-control has-spinner wpcf7-submit\" \/><\/p>\n<div class=\"wpcf7-response-output\" aria-hidden=\"true\"><\/div><\/form><\/div>\n","protected":false},"excerpt":{"rendered":"<p>Notre adresse : Maison de l&rsquo;\u00c9cologie Provence 25 rue Falque 13006 Marseille FRANCE T\u00e9l\u00e9phone : 09 84 36 11 57\u00a0E-mail : contact@ecologieprovence.org \u00a0 &nbsp; Question ou demande de b\u00e9n\u00e9volat ? Demandez-nous directement ici :<\/p>\n","protected":false},"author":1,"featured_media":0,"parent":0,"menu_order":0,"comment_status":"closed","ping_status":"closed","template":"","meta":[],"yoast_head":"<!-- This site is optimized with the Yoast SEO plugin v19.7.1 - https:\/\/yoast.com\/wordpress\/plugins\/seo\/ -->\n<title>Contact &bull; Maison Ecologie Provence<\/title>\n<meta name=\"robots\" content=\"index, follow, max-snippet:-1, max-image-preview:large, max-video-preview:-1\" \/>\n<link rel=\"canonical\" href=\"https:\/\/www.ecologieprovence.org\/index.php\/contact\/\" \/>\n<meta property=\"og:locale\" content=\"fr_FR\" \/>\n<meta property=\"og:type\" content=\"article\" \/>\n<meta property=\"og:title\" content=\"Contact &bull; Maison Ecologie Provence\" \/>\n<meta property=\"og:description\" content=\"Notre adresse : Maison de l&rsquo;\u00c9cologie Provence 25 rue Falque 13006 Marseille FRANCE T\u00e9l\u00e9phone : 09 84 36 11 57\u00a0E-mail : contact@ecologieprovence.org \u00a0 &nbsp; Question ou demande de b\u00e9n\u00e9volat ? Demandez-nous directement ici :\" \/>\n<meta property=\"og:url\" content=\"https:\/\/www.ecologieprovence.org\/index.php\/contact\/\" \/>\n<meta property=\"og:site_name\" content=\"Maison Ecologie Provence\" \/>\n<meta property=\"article:publisher\" content=\"https:\/\/www.facebook.com\/maisonecologieprovence\/\" \/>\n<meta property=\"article:modified_time\" content=\"2020-02-21T10:26:16+00:00\" \/>\n<meta name=\"twitter:card\" content=\"summary_large_image\" \/>\n<script type=\"application\/ld+json\" class=\"yoast-schema-graph\">{\"@context\":\"https:\/\/schema.org\",\"@graph\":[{\"@type\":\"WebPage\",\"@id\":\"https:\/\/www.ecologieprovence.org\/index.php\/contact\/\",\"url\":\"https:\/\/www.ecologieprovence.org\/index.php\/contact\/\",\"name\":\"Contact &bull; Maison Ecologie Provence\",\"isPartOf\":{\"@id\":\"https:\/\/www.ecologieprovence.org\/#website\"},\"datePublished\":\"2019-03-28T14:54:42+00:00\",\"dateModified\":\"2020-02-21T10:26:16+00:00\",\"breadcrumb\":{\"@id\":\"https:\/\/www.ecologieprovence.org\/index.php\/contact\/#breadcrumb\"},\"inLanguage\":\"fr-FR\",\"potentialAction\":[{\"@type\":\"ReadAction\",\"target\":[\"https:\/\/www.ecologieprovence.org\/index.php\/contact\/\"]}]},{\"@type\":\"BreadcrumbList\",\"@id\":\"https:\/\/www.ecologieprovence.org\/index.php\/contact\/#breadcrumb\",\"itemListElement\":[{\"@type\":\"ListItem\",\"position\":1,\"name\":\"Accueil\",\"item\":\"https:\/\/www.ecologieprovence.org\/\"},{\"@type\":\"ListItem\",\"position\":2,\"name\":\"Contact\"}]},{\"@type\":\"WebSite\",\"@id\":\"https:\/\/www.ecologieprovence.org\/#website\",\"url\":\"https:\/\/www.ecologieprovence.org\/\",\"name\":\"Maison Ecologie Provence\",\"description\":\"\",\"publisher\":{\"@id\":\"https:\/\/www.ecologieprovence.org\/#organization\"},\"potentialAction\":[{\"@type\":\"SearchAction\",\"target\":{\"@type\":\"EntryPoint\",\"urlTemplate\":\"https:\/\/www.ecologieprovence.org\/?s={search_term_string}\"},\"query-input\":\"required name=search_term_string\"}],\"inLanguage\":\"fr-FR\"},{\"@type\":\"Organization\",\"@id\":\"https:\/\/www.ecologieprovence.org\/#organization\",\"name\":\"Maison de L'Ecologie de Provence\",\"url\":\"https:\/\/www.ecologieprovence.org\/\",\"sameAs\":[\"https:\/\/www.linkedin.com\/company\/maison-de-l-ecologie-de-provence\",\"https:\/\/www.youtube.com\/channel\/UCLaOSLMkLPs5ge-JOo8-QeA\",\"https:\/\/www.facebook.com\/maisonecologieprovence\/\"],\"logo\":{\"@type\":\"ImageObject\",\"inLanguage\":\"fr-FR\",\"@id\":\"https:\/\/www.ecologieprovence.org\/#\/schema\/logo\/image\/\",\"url\":\"http:\/\/ecologieprovence.org\/wp-content\/uploads\/2019\/05\/v23-72-PPI.png\",\"contentUrl\":\"http:\/\/ecologieprovence.org\/wp-content\/uploads\/2019\/05\/v23-72-PPI.png\",\"width\":1004,\"height\":403,\"caption\":\"Maison de L'Ecologie de Provence\"},\"image\":{\"@id\":\"https:\/\/www.ecologieprovence.org\/#\/schema\/logo\/image\/\"}}]}<\/script>\n<!-- \/ Yoast SEO plugin. -->","yoast_head_json":{"title":"Contact &bull; Maison Ecologie Provence","robots":{"index":"index","follow":"follow","max-snippet":"max-snippet:-1","max-image-preview":"max-image-preview:large","max-video-preview":"max-video-preview:-1"},"canonical":"https:\/\/www.ecologieprovence.org\/index.php\/contact\/","og_locale":"fr_FR","og_type":"article","og_title":"Contact &bull; Maison Ecologie Provence","og_description":"Notre adresse : Maison de l&rsquo;\u00c9cologie Provence 25 rue Falque 13006 Marseille FRANCE T\u00e9l\u00e9phone : 09 84 36 11 57\u00a0E-mail : contact@ecologieprovence.org \u00a0 &nbsp; Question ou demande de b\u00e9n\u00e9volat ? Demandez-nous directement ici :","og_url":"https:\/\/www.ecologieprovence.org\/index.php\/contact\/","og_site_name":"Maison Ecologie Provence","article_publisher":"https:\/\/www.facebook.com\/maisonecologieprovence\/","article_modified_time":"2020-02-21T10:26:16+00:00","twitter_card":"summary_large_image","schema":{"@context":"https:\/\/schema.org","@graph":[{"@type":"WebPage","@id":"https:\/\/www.ecologieprovence.org\/index.php\/contact\/","url":"https:\/\/www.ecologieprovence.org\/index.php\/contact\/","name":"Contact &bull; Maison Ecologie Provence","isPartOf":{"@id":"https:\/\/www.ecologieprovence.org\/#website"},"datePublished":"2019-03-28T14:54:42+00:00","dateModified":"2020-02-21T10:26:16+00:00","breadcrumb":{"@id":"https:\/\/www.ecologieprovence.org\/index.php\/contact\/#breadcrumb"},"inLanguage":"fr-FR","potentialAction":[{"@type":"ReadAction","target":["https:\/\/www.ecologieprovence.org\/index.php\/contact\/"]}]},{"@type":"BreadcrumbList","@id":"https:\/\/www.ecologieprovence.org\/index.php\/contact\/#breadcrumb","itemListElement":[{"@type":"ListItem","position":1,"name":"Accueil","item":"https:\/\/www.ecologieprovence.org\/"},{"@type":"ListItem","position":2,"name":"Contact"}]},{"@type":"WebSite","@id":"https:\/\/www.ecologieprovence.org\/#website","url":"https:\/\/www.ecologieprovence.org\/","name":"Maison Ecologie Provence","description":"","publisher":{"@id":"https:\/\/www.ecologieprovence.org\/#organization"},"potentialAction":[{"@type":"SearchAction","target":{"@type":"EntryPoint","urlTemplate":"https:\/\/www.ecologieprovence.org\/?s={search_term_string}"},"query-input":"required name=search_term_string"}],"inLanguage":"fr-FR"},{"@type":"Organization","@id":"https:\/\/www.ecologieprovence.org\/#organization","name":"Maison de L'Ecologie de Provence","url":"https:\/\/www.ecologieprovence.org\/","sameAs":["https:\/\/www.linkedin.com\/company\/maison-de-l-ecologie-de-provence","https:\/\/www.youtube.com\/channel\/UCLaOSLMkLPs5ge-JOo8-QeA","https:\/\/www.facebook.com\/maisonecologieprovence\/"],"logo":{"@type":"ImageObject","inLanguage":"fr-FR","@id":"https:\/\/www.ecologieprovence.org\/#\/schema\/logo\/image\/","url":"http:\/\/ecologieprovence.org\/wp-content\/uploads\/2019\/05\/v23-72-PPI.png","contentUrl":"http:\/\/ecologieprovence.org\/wp-content\/uploads\/2019\/05\/v23-72-PPI.png","width":1004,"height":403,"caption":"Maison de L'Ecologie de Provence"},"image":{"@id":"https:\/\/www.ecologieprovence.org\/#\/schema\/logo\/image\/"}}]}},"_links":{"self":[{"href":"https:\/\/www.ecologieprovence.org\/index.php\/wp-json\/wp\/v2\/pages\/82"}],"collection":[{"href":"https:\/\/www.ecologieprovence.org\/index.php\/wp-json\/wp\/v2\/pages"}],"about":[{"href":"https:\/\/www.ecologieprovence.org\/index.php\/wp-json\/wp\/v2\/types\/page"}],"author":[{"embeddable":true,"href":"https:\/\/www.ecologieprovence.org\/index.php\/wp-json\/wp\/v2\/users\/1"}],"replies":[{"embeddable":true,"href":"https:\/\/www.ecologieprovence.org\/index.php\/wp-json\/wp\/v2\/comments?post=82"}],"version-history":[{"count":20,"href":"https:\/\/www.ecologieprovence.org\/index.php\/wp-json\/wp\/v2\/pages\/82\/revisions"}],"predecessor-version":[{"id":1292,"href":"https:\/\/www.ecologieprovence.org\/index.php\/wp-json\/wp\/v2\/pages\/82\/revisions\/1292"}],"wp:attachment":[{"href":"https:\/\/www.ecologieprovence.org\/index.php\/wp-json\/wp\/v2\/media?parent=82"}],"curies":[{"name":"wp","href":"https:\/\/api.w.org\/{rel}","templated":true}]}}