{"id":926,"date":"2019-09-09T15:18:46","date_gmt":"2019-09-09T13:18:46","guid":{"rendered":"http:\/\/ecologieprovence.org\/?page_id=926"},"modified":"2022-09-26T12:51:43","modified_gmt":"2022-09-26T10:51:43","slug":"lair-et-moi-2","status":"publish","type":"page","link":"https:\/\/www.ecologieprovence.org\/index.php\/lair-et-moi-2\/","title":{"rendered":"L&rsquo;Air et Moi"},"content":{"rendered":"<p style=\"text-align: center;\"><span style=\"font-size: 18pt; color: #008080;\">Des diaporamas illustr\u00e9s, <\/span><span style=\"color: #008080;\"><span style=\"font-size: 18pt;\"><a style=\"color: #008080;\" href=\"https:\/\/www.lairetmoi.org\/telecharger-tous-les-modules.html\">gratuitement<\/a> <\/span><span style=\"font-size: 18pt;\"><a style=\"color: #008080;\" href=\"https:\/\/www.lairetmoi.org\/telecharger-tous-les-modules.html\">t\u00e9l\u00e9chargeables !<\/a><\/span><\/span><\/p>\n<div class=\"ce_text block\">\n<p style=\"text-align: center;\">Il \u00e9tait important pour nous de <span style=\"color: #ff9900;\">cr\u00e9er des supports p\u00e9dagogiques <\/span><span style=\"color: #008080;\">accessibles \u00e0 tous<\/span> et <span style=\"color: #008080;\">facilement<span style=\"color: #808080;\"> utilisables.<\/span><\/span><\/p>\n<p style=\"text-align: center;\">Pour les \u00e9tablissements scolaires ou animateurs n\u2019ayant pas de vid\u00e9o projecteur, pas de panique, nous avons \u00e9galement cr\u00e9\u00e9 une version papier du support.<\/p>\n<\/div>\n<div class=\"ce_text block\">\n<p><span style=\"font-size: 18pt;\">Les modules <span style=\"color: #00ccff;\">L&rsquo;Air et Moi <\/span>&#8211; \u00e9cole <br \/><\/span><\/p>\n<p>Un module est compos\u00e9 d\u2019un diaporama anim\u00e9, d\u2019un guide p\u00e9dagogique ainsi que de vid\u00e9os diverses. Chaque diaporama est con\u00e7u pour une animation d\u2019une heure \u00e0 une heure trente environ.<\/p>\n<\/div>\n<div class=\"ce_text block\">\n<ul>\n<li><a href=\"https:\/\/www.lairetmoi.org\/module-transversal.html\">Module l&rsquo;essentiel cycle 3 : la pollution de l&rsquo;air<\/a><\/li>\n<li><a href=\"https:\/\/www.lairetmoi.org\/module-transversal.html\">Module l&rsquo;essentiel cycle 2 : la pollution de l&rsquo;air<\/a><\/li>\n<li><a href=\"https:\/\/www.lairetmoi.org\/module-1-limportance-de-lair.html\">Module 1 : l&rsquo;importance de l&rsquo;air<\/a><\/li>\n<li><a href=\"https:\/\/www.lairetmoi.org\/module-2-les-causes-de-la-pollution-de-lair.html\">Module 2 : les causes de la pollution de l&rsquo;air<\/a><\/li>\n<li><a href=\"https:\/\/www.lairetmoi.org\/module-3-les-consequences-de-la-pollution-de-lair.html\">Module 3 : les cons\u00e9quences de la pollution de l&rsquo;air<\/a><\/li>\n<li><a href=\"https:\/\/www.lairetmoi.org\/module-4-la-surveillance-de-la-qualite-de-lair.html\">Module 4 : la surveillance de la pollution de l&rsquo;air<\/a><\/li>\n<li><a href=\"https:\/\/www.lairetmoi.org\/module-5-les-solutions-contre-la-pollution-de-lair.html\">Module 5 : les solutions contre la pollution de l&rsquo;air<\/a><\/li>\n<li><a href=\"https:\/\/www.lairetmoi.org\/module-6-la-pollution-de-lair-interieur.html\">Module 6 : la pollution de l&rsquo;air int\u00e9rieur<\/a><\/li>\n<li><a href=\"https:\/\/www.lairetmoi.org\/module-7-air-et-energie.html\">Module 7 : l&rsquo;air et l&rsquo;\u00e9nergie<\/a><\/li>\n<\/ul>\n<p>&nbsp;<\/p>\n<\/div>\n<p><span style=\"font-size: 18pt;\">Les modules <span style=\"color: #00ccff;\">L&rsquo;Air et Moi <\/span>&#8211; lyc\u00e9e<\/span><\/p>\n<p><a href=\"https:\/\/www.lairetmoi.org\/lair-et-moi-lycee.html\">L&rsquo;Air et Moi Lyc\u00e9e<\/a><\/p>\n<p>&nbsp;<\/p>\n<p><img loading=\"lazy\" class=\"size-full wp-image-236 aligncenter\" style=\"font-size: 18px; text-align: center;\" src=\"http:\/\/ecologieprovence.org\/wp-content\/uploads\/2019\/04\/help-ppt-150x150.png\" alt=\"\" width=\"150\" height=\"150\" \/><\/p>\n<h6 style=\"text-align: center;\"><span style=\"font-size: 24pt; color: #008080;\">Comment visionner les diaporamas ?<\/span><\/h6>\n<p>&nbsp;<\/p>\n<div id=\"wpsecol-cf567c45-3b60-8505-9f84-41e1c15a6e12\" class=\"csRow\">\n<div class=\"csColumn\" style=\"margin: 0; padding: 0; float: left; width: 49.22566371681416%;\" data-posx0=\"0\" data-posx1=\"49.336283185840706\" data-padding=\"5\" data-responsive=\"1\">\n<div style=\"padding: 5px;\">\n<div class=\"preview_text csColumn_text\">\n<p><img loading=\"lazy\" class=\"size-full wp-image-237 aligncenter\" style=\"font-size: 18px;\" src=\"http:\/\/ecologieprovence.org\/wp-content\/uploads\/2019\/04\/computer.png\" alt=\"\" width=\"256\" height=\"256\" srcset=\"https:\/\/www.ecologieprovence.org\/wp-content\/uploads\/2019\/04\/computer.png 256w, https:\/\/www.ecologieprovence.org\/wp-content\/uploads\/2019\/04\/computer-150x150.png 150w\" sizes=\"(max-width: 256px) 100vw, 256px\" \/><\/p>\n<p style=\"font-size: 18px; line-height: 27px; text-align: center;\"><a href=\"http:\/\/airandme.org\/DOWNLOADS\/prog\/PowerPointViewer.exe\" style=\"font-size: 18px;\">PowerPoint Viewer \u2013 Windows<\/a><\/p>\n<p style=\"font-size: 18px; line-height: 27px; text-align: center;\"><a href=\"http:\/\/libreoffice.org\/download\/libreoffice-stable\/\" style=\"font-size: 18px;\">Libre Office Suite \u2013 Windows, Linux, MacOS<\/a><\/p>\n<\/div>\n<\/div>\n<\/div>\n<div class=\"csColumnGap\" style=\"margin: 0; padding: 0; float: left; width: 1.3274336283185841%;\"><img src=\"http:\/\/ecologieprovence.org\/wp-content\/plugins\/wp-smart-editor\/plugins\/columns\/img\/1x1-pixel.png\" \/><\/div>\n<div class=\"csColumn\" style=\"margin: 0; padding: 0; float: left; width: 49.22566371681416%;\" data-posx0=\"50.66371681415929\" data-posx1=\"100\" data-padding=\"5\" data-responsive=\"1\">\n<div style=\"padding: 5px;\">\n<div class=\"preview_text csColumn_text\">\n<p><img loading=\"lazy\" class=\"wp-image-238 aligncenter\" style=\"font-size: 18px; text-align: center;\" src=\"http:\/\/ecologieprovence.org\/wp-content\/uploads\/2019\/04\/mobile.png\" alt=\"\" width=\"273\" height=\"273\" srcset=\"https:\/\/www.ecologieprovence.org\/wp-content\/uploads\/2019\/04\/mobile.png 256w, https:\/\/www.ecologieprovence.org\/wp-content\/uploads\/2019\/04\/mobile-150x150.png 150w\" sizes=\"(max-width: 273px) 100vw, 273px\" \/><\/p>\n<p style=\"text-align: center;\"><a href=\"https:\/\/play.google.com\/store\/apps\/details?id=com.microsoft.office.powerpoint&amp;hl=fr\" style=\"font-size: 18px;\">PowerPoint Mobile \u2013 Android (Google Play)<\/a><\/p>\n<p style=\"text-align: center;\"><a href=\"https:\/\/itunes.apple.com\/app\/microsoft-powerpoint\/id586449534?mt=8\">PowerPoint Mobile \u2013 iOS (Apple Store)<\/a><\/p>\n<p style=\"text-align: center;\"><a href=\"https:\/\/www.microsoft.com\/en-us\/store\/p\/powerpoint-mobile\/9wzdncrfjb5q\">PowerPoint Mobile \u2013 Windows 10 Mobile (Microsoft Store)<\/a><\/p>\n<p style=\"text-align: center;\">\u00a0<\/p>\n<\/div>\n<\/div>\n<\/div>\n<div class=\"csColumnGap\" style=\"margin: 0; padding: 0; float: left; width: 0.2212389380530908%;\"><img src=\"http:\/\/ecologieprovence.org\/wp-content\/plugins\/wp-smart-editor\/plugins\/columns\/img\/1x1-pixel.png\" \/><\/div>\n<div style=\"clear: both; float: none; display: block; visibility: hidden; width: 0; font-size: 0; line-height: 0;\">\u00a0<\/div>\n<\/div>\n<p>&nbsp;<\/p>\n<p>&nbsp;<\/p>\n<p>&nbsp;<\/p>\n<p style=\"text-align: left;\">\u00a0<\/p>\n<p style=\"text-align: left;\">\u00a0<\/p>\n<p>&nbsp;<\/p>\n<p>&nbsp;<\/p>\n<p style=\"text-align: left;\">\u00a0<\/p>\n<p style=\"text-align: center;\">\u00a0<\/p>\n<p>&nbsp;<\/p>\n<p>&nbsp;<\/p>\n<p>&nbsp;<\/p>\n<p>&nbsp;<\/p>\n<p>&nbsp;<\/p>\n<p>&nbsp;<\/p>\n<div id=\"style-wpsecol-cf567c45-3b60-8505-9f84-41e1c15a6e12\">\n<style>@media (max-width: 768px) {\n    #wpsecol-cf567c45-3b60-8505-9f84-41e1c15a6e12 .csColumn {\n        display: block;\n        width: 100% !important;\n    }\n    #wpsecol-cf567c45-3b60-8505-9f84-41e1c15a6e12 .csColumnGap {\n        display: none;\n    }\n}<\/style>\n<\/div>\n","protected":false},"excerpt":{"rendered":"<p>Des diaporamas illustr\u00e9s, gratuitement t\u00e9l\u00e9chargeables ! Il \u00e9tait important pour nous de cr\u00e9er des supports p\u00e9dagogiques accessibles \u00e0 tous et facilement utilisables. Pour les \u00e9tablissements scolaires ou animateurs n\u2019ayant pas de vid\u00e9o projecteur, pas de panique, nous avons \u00e9galement cr\u00e9\u00e9 une version papier du support. Les modules L&rsquo;Air et Moi &#8211; \u00e9cole Un module est&hellip; <br \/> <a class=\"button small blue\" href=\"https:\/\/www.ecologieprovence.org\/index.php\/lair-et-moi-2\/\">Lire la suite<\/a><\/p>\n","protected":false},"author":1,"featured_media":0,"parent":0,"menu_order":0,"comment_status":"closed","ping_status":"closed","template":"","meta":[],"yoast_head":"<!-- This site is optimized with the Yoast SEO plugin v19.7.1 - https:\/\/yoast.com\/wordpress\/plugins\/seo\/ -->\n<title>L&#039;Air et Moi &bull; Maison Ecologie Provence<\/title>\n<meta name=\"robots\" content=\"index, follow, max-snippet:-1, max-image-preview:large, max-video-preview:-1\" \/>\n<link rel=\"canonical\" href=\"https:\/\/www.ecologieprovence.org\/index.php\/lair-et-moi-2\/\" \/>\n<meta property=\"og:locale\" content=\"fr_FR\" \/>\n<meta property=\"og:type\" content=\"article\" \/>\n<meta property=\"og:title\" content=\"L&#039;Air et Moi &bull; Maison Ecologie Provence\" \/>\n<meta property=\"og:description\" content=\"Des diaporamas illustr\u00e9s, gratuitement t\u00e9l\u00e9chargeables ! Il \u00e9tait important pour nous de cr\u00e9er des supports p\u00e9dagogiques accessibles \u00e0 tous et facilement utilisables. Pour les \u00e9tablissements scolaires ou animateurs n\u2019ayant pas de vid\u00e9o projecteur, pas de panique, nous avons \u00e9galement cr\u00e9\u00e9 une version papier du support. Les modules L&rsquo;Air et Moi &#8211; \u00e9cole Un module est&hellip; Lire la suite\" \/>\n<meta property=\"og:url\" content=\"https:\/\/www.ecologieprovence.org\/index.php\/lair-et-moi-2\/\" \/>\n<meta property=\"og:site_name\" content=\"Maison Ecologie Provence\" \/>\n<meta property=\"article:publisher\" content=\"https:\/\/www.facebook.com\/maisonecologieprovence\/\" \/>\n<meta property=\"article:modified_time\" content=\"2022-09-26T10:51:43+00:00\" \/>\n<meta property=\"og:image\" content=\"http:\/\/ecologieprovence.org\/wp-content\/uploads\/2019\/04\/help-ppt-150x150.png\" \/>\n<meta name=\"twitter:card\" content=\"summary_large_image\" \/>\n<meta name=\"twitter:label1\" content=\"Dur\u00e9e de lecture estim\u00e9e\" \/>\n\t<meta name=\"twitter:data1\" content=\"3 minutes\" \/>\n<script type=\"application\/ld+json\" class=\"yoast-schema-graph\">{\"@context\":\"https:\/\/schema.org\",\"@graph\":[{\"@type\":\"WebPage\",\"@id\":\"https:\/\/www.ecologieprovence.org\/index.php\/lair-et-moi-2\/\",\"url\":\"https:\/\/www.ecologieprovence.org\/index.php\/lair-et-moi-2\/\",\"name\":\"L'Air et Moi &bull; Maison Ecologie Provence\",\"isPartOf\":{\"@id\":\"https:\/\/www.ecologieprovence.org\/#website\"},\"datePublished\":\"2019-09-09T13:18:46+00:00\",\"dateModified\":\"2022-09-26T10:51:43+00:00\",\"breadcrumb\":{\"@id\":\"https:\/\/www.ecologieprovence.org\/index.php\/lair-et-moi-2\/#breadcrumb\"},\"inLanguage\":\"fr-FR\",\"potentialAction\":[{\"@type\":\"ReadAction\",\"target\":[\"https:\/\/www.ecologieprovence.org\/index.php\/lair-et-moi-2\/\"]}]},{\"@type\":\"BreadcrumbList\",\"@id\":\"https:\/\/www.ecologieprovence.org\/index.php\/lair-et-moi-2\/#breadcrumb\",\"itemListElement\":[{\"@type\":\"ListItem\",\"position\":1,\"name\":\"Accueil\",\"item\":\"https:\/\/www.ecologieprovence.org\/\"},{\"@type\":\"ListItem\",\"position\":2,\"name\":\"L&rsquo;Air et Moi\"}]},{\"@type\":\"WebSite\",\"@id\":\"https:\/\/www.ecologieprovence.org\/#website\",\"url\":\"https:\/\/www.ecologieprovence.org\/\",\"name\":\"Maison Ecologie Provence\",\"description\":\"\",\"publisher\":{\"@id\":\"https:\/\/www.ecologieprovence.org\/#organization\"},\"potentialAction\":[{\"@type\":\"SearchAction\",\"target\":{\"@type\":\"EntryPoint\",\"urlTemplate\":\"https:\/\/www.ecologieprovence.org\/?s={search_term_string}\"},\"query-input\":\"required name=search_term_string\"}],\"inLanguage\":\"fr-FR\"},{\"@type\":\"Organization\",\"@id\":\"https:\/\/www.ecologieprovence.org\/#organization\",\"name\":\"Maison de L'Ecologie de Provence\",\"url\":\"https:\/\/www.ecologieprovence.org\/\",\"sameAs\":[\"https:\/\/www.linkedin.com\/company\/maison-de-l-ecologie-de-provence\",\"https:\/\/www.youtube.com\/channel\/UCLaOSLMkLPs5ge-JOo8-QeA\",\"https:\/\/www.facebook.com\/maisonecologieprovence\/\"],\"logo\":{\"@type\":\"ImageObject\",\"inLanguage\":\"fr-FR\",\"@id\":\"https:\/\/www.ecologieprovence.org\/#\/schema\/logo\/image\/\",\"url\":\"http:\/\/ecologieprovence.org\/wp-content\/uploads\/2019\/05\/v23-72-PPI.png\",\"contentUrl\":\"http:\/\/ecologieprovence.org\/wp-content\/uploads\/2019\/05\/v23-72-PPI.png\",\"width\":1004,\"height\":403,\"caption\":\"Maison de L'Ecologie de Provence\"},\"image\":{\"@id\":\"https:\/\/www.ecologieprovence.org\/#\/schema\/logo\/image\/\"}}]}<\/script>\n<!-- \/ Yoast SEO plugin. -->","yoast_head_json":{"title":"L'Air et Moi &bull; Maison Ecologie Provence","robots":{"index":"index","follow":"follow","max-snippet":"max-snippet:-1","max-image-preview":"max-image-preview:large","max-video-preview":"max-video-preview:-1"},"canonical":"https:\/\/www.ecologieprovence.org\/index.php\/lair-et-moi-2\/","og_locale":"fr_FR","og_type":"article","og_title":"L'Air et Moi &bull; Maison Ecologie Provence","og_description":"Des diaporamas illustr\u00e9s, gratuitement t\u00e9l\u00e9chargeables ! Il \u00e9tait important pour nous de cr\u00e9er des supports p\u00e9dagogiques accessibles \u00e0 tous et facilement utilisables. Pour les \u00e9tablissements scolaires ou animateurs n\u2019ayant pas de vid\u00e9o projecteur, pas de panique, nous avons \u00e9galement cr\u00e9\u00e9 une version papier du support. Les modules L&rsquo;Air et Moi &#8211; \u00e9cole Un module est&hellip; Lire la suite","og_url":"https:\/\/www.ecologieprovence.org\/index.php\/lair-et-moi-2\/","og_site_name":"Maison Ecologie Provence","article_publisher":"https:\/\/www.facebook.com\/maisonecologieprovence\/","article_modified_time":"2022-09-26T10:51:43+00:00","og_image":[{"url":"http:\/\/ecologieprovence.org\/wp-content\/uploads\/2019\/04\/help-ppt-150x150.png"}],"twitter_card":"summary_large_image","twitter_misc":{"Dur\u00e9e de lecture estim\u00e9e":"3 minutes"},"schema":{"@context":"https:\/\/schema.org","@graph":[{"@type":"WebPage","@id":"https:\/\/www.ecologieprovence.org\/index.php\/lair-et-moi-2\/","url":"https:\/\/www.ecologieprovence.org\/index.php\/lair-et-moi-2\/","name":"L'Air et Moi &bull; Maison Ecologie Provence","isPartOf":{"@id":"https:\/\/www.ecologieprovence.org\/#website"},"datePublished":"2019-09-09T13:18:46+00:00","dateModified":"2022-09-26T10:51:43+00:00","breadcrumb":{"@id":"https:\/\/www.ecologieprovence.org\/index.php\/lair-et-moi-2\/#breadcrumb"},"inLanguage":"fr-FR","potentialAction":[{"@type":"ReadAction","target":["https:\/\/www.ecologieprovence.org\/index.php\/lair-et-moi-2\/"]}]},{"@type":"BreadcrumbList","@id":"https:\/\/www.ecologieprovence.org\/index.php\/lair-et-moi-2\/#breadcrumb","itemListElement":[{"@type":"ListItem","position":1,"name":"Accueil","item":"https:\/\/www.ecologieprovence.org\/"},{"@type":"ListItem","position":2,"name":"L&rsquo;Air et Moi"}]},{"@type":"WebSite","@id":"https:\/\/www.ecologieprovence.org\/#website","url":"https:\/\/www.ecologieprovence.org\/","name":"Maison Ecologie Provence","description":"","publisher":{"@id":"https:\/\/www.ecologieprovence.org\/#organization"},"potentialAction":[{"@type":"SearchAction","target":{"@type":"EntryPoint","urlTemplate":"https:\/\/www.ecologieprovence.org\/?s={search_term_string}"},"query-input":"required name=search_term_string"}],"inLanguage":"fr-FR"},{"@type":"Organization","@id":"https:\/\/www.ecologieprovence.org\/#organization","name":"Maison de L'Ecologie de Provence","url":"https:\/\/www.ecologieprovence.org\/","sameAs":["https:\/\/www.linkedin.com\/company\/maison-de-l-ecologie-de-provence","https:\/\/www.youtube.com\/channel\/UCLaOSLMkLPs5ge-JOo8-QeA","https:\/\/www.facebook.com\/maisonecologieprovence\/"],"logo":{"@type":"ImageObject","inLanguage":"fr-FR","@id":"https:\/\/www.ecologieprovence.org\/#\/schema\/logo\/image\/","url":"http:\/\/ecologieprovence.org\/wp-content\/uploads\/2019\/05\/v23-72-PPI.png","contentUrl":"http:\/\/ecologieprovence.org\/wp-content\/uploads\/2019\/05\/v23-72-PPI.png","width":1004,"height":403,"caption":"Maison de L'Ecologie de Provence"},"image":{"@id":"https:\/\/www.ecologieprovence.org\/#\/schema\/logo\/image\/"}}]}},"_links":{"self":[{"href":"https:\/\/www.ecologieprovence.org\/index.php\/wp-json\/wp\/v2\/pages\/926"}],"collection":[{"href":"https:\/\/www.ecologieprovence.org\/index.php\/wp-json\/wp\/v2\/pages"}],"about":[{"href":"https:\/\/www.ecologieprovence.org\/index.php\/wp-json\/wp\/v2\/types\/page"}],"author":[{"embeddable":true,"href":"https:\/\/www.ecologieprovence.org\/index.php\/wp-json\/wp\/v2\/users\/1"}],"replies":[{"embeddable":true,"href":"https:\/\/www.ecologieprovence.org\/index.php\/wp-json\/wp\/v2\/comments?post=926"}],"version-history":[{"count":16,"href":"https:\/\/www.ecologieprovence.org\/index.php\/wp-json\/wp\/v2\/pages\/926\/revisions"}],"predecessor-version":[{"id":1500,"href":"https:\/\/www.ecologieprovence.org\/index.php\/wp-json\/wp\/v2\/pages\/926\/revisions\/1500"}],"wp:attachment":[{"href":"https:\/\/www.ecologieprovence.org\/index.php\/wp-json\/wp\/v2\/media?parent=926"}],"curies":[{"name":"wp","href":"https:\/\/api.w.org\/{rel}","templated":true}]}}