{"id":955,"date":"2019-10-11T14:38:56","date_gmt":"2019-10-11T12:38:56","guid":{"rendered":"http:\/\/ecologieprovence.org\/?page_id=955"},"modified":"2020-07-07T17:05:55","modified_gmt":"2020-07-07T15:05:55","slug":"adhesions","status":"publish","type":"page","link":"https:\/\/www.ecologieprovence.org\/index.php\/adhesions\/","title":{"rendered":"Adh\u00e9sions"},"content":{"rendered":"<p dir=\"ltr\"><span style=\"color: #008080;\"><strong><span style=\"font-size: 18pt;\">ENSEMBLE POUR AGIR EN FAVEUR DE NOTRE ENVIRONNEMENT<\/span> <\/strong><\/span>\ud83c\udf0e<\/p>\n<p dir=\"ltr\">\u00a0<\/p>\n<p dir=\"ltr\"><img loading=\"lazy\" class=\"alignleft wp-image-1443\" src=\"http:\/\/ecologieprovence.org\/wp-content\/uploads\/2020\/07\/tape-1.png\" width=\"146\" height=\"146\" \/><span style=\"font-size: 18px; font-family: 'Source Sans Pro', sans-serif;\">Devenir membre de la <\/span><a href=\"http:\/\/ecologieprovence.org\/\" style=\"font-size: 18px;\">Maison de l&rsquo;Ecologie Provence<\/a><span style=\"font-size: 18px; font-family: 'Source Sans Pro', sans-serif;\">, c&rsquo;est <\/span><span style=\"color: #008080;\">\u0153uvrer\u00a0pour la pr\u00e9servation de l&rsquo;environnement<\/span> <span style=\"color: #008080;\">par l&rsquo;\u00e9ducation et la sensibilisation de tous.<\/span><span style=\"font-size: 18px; font-family: 'Source Sans Pro', sans-serif;\"> Fortement impliqu\u00e9e aupr\u00e8s des enfants et des jeunes g\u00e9n\u00e9rations, l&rsquo;association <\/span><span style=\"color: #808080;\">compte sur vous<\/span><span style=\"font-size: 18px; font-family: 'Source Sans Pro', sans-serif;\"> pour poursuivre ses actions d&rsquo;\u00e9ducation \u00e0 l&rsquo;environnement.<\/span><\/p>\n<p dir=\"ltr\"><span style=\"color: #008080;\">Quel que soit votre niveau d&rsquo;engagement<\/span>, faites aux c\u00f4t\u00e9s des autres membres de notre structure la force de nos projets.<\/p>\n<p dir=\"ltr\"><span style=\"color: #008080;\">Adh\u00e9rer<\/span>, c&rsquo;est devenir un membre actif, <span style=\"color: #33cccc;\">en nous soutenant<b>\u00a0<\/b>moralement et financi\u00e8rement<\/span> avec une cotisation annuelle de 10\u20ac per\u00e7ue sur l\u2019ann\u00e9e civile et valable du 1er janvier au 31 d\u00e9cembre de l\u2019ann\u00e9e en cours.<\/p>\n<div>\n<p dir=\"ltr\">Qu\u2019il s\u2019agisse d&rsquo;<span style=\"color: #008080;\">organiser des activit\u00e9s<\/span>, de <span style=\"color: #008080;\">participer \u00e0 nos actions<\/span> ou d&rsquo;<span style=\"color: #008080;\">am\u00e9liorer notre visibilit\u00e9<\/span>, nous ne demandons que votre soutien. Hormis les cotisations, les autres recettes de la <a href=\"http:\/\/ecologieprovence.org\/\">Maison de l&rsquo;Ecologie Provence<\/a> sont constitu\u00e9es parfois de subventions et\/ou de conventions.\u00a0<\/p>\n<p dir=\"ltr\">Cet argent sert \u00e0 <span style=\"color: #33cccc;\"><span style=\"color: #008080;\">assurer le fonctionnement courant<\/span> <span style=\"color: #808080;\">de l\u2019association<\/span><\/span><span style=\"color: #808080;\">,<\/span> \u00e0 <span style=\"color: #008080;\">financer les activit\u00e9s<\/span>\u00a0ainsi que nos supports de communication.<\/p>\n<p dir=\"ltr\">\u00a0<\/p>\n<p dir=\"ltr\">La <a href=\"http:\/\/ecologieprovence.org\/\">Maison de l&rsquo;Ecologie Provence<\/a> vous attend ! \u2600\ud83d\ude09<\/p>\n<\/div>\n<style type=\"text\/css\">\r\n       .errordiv { padding:10px; margin:10px; border: 1px solid #555555;color: #000000;background-color: #f8f8f8; width:500px; }#haWidget {visibility:visible;opacity:1;vertical-align:top;}.ai-info-bottom-iframe { position: fixed; z-index: 10000; bottom:0; left: 0; margin: 0px; text-align: center; width: 100%; background-color: #ff9999; padding-left: 5px;padding-bottom: 5px; border-top: 1px solid #aaa } a.ai-bold {font-weight: bold;}#ai-layer-div-haWidget p {height:100%;margin:0;padding:0}\r\n  .ai-fullscreen {\r\n    position:fixed;\r\n\tz-index:9000 !important;\r\n\ttop:0px !important;\r\n\tleft:0px !important;\r\n\tmargin:0px !important;\r\n\twidth:100% !important;\r\n\theight:100% !important;\r\n  }<\/style><script type=\"text\/javascript\">var ai_iframe_width_haWidget = 0;var ai_iframe_height_haWidget = 0;var aiIsIe8=false;var aiOnloadScrollTop=\"true\";var aiShowDebug=false;\r\n\t\tif (typeof aiReadyCallbacks === 'undefined') {\r\n\t\t\tvar aiReadyCallbacks = [];  \r\n\t\t} else if (!(aiReadyCallbacks instanceof Array)) {\r\n\t\t\tvar aiReadyCallbacks = [];\r\n\t\t}    function aiShowIframeId(id_iframe) { jQuery(\"#\"+id_iframe).css(\"visibility\", \"visible\");    }    function aiResizeIframeHeight(height) { aiResizeIframeHeight(height,haWidget); }    function aiResizeIframeHeightId(height,width,id) {aiResizeIframeHeightById(id,height);}<\/script><iframe id=\"haWidget\"  name=\"haWidget\"  src=\"\/\/www.tinywebgallery.com\/blog\/advanced-iframe\"  width=\"100%\"  height=\"600\"  frameborder=\"0\"  allowtransparency=\"true\"  loading=\"lazy\"  style=\"width: 100%; height: 70px; border: none;\" ><\/iframe><script type=\"text\/javascript\">var ifrm_haWidget = document.getElementById(\"haWidget\");var hiddenTabsDonehaWidget = false;\r\nfunction resizeCallbackhaWidget() {}<\/script><script type=\"text\/javascript\"><\/script>\n","protected":false},"excerpt":{"rendered":"<p>ENSEMBLE POUR AGIR EN FAVEUR DE NOTRE ENVIRONNEMENT \ud83c\udf0e \u00a0 Devenir membre de la Maison de l&rsquo;Ecologie Provence, c&rsquo;est \u0153uvrer\u00a0pour la pr\u00e9servation de l&rsquo;environnement par l&rsquo;\u00e9ducation et la sensibilisation de tous. Fortement impliqu\u00e9e aupr\u00e8s des enfants et des jeunes g\u00e9n\u00e9rations, l&rsquo;association compte sur vous pour poursuivre ses actions d&rsquo;\u00e9ducation \u00e0 l&rsquo;environnement. Quel que soit votre&hellip; <br \/> <a class=\"button small blue\" href=\"https:\/\/www.ecologieprovence.org\/index.php\/adhesions\/\">Lire la suite<\/a><\/p>\n","protected":false},"author":1,"featured_media":0,"parent":0,"menu_order":0,"comment_status":"closed","ping_status":"closed","template":"","meta":[],"yoast_head":"<!-- This site is optimized with the Yoast SEO plugin v19.7.1 - https:\/\/yoast.com\/wordpress\/plugins\/seo\/ -->\n<title>Adh\u00e9sions &bull; Maison Ecologie Provence<\/title>\n<meta name=\"robots\" content=\"index, follow, max-snippet:-1, max-image-preview:large, max-video-preview:-1\" \/>\n<link rel=\"canonical\" href=\"https:\/\/www.ecologieprovence.org\/index.php\/adhesions\/\" \/>\n<meta property=\"og:locale\" content=\"fr_FR\" \/>\n<meta property=\"og:type\" content=\"article\" \/>\n<meta property=\"og:title\" content=\"Adh\u00e9sions &bull; Maison Ecologie Provence\" \/>\n<meta property=\"og:description\" content=\"ENSEMBLE POUR AGIR EN FAVEUR DE NOTRE ENVIRONNEMENT \ud83c\udf0e \u00a0 Devenir membre de la Maison de l&rsquo;Ecologie Provence, c&rsquo;est \u0153uvrer\u00a0pour la pr\u00e9servation de l&rsquo;environnement par l&rsquo;\u00e9ducation et la sensibilisation de tous. Fortement impliqu\u00e9e aupr\u00e8s des enfants et des jeunes g\u00e9n\u00e9rations, l&rsquo;association compte sur vous pour poursuivre ses actions d&rsquo;\u00e9ducation \u00e0 l&rsquo;environnement. Quel que soit votre&hellip; Lire la suite\" \/>\n<meta property=\"og:url\" content=\"https:\/\/www.ecologieprovence.org\/index.php\/adhesions\/\" \/>\n<meta property=\"og:site_name\" content=\"Maison Ecologie Provence\" \/>\n<meta property=\"article:publisher\" content=\"https:\/\/www.facebook.com\/maisonecologieprovence\/\" \/>\n<meta property=\"article:modified_time\" content=\"2020-07-07T15:05:55+00:00\" \/>\n<meta property=\"og:image\" content=\"http:\/\/ecologieprovence.org\/wp-content\/uploads\/2020\/07\/tape-1.png\" \/>\n<meta name=\"twitter:card\" content=\"summary_large_image\" \/>\n<meta name=\"twitter:label1\" content=\"Dur\u00e9e de lecture estim\u00e9e\" \/>\n\t<meta name=\"twitter:data1\" content=\"1 minute\" \/>\n<script type=\"application\/ld+json\" class=\"yoast-schema-graph\">{\"@context\":\"https:\/\/schema.org\",\"@graph\":[{\"@type\":\"WebPage\",\"@id\":\"https:\/\/www.ecologieprovence.org\/index.php\/adhesions\/\",\"url\":\"https:\/\/www.ecologieprovence.org\/index.php\/adhesions\/\",\"name\":\"Adh\u00e9sions &bull; Maison Ecologie Provence\",\"isPartOf\":{\"@id\":\"https:\/\/www.ecologieprovence.org\/#website\"},\"datePublished\":\"2019-10-11T12:38:56+00:00\",\"dateModified\":\"2020-07-07T15:05:55+00:00\",\"breadcrumb\":{\"@id\":\"https:\/\/www.ecologieprovence.org\/index.php\/adhesions\/#breadcrumb\"},\"inLanguage\":\"fr-FR\",\"potentialAction\":[{\"@type\":\"ReadAction\",\"target\":[\"https:\/\/www.ecologieprovence.org\/index.php\/adhesions\/\"]}]},{\"@type\":\"BreadcrumbList\",\"@id\":\"https:\/\/www.ecologieprovence.org\/index.php\/adhesions\/#breadcrumb\",\"itemListElement\":[{\"@type\":\"ListItem\",\"position\":1,\"name\":\"Accueil\",\"item\":\"https:\/\/www.ecologieprovence.org\/\"},{\"@type\":\"ListItem\",\"position\":2,\"name\":\"Adh\u00e9sions\"}]},{\"@type\":\"WebSite\",\"@id\":\"https:\/\/www.ecologieprovence.org\/#website\",\"url\":\"https:\/\/www.ecologieprovence.org\/\",\"name\":\"Maison Ecologie Provence\",\"description\":\"\",\"publisher\":{\"@id\":\"https:\/\/www.ecologieprovence.org\/#organization\"},\"potentialAction\":[{\"@type\":\"SearchAction\",\"target\":{\"@type\":\"EntryPoint\",\"urlTemplate\":\"https:\/\/www.ecologieprovence.org\/?s={search_term_string}\"},\"query-input\":\"required name=search_term_string\"}],\"inLanguage\":\"fr-FR\"},{\"@type\":\"Organization\",\"@id\":\"https:\/\/www.ecologieprovence.org\/#organization\",\"name\":\"Maison de L'Ecologie de Provence\",\"url\":\"https:\/\/www.ecologieprovence.org\/\",\"sameAs\":[\"https:\/\/www.linkedin.com\/company\/maison-de-l-ecologie-de-provence\",\"https:\/\/www.youtube.com\/channel\/UCLaOSLMkLPs5ge-JOo8-QeA\",\"https:\/\/www.facebook.com\/maisonecologieprovence\/\"],\"logo\":{\"@type\":\"ImageObject\",\"inLanguage\":\"fr-FR\",\"@id\":\"https:\/\/www.ecologieprovence.org\/#\/schema\/logo\/image\/\",\"url\":\"http:\/\/ecologieprovence.org\/wp-content\/uploads\/2019\/05\/v23-72-PPI.png\",\"contentUrl\":\"http:\/\/ecologieprovence.org\/wp-content\/uploads\/2019\/05\/v23-72-PPI.png\",\"width\":1004,\"height\":403,\"caption\":\"Maison de L'Ecologie de Provence\"},\"image\":{\"@id\":\"https:\/\/www.ecologieprovence.org\/#\/schema\/logo\/image\/\"}}]}<\/script>\n<!-- \/ Yoast SEO plugin. -->","yoast_head_json":{"title":"Adh\u00e9sions &bull; Maison Ecologie Provence","robots":{"index":"index","follow":"follow","max-snippet":"max-snippet:-1","max-image-preview":"max-image-preview:large","max-video-preview":"max-video-preview:-1"},"canonical":"https:\/\/www.ecologieprovence.org\/index.php\/adhesions\/","og_locale":"fr_FR","og_type":"article","og_title":"Adh\u00e9sions &bull; Maison Ecologie Provence","og_description":"ENSEMBLE POUR AGIR EN FAVEUR DE NOTRE ENVIRONNEMENT \ud83c\udf0e \u00a0 Devenir membre de la Maison de l&rsquo;Ecologie Provence, c&rsquo;est \u0153uvrer\u00a0pour la pr\u00e9servation de l&rsquo;environnement par l&rsquo;\u00e9ducation et la sensibilisation de tous. Fortement impliqu\u00e9e aupr\u00e8s des enfants et des jeunes g\u00e9n\u00e9rations, l&rsquo;association compte sur vous pour poursuivre ses actions d&rsquo;\u00e9ducation \u00e0 l&rsquo;environnement. Quel que soit votre&hellip; Lire la suite","og_url":"https:\/\/www.ecologieprovence.org\/index.php\/adhesions\/","og_site_name":"Maison Ecologie Provence","article_publisher":"https:\/\/www.facebook.com\/maisonecologieprovence\/","article_modified_time":"2020-07-07T15:05:55+00:00","og_image":[{"url":"http:\/\/ecologieprovence.org\/wp-content\/uploads\/2020\/07\/tape-1.png"}],"twitter_card":"summary_large_image","twitter_misc":{"Dur\u00e9e de lecture estim\u00e9e":"1 minute"},"schema":{"@context":"https:\/\/schema.org","@graph":[{"@type":"WebPage","@id":"https:\/\/www.ecologieprovence.org\/index.php\/adhesions\/","url":"https:\/\/www.ecologieprovence.org\/index.php\/adhesions\/","name":"Adh\u00e9sions &bull; Maison Ecologie Provence","isPartOf":{"@id":"https:\/\/www.ecologieprovence.org\/#website"},"datePublished":"2019-10-11T12:38:56+00:00","dateModified":"2020-07-07T15:05:55+00:00","breadcrumb":{"@id":"https:\/\/www.ecologieprovence.org\/index.php\/adhesions\/#breadcrumb"},"inLanguage":"fr-FR","potentialAction":[{"@type":"ReadAction","target":["https:\/\/www.ecologieprovence.org\/index.php\/adhesions\/"]}]},{"@type":"BreadcrumbList","@id":"https:\/\/www.ecologieprovence.org\/index.php\/adhesions\/#breadcrumb","itemListElement":[{"@type":"ListItem","position":1,"name":"Accueil","item":"https:\/\/www.ecologieprovence.org\/"},{"@type":"ListItem","position":2,"name":"Adh\u00e9sions"}]},{"@type":"WebSite","@id":"https:\/\/www.ecologieprovence.org\/#website","url":"https:\/\/www.ecologieprovence.org\/","name":"Maison Ecologie Provence","description":"","publisher":{"@id":"https:\/\/www.ecologieprovence.org\/#organization"},"potentialAction":[{"@type":"SearchAction","target":{"@type":"EntryPoint","urlTemplate":"https:\/\/www.ecologieprovence.org\/?s={search_term_string}"},"query-input":"required name=search_term_string"}],"inLanguage":"fr-FR"},{"@type":"Organization","@id":"https:\/\/www.ecologieprovence.org\/#organization","name":"Maison de L'Ecologie de Provence","url":"https:\/\/www.ecologieprovence.org\/","sameAs":["https:\/\/www.linkedin.com\/company\/maison-de-l-ecologie-de-provence","https:\/\/www.youtube.com\/channel\/UCLaOSLMkLPs5ge-JOo8-QeA","https:\/\/www.facebook.com\/maisonecologieprovence\/"],"logo":{"@type":"ImageObject","inLanguage":"fr-FR","@id":"https:\/\/www.ecologieprovence.org\/#\/schema\/logo\/image\/","url":"http:\/\/ecologieprovence.org\/wp-content\/uploads\/2019\/05\/v23-72-PPI.png","contentUrl":"http:\/\/ecologieprovence.org\/wp-content\/uploads\/2019\/05\/v23-72-PPI.png","width":1004,"height":403,"caption":"Maison de L'Ecologie de Provence"},"image":{"@id":"https:\/\/www.ecologieprovence.org\/#\/schema\/logo\/image\/"}}]}},"_links":{"self":[{"href":"https:\/\/www.ecologieprovence.org\/index.php\/wp-json\/wp\/v2\/pages\/955"}],"collection":[{"href":"https:\/\/www.ecologieprovence.org\/index.php\/wp-json\/wp\/v2\/pages"}],"about":[{"href":"https:\/\/www.ecologieprovence.org\/index.php\/wp-json\/wp\/v2\/types\/page"}],"author":[{"embeddable":true,"href":"https:\/\/www.ecologieprovence.org\/index.php\/wp-json\/wp\/v2\/users\/1"}],"replies":[{"embeddable":true,"href":"https:\/\/www.ecologieprovence.org\/index.php\/wp-json\/wp\/v2\/comments?post=955"}],"version-history":[{"count":18,"href":"https:\/\/www.ecologieprovence.org\/index.php\/wp-json\/wp\/v2\/pages\/955\/revisions"}],"predecessor-version":[{"id":1445,"href":"https:\/\/www.ecologieprovence.org\/index.php\/wp-json\/wp\/v2\/pages\/955\/revisions\/1445"}],"wp:attachment":[{"href":"https:\/\/www.ecologieprovence.org\/index.php\/wp-json\/wp\/v2\/media?parent=955"}],"curies":[{"name":"wp","href":"https:\/\/api.w.org\/{rel}","templated":true}]}}