{"id":963,"date":"2019-10-23T16:05:26","date_gmt":"2019-10-23T14:05:26","guid":{"rendered":"http:\/\/ecologieprovence.org\/?page_id=963"},"modified":"2020-02-21T10:58:55","modified_gmt":"2020-02-21T09:58:55","slug":"benevolat","status":"publish","type":"page","link":"https:\/\/www.ecologieprovence.org\/index.php\/benevolat\/","title":{"rendered":"B\u00e9n\u00e9volat"},"content":{"rendered":"<p><span style=\"font-size: 18pt; color: #008080;\"><strong>Devenez b\u00e9n\u00e9vole pour la Maison de l&rsquo;\u00c9cologie Provence !<\/strong><\/span><\/p>\n<p>&nbsp;<\/p>\n<header class=\"post-head columns small-12\">Vous souhaitez vous engager en faveur de l&rsquo;<span style=\"color: #008080;\">environnement<\/span> ? Rejoignez nous en tant que <span style=\"color: #008080;\">b\u00e9n\u00e9vole<\/span> !<\/header>\n<p>&nbsp;<\/p>\n<header class=\"post-head columns small-12\">Tout au long de l&rsquo;ann\u00e9e, les besoins de l&rsquo;association sont <span style=\"color: #008080;\">vari\u00e9s<\/span> : que ce soit pour l&rsquo;\u00e9laboration de nos diff\u00e9rents projets, la pr\u00e9paration des interventions en \u00e9cole, la r\u00e9alisation de vid\u00e9os ou encore le fonctionnement de l&rsquo;association, votre aide sera toujours la bienvenue ! \ud83d\ude00<\/header>\n<header><\/header>\n<header><span style=\"color: #33cccc;\">Vous pourrez \u00e9galement participer \u00e0 nos activit\u00e9s et sorties \ud83d\ude09<\/span><\/header>\n<p>&nbsp;<\/p>\n<header>Pour toute demande de b\u00e9n\u00e9volat, rendez vous sur notre page <a href=\"http:\/\/ecologieprovence.org\/index.php\/contact\/\">Contact<\/a><\/header>\n","protected":false},"excerpt":{"rendered":"<p>Devenez b\u00e9n\u00e9vole pour la Maison de l&rsquo;\u00c9cologie Provence ! &nbsp; Vous souhaitez vous engager en faveur de l&rsquo;environnement ? Rejoignez nous en tant que b\u00e9n\u00e9vole ! &nbsp; Tout au long de l&rsquo;ann\u00e9e, les besoins de l&rsquo;association sont vari\u00e9s : que ce soit pour l&rsquo;\u00e9laboration de nos diff\u00e9rents projets, la pr\u00e9paration des interventions en \u00e9cole, la&hellip; <br \/> <a class=\"button small blue\" href=\"https:\/\/www.ecologieprovence.org\/index.php\/benevolat\/\">Lire la suite<\/a><\/p>\n","protected":false},"author":1,"featured_media":0,"parent":0,"menu_order":0,"comment_status":"closed","ping_status":"closed","template":"","meta":[],"yoast_head":"<!-- This site is optimized with the Yoast SEO plugin v19.7.1 - https:\/\/yoast.com\/wordpress\/plugins\/seo\/ -->\n<title>B\u00e9n\u00e9volat &bull; Maison Ecologie Provence<\/title>\n<meta name=\"robots\" content=\"index, follow, max-snippet:-1, max-image-preview:large, max-video-preview:-1\" \/>\n<link rel=\"canonical\" href=\"https:\/\/www.ecologieprovence.org\/index.php\/benevolat\/\" \/>\n<meta property=\"og:locale\" content=\"fr_FR\" \/>\n<meta property=\"og:type\" content=\"article\" \/>\n<meta property=\"og:title\" content=\"B\u00e9n\u00e9volat &bull; Maison Ecologie Provence\" \/>\n<meta property=\"og:description\" content=\"Devenez b\u00e9n\u00e9vole pour la Maison de l&rsquo;\u00c9cologie Provence ! &nbsp; Vous souhaitez vous engager en faveur de l&rsquo;environnement ? Rejoignez nous en tant que b\u00e9n\u00e9vole ! &nbsp; Tout au long de l&rsquo;ann\u00e9e, les besoins de l&rsquo;association sont vari\u00e9s : que ce soit pour l&rsquo;\u00e9laboration de nos diff\u00e9rents projets, la pr\u00e9paration des interventions en \u00e9cole, la&hellip; Lire la suite\" \/>\n<meta property=\"og:url\" content=\"https:\/\/www.ecologieprovence.org\/index.php\/benevolat\/\" \/>\n<meta property=\"og:site_name\" content=\"Maison Ecologie Provence\" \/>\n<meta property=\"article:publisher\" content=\"https:\/\/www.facebook.com\/maisonecologieprovence\/\" \/>\n<meta property=\"article:modified_time\" content=\"2020-02-21T09:58:55+00:00\" \/>\n<meta name=\"twitter:card\" content=\"summary_large_image\" \/>\n<meta name=\"twitter:label1\" content=\"Dur\u00e9e de lecture estim\u00e9e\" \/>\n\t<meta name=\"twitter:data1\" content=\"1 minute\" \/>\n<script type=\"application\/ld+json\" class=\"yoast-schema-graph\">{\"@context\":\"https:\/\/schema.org\",\"@graph\":[{\"@type\":\"WebPage\",\"@id\":\"https:\/\/www.ecologieprovence.org\/index.php\/benevolat\/\",\"url\":\"https:\/\/www.ecologieprovence.org\/index.php\/benevolat\/\",\"name\":\"B\u00e9n\u00e9volat &bull; Maison Ecologie Provence\",\"isPartOf\":{\"@id\":\"https:\/\/www.ecologieprovence.org\/#website\"},\"datePublished\":\"2019-10-23T14:05:26+00:00\",\"dateModified\":\"2020-02-21T09:58:55+00:00\",\"breadcrumb\":{\"@id\":\"https:\/\/www.ecologieprovence.org\/index.php\/benevolat\/#breadcrumb\"},\"inLanguage\":\"fr-FR\",\"potentialAction\":[{\"@type\":\"ReadAction\",\"target\":[\"https:\/\/www.ecologieprovence.org\/index.php\/benevolat\/\"]}]},{\"@type\":\"BreadcrumbList\",\"@id\":\"https:\/\/www.ecologieprovence.org\/index.php\/benevolat\/#breadcrumb\",\"itemListElement\":[{\"@type\":\"ListItem\",\"position\":1,\"name\":\"Accueil\",\"item\":\"https:\/\/www.ecologieprovence.org\/\"},{\"@type\":\"ListItem\",\"position\":2,\"name\":\"B\u00e9n\u00e9volat\"}]},{\"@type\":\"WebSite\",\"@id\":\"https:\/\/www.ecologieprovence.org\/#website\",\"url\":\"https:\/\/www.ecologieprovence.org\/\",\"name\":\"Maison Ecologie Provence\",\"description\":\"\",\"publisher\":{\"@id\":\"https:\/\/www.ecologieprovence.org\/#organization\"},\"potentialAction\":[{\"@type\":\"SearchAction\",\"target\":{\"@type\":\"EntryPoint\",\"urlTemplate\":\"https:\/\/www.ecologieprovence.org\/?s={search_term_string}\"},\"query-input\":\"required name=search_term_string\"}],\"inLanguage\":\"fr-FR\"},{\"@type\":\"Organization\",\"@id\":\"https:\/\/www.ecologieprovence.org\/#organization\",\"name\":\"Maison de L'Ecologie de Provence\",\"url\":\"https:\/\/www.ecologieprovence.org\/\",\"sameAs\":[\"https:\/\/www.linkedin.com\/company\/maison-de-l-ecologie-de-provence\",\"https:\/\/www.youtube.com\/channel\/UCLaOSLMkLPs5ge-JOo8-QeA\",\"https:\/\/www.facebook.com\/maisonecologieprovence\/\"],\"logo\":{\"@type\":\"ImageObject\",\"inLanguage\":\"fr-FR\",\"@id\":\"https:\/\/www.ecologieprovence.org\/#\/schema\/logo\/image\/\",\"url\":\"http:\/\/ecologieprovence.org\/wp-content\/uploads\/2019\/05\/v23-72-PPI.png\",\"contentUrl\":\"http:\/\/ecologieprovence.org\/wp-content\/uploads\/2019\/05\/v23-72-PPI.png\",\"width\":1004,\"height\":403,\"caption\":\"Maison de L'Ecologie de Provence\"},\"image\":{\"@id\":\"https:\/\/www.ecologieprovence.org\/#\/schema\/logo\/image\/\"}}]}<\/script>\n<!-- \/ Yoast SEO plugin. -->","yoast_head_json":{"title":"B\u00e9n\u00e9volat &bull; Maison Ecologie Provence","robots":{"index":"index","follow":"follow","max-snippet":"max-snippet:-1","max-image-preview":"max-image-preview:large","max-video-preview":"max-video-preview:-1"},"canonical":"https:\/\/www.ecologieprovence.org\/index.php\/benevolat\/","og_locale":"fr_FR","og_type":"article","og_title":"B\u00e9n\u00e9volat &bull; Maison Ecologie Provence","og_description":"Devenez b\u00e9n\u00e9vole pour la Maison de l&rsquo;\u00c9cologie Provence ! &nbsp; Vous souhaitez vous engager en faveur de l&rsquo;environnement ? Rejoignez nous en tant que b\u00e9n\u00e9vole ! &nbsp; Tout au long de l&rsquo;ann\u00e9e, les besoins de l&rsquo;association sont vari\u00e9s : que ce soit pour l&rsquo;\u00e9laboration de nos diff\u00e9rents projets, la pr\u00e9paration des interventions en \u00e9cole, la&hellip; Lire la suite","og_url":"https:\/\/www.ecologieprovence.org\/index.php\/benevolat\/","og_site_name":"Maison Ecologie Provence","article_publisher":"https:\/\/www.facebook.com\/maisonecologieprovence\/","article_modified_time":"2020-02-21T09:58:55+00:00","twitter_card":"summary_large_image","twitter_misc":{"Dur\u00e9e de lecture estim\u00e9e":"1 minute"},"schema":{"@context":"https:\/\/schema.org","@graph":[{"@type":"WebPage","@id":"https:\/\/www.ecologieprovence.org\/index.php\/benevolat\/","url":"https:\/\/www.ecologieprovence.org\/index.php\/benevolat\/","name":"B\u00e9n\u00e9volat &bull; Maison Ecologie Provence","isPartOf":{"@id":"https:\/\/www.ecologieprovence.org\/#website"},"datePublished":"2019-10-23T14:05:26+00:00","dateModified":"2020-02-21T09:58:55+00:00","breadcrumb":{"@id":"https:\/\/www.ecologieprovence.org\/index.php\/benevolat\/#breadcrumb"},"inLanguage":"fr-FR","potentialAction":[{"@type":"ReadAction","target":["https:\/\/www.ecologieprovence.org\/index.php\/benevolat\/"]}]},{"@type":"BreadcrumbList","@id":"https:\/\/www.ecologieprovence.org\/index.php\/benevolat\/#breadcrumb","itemListElement":[{"@type":"ListItem","position":1,"name":"Accueil","item":"https:\/\/www.ecologieprovence.org\/"},{"@type":"ListItem","position":2,"name":"B\u00e9n\u00e9volat"}]},{"@type":"WebSite","@id":"https:\/\/www.ecologieprovence.org\/#website","url":"https:\/\/www.ecologieprovence.org\/","name":"Maison Ecologie Provence","description":"","publisher":{"@id":"https:\/\/www.ecologieprovence.org\/#organization"},"potentialAction":[{"@type":"SearchAction","target":{"@type":"EntryPoint","urlTemplate":"https:\/\/www.ecologieprovence.org\/?s={search_term_string}"},"query-input":"required name=search_term_string"}],"inLanguage":"fr-FR"},{"@type":"Organization","@id":"https:\/\/www.ecologieprovence.org\/#organization","name":"Maison de L'Ecologie de Provence","url":"https:\/\/www.ecologieprovence.org\/","sameAs":["https:\/\/www.linkedin.com\/company\/maison-de-l-ecologie-de-provence","https:\/\/www.youtube.com\/channel\/UCLaOSLMkLPs5ge-JOo8-QeA","https:\/\/www.facebook.com\/maisonecologieprovence\/"],"logo":{"@type":"ImageObject","inLanguage":"fr-FR","@id":"https:\/\/www.ecologieprovence.org\/#\/schema\/logo\/image\/","url":"http:\/\/ecologieprovence.org\/wp-content\/uploads\/2019\/05\/v23-72-PPI.png","contentUrl":"http:\/\/ecologieprovence.org\/wp-content\/uploads\/2019\/05\/v23-72-PPI.png","width":1004,"height":403,"caption":"Maison de L'Ecologie de Provence"},"image":{"@id":"https:\/\/www.ecologieprovence.org\/#\/schema\/logo\/image\/"}}]}},"_links":{"self":[{"href":"https:\/\/www.ecologieprovence.org\/index.php\/wp-json\/wp\/v2\/pages\/963"}],"collection":[{"href":"https:\/\/www.ecologieprovence.org\/index.php\/wp-json\/wp\/v2\/pages"}],"about":[{"href":"https:\/\/www.ecologieprovence.org\/index.php\/wp-json\/wp\/v2\/types\/page"}],"author":[{"embeddable":true,"href":"https:\/\/www.ecologieprovence.org\/index.php\/wp-json\/wp\/v2\/users\/1"}],"replies":[{"embeddable":true,"href":"https:\/\/www.ecologieprovence.org\/index.php\/wp-json\/wp\/v2\/comments?post=963"}],"version-history":[{"count":7,"href":"https:\/\/www.ecologieprovence.org\/index.php\/wp-json\/wp\/v2\/pages\/963\/revisions"}],"predecessor-version":[{"id":1286,"href":"https:\/\/www.ecologieprovence.org\/index.php\/wp-json\/wp\/v2\/pages\/963\/revisions\/1286"}],"wp:attachment":[{"href":"https:\/\/www.ecologieprovence.org\/index.php\/wp-json\/wp\/v2\/media?parent=963"}],"curies":[{"name":"wp","href":"https:\/\/api.w.org\/{rel}","templated":true}]}}